{"id":19847,"date":"2022-12-13T22:26:56","date_gmt":"2022-12-13T22:26:56","guid":{"rendered":"https:\/\/energystudio-agency.ro\/demo15\/?post_type=product&#038;p=19847"},"modified":"2022-12-13T23:10:52","modified_gmt":"2022-12-13T23:10:52","slug":"circleye-complex-crema-de-ochi-15-ml","status":"publish","type":"product","link":"https:\/\/energystudio-agency.ro\/demo15\/shop\/ingrijire-personala-cosmetice\/ingrijire-ten\/cearcane\/circleye-complex-crema-de-ochi-15-ml\/","title":{"rendered":"CirclEye Complex -Crem\u0103 de ochi 15 ml"},"content":{"rendered":"<p>Reduce ridurile fine \u0219i cearcanele. Formul\u0103 inovatoare extras\u0103 din CITRUSTEM\u00a0destinat\u0103 \u00een special pentru zona din jurul ochilor, regenereaz\u0103 celulele ale pielii, accelereaz\u0103 re\u00eenoirea celulelor, astfel \u00eencetinind procesul de \u00eemb\u0103tr\u00e2nire a pielii, av\u00e2nd ac\u021biune de prevenire \u0219i protec\u021bie.<\/p>\n","protected":false},"excerpt":{"rendered":"<p>Crem\u0103 cu efect de lifting instant pentru pielea din jurul ochilor<\/p>\n","protected":false},"featured_media":19953,"comment_status":"open","ping_status":"closed","template":"","meta":[],"etheme_brands":[],"product_cat":[740,739],"product_tag":[741,742,835,745],"class_list":{"0":"post-19847","1":"product","2":"type-product","3":"status-publish","4":"has-post-thumbnail","6":"product_cat-cearcane","7":"product_cat-ingrijire-ten","8":"product_tag-cearcane","9":"product_tag-crema-de-ochi","10":"product_tag-ser-de-ochi","11":"product_tag-zona-din-jurul-ochilor","13":"first","14":"instock","15":"shipping-taxable","16":"purchasable","17":"product-type-simple"},"_links":{"self":[{"href":"https:\/\/energystudio-agency.ro\/demo15\/wp-json\/wp\/v2\/product\/19847","targetHints":{"allow":["GET"]}}],"collection":[{"href":"https:\/\/energystudio-agency.ro\/demo15\/wp-json\/wp\/v2\/product"}],"about":[{"href":"https:\/\/energystudio-agency.ro\/demo15\/wp-json\/wp\/v2\/types\/product"}],"replies":[{"embeddable":true,"href":"https:\/\/energystudio-agency.ro\/demo15\/wp-json\/wp\/v2\/comments?post=19847"}],"version-history":[{"count":1,"href":"https:\/\/energystudio-agency.ro\/demo15\/wp-json\/wp\/v2\/product\/19847\/revisions"}],"predecessor-version":[{"id":19954,"href":"https:\/\/energystudio-agency.ro\/demo15\/wp-json\/wp\/v2\/product\/19847\/revisions\/19954"}],"wp:featuredmedia":[{"embeddable":true,"href":"https:\/\/energystudio-agency.ro\/demo15\/wp-json\/wp\/v2\/media\/19953"}],"wp:attachment":[{"href":"https:\/\/energystudio-agency.ro\/demo15\/wp-json\/wp\/v2\/media?parent=19847"}],"wp:term":[{"taxonomy":"brand","embeddable":true,"href":"https:\/\/energystudio-agency.ro\/demo15\/wp-json\/wp\/v2\/etheme_brands?post=19847"},{"taxonomy":"product_cat","embeddable":true,"href":"https:\/\/energystudio-agency.ro\/demo15\/wp-json\/wp\/v2\/product_cat?post=19847"},{"taxonomy":"product_tag","embeddable":true,"href":"https:\/\/energystudio-agency.ro\/demo15\/wp-json\/wp\/v2\/product_tag?post=19847"}],"curies":[{"name":"wp","href":"https:\/\/api.w.org\/{rel}","templated":true}]}}