{"id":19848,"date":"2022-12-13T22:26:56","date_gmt":"2022-12-13T22:26:56","guid":{"rendered":"https:\/\/energystudio-agency.ro\/demo15\/?post_type=product&#038;p=19848"},"modified":"2022-12-13T23:10:52","modified_gmt":"2022-12-13T23:10:52","slug":"acnoless-crema-anti-acnee-30-ml","status":"publish","type":"product","link":"https:\/\/energystudio-agency.ro\/demo15\/shop\/ingrijire-personala-cosmetice\/ingrijire-ten\/acnee\/acnoless-crema-anti-acnee-30-ml\/","title":{"rendered":"AcnoLess crem\u0103 anti acnee 30 ml"},"content":{"rendered":"<p>Conceput pentru a combate acneea, petele, erup\u021biile, imperfec\u021biunile pielii \u0219i textura sa neuniform\u0103.Are un efect comedolitic: inhib\u0103 formarea comedoanelor, confer\u0103 un aspect s\u0103n\u0103tos f\u0103r\u0103 imperfec\u021biuni (puncte negre \u0219i ro\u0219ea\u021b\u0103 existent\u0103).<\/p>\n","protected":false},"excerpt":{"rendered":"<p>Crem\u0103-gel cu efect matifiant, purifiant \u0219i astringent<\/p>\n","protected":false},"featured_media":19955,"comment_status":"open","ping_status":"closed","template":"","meta":[],"etheme_brands":[],"product_cat":[812,739],"product_tag":[814,836,837,838,839,840,841,805],"class_list":{"0":"post-19848","1":"product","2":"type-product","3":"status-publish","4":"has-post-thumbnail","6":"product_cat-acnee","7":"product_cat-ingrijire-ten","8":"product_tag-acnee","9":"product_tag-antiacneic","10":"product_tag-celule-stem","11":"product_tag-cosuri","12":"product_tag-crema-acnee","13":"product_tag-crema-pentru-cosuri","14":"product_tag-puncte-negre","15":"product_tag-vitamina-a","17":"first","18":"instock","19":"shipping-taxable","20":"purchasable","21":"product-type-simple"},"_links":{"self":[{"href":"https:\/\/energystudio-agency.ro\/demo15\/wp-json\/wp\/v2\/product\/19848","targetHints":{"allow":["GET"]}}],"collection":[{"href":"https:\/\/energystudio-agency.ro\/demo15\/wp-json\/wp\/v2\/product"}],"about":[{"href":"https:\/\/energystudio-agency.ro\/demo15\/wp-json\/wp\/v2\/types\/product"}],"replies":[{"embeddable":true,"href":"https:\/\/energystudio-agency.ro\/demo15\/wp-json\/wp\/v2\/comments?post=19848"}],"version-history":[{"count":1,"href":"https:\/\/energystudio-agency.ro\/demo15\/wp-json\/wp\/v2\/product\/19848\/revisions"}],"predecessor-version":[{"id":19956,"href":"https:\/\/energystudio-agency.ro\/demo15\/wp-json\/wp\/v2\/product\/19848\/revisions\/19956"}],"wp:featuredmedia":[{"embeddable":true,"href":"https:\/\/energystudio-agency.ro\/demo15\/wp-json\/wp\/v2\/media\/19955"}],"wp:attachment":[{"href":"https:\/\/energystudio-agency.ro\/demo15\/wp-json\/wp\/v2\/media?parent=19848"}],"wp:term":[{"taxonomy":"brand","embeddable":true,"href":"https:\/\/energystudio-agency.ro\/demo15\/wp-json\/wp\/v2\/etheme_brands?post=19848"},{"taxonomy":"product_cat","embeddable":true,"href":"https:\/\/energystudio-agency.ro\/demo15\/wp-json\/wp\/v2\/product_cat?post=19848"},{"taxonomy":"product_tag","embeddable":true,"href":"https:\/\/energystudio-agency.ro\/demo15\/wp-json\/wp\/v2\/product_tag?post=19848"}],"curies":[{"name":"wp","href":"https:\/\/api.w.org\/{rel}","templated":true}]}}