{"id":19849,"date":"2022-12-13T22:26:56","date_gmt":"2022-12-13T22:26:56","guid":{"rendered":"https:\/\/energystudio-agency.ro\/demo15\/?post_type=product&#038;p=19849"},"modified":"2022-12-13T23:10:52","modified_gmt":"2022-12-13T23:10:52","slug":"gel-exfoliant-30ml","status":"publish","type":"product","link":"https:\/\/energystudio-agency.ro\/demo15\/shop\/ingrijire-personala-cosmetice\/ingrijire-ten\/exfoliant\/gel-exfoliant-30ml\/","title":{"rendered":"Gel exfoliant 30ml"},"content":{"rendered":"<p>Stimuleaz\u0103 oxigenarea \u0219i regenerarea pielii, uniformizeaz\u0103 textura \u0219i \u00eengusteaz\u0103 porii. Lupt\u0103 cu petele pigmentare \u0219i inflama\u021bia, fiind un puternic antioxidant. Este recomandat dup\u0103 demachiere \u00een tratamentele faciale, cu scop de a hidrata epidermul.<\/p>\n","protected":false},"excerpt":{"rendered":"<p>Gel exfoliant cu acizi din fructe, uniformizeaz\u0103 tenul instant<\/p>\n","protected":false},"featured_media":19957,"comment_status":"open","ping_status":"closed","template":"","meta":[],"etheme_brands":[],"product_cat":[813,739],"product_tag":[815,757,842],"class_list":{"0":"post-19849","1":"product","2":"type-product","3":"status-publish","4":"has-post-thumbnail","6":"product_cat-exfoliant","7":"product_cat-ingrijire-ten","8":"product_tag-exfoliant","9":"product_tag-hidratare","10":"product_tag-pentru-fata","12":"first","13":"instock","14":"shipping-taxable","15":"purchasable","16":"product-type-simple"},"_links":{"self":[{"href":"https:\/\/energystudio-agency.ro\/demo15\/wp-json\/wp\/v2\/product\/19849","targetHints":{"allow":["GET"]}}],"collection":[{"href":"https:\/\/energystudio-agency.ro\/demo15\/wp-json\/wp\/v2\/product"}],"about":[{"href":"https:\/\/energystudio-agency.ro\/demo15\/wp-json\/wp\/v2\/types\/product"}],"replies":[{"embeddable":true,"href":"https:\/\/energystudio-agency.ro\/demo15\/wp-json\/wp\/v2\/comments?post=19849"}],"version-history":[{"count":1,"href":"https:\/\/energystudio-agency.ro\/demo15\/wp-json\/wp\/v2\/product\/19849\/revisions"}],"predecessor-version":[{"id":19958,"href":"https:\/\/energystudio-agency.ro\/demo15\/wp-json\/wp\/v2\/product\/19849\/revisions\/19958"}],"wp:featuredmedia":[{"embeddable":true,"href":"https:\/\/energystudio-agency.ro\/demo15\/wp-json\/wp\/v2\/media\/19957"}],"wp:attachment":[{"href":"https:\/\/energystudio-agency.ro\/demo15\/wp-json\/wp\/v2\/media?parent=19849"}],"wp:term":[{"taxonomy":"brand","embeddable":true,"href":"https:\/\/energystudio-agency.ro\/demo15\/wp-json\/wp\/v2\/etheme_brands?post=19849"},{"taxonomy":"product_cat","embeddable":true,"href":"https:\/\/energystudio-agency.ro\/demo15\/wp-json\/wp\/v2\/product_cat?post=19849"},{"taxonomy":"product_tag","embeddable":true,"href":"https:\/\/energystudio-agency.ro\/demo15\/wp-json\/wp\/v2\/product_tag?post=19849"}],"curies":[{"name":"wp","href":"https:\/\/api.w.org\/{rel}","templated":true}]}}