{"id":19850,"date":"2022-12-13T22:26:56","date_gmt":"2022-12-13T22:26:56","guid":{"rendered":"https:\/\/energystudio-agency.ro\/demo15\/?post_type=product&#038;p=19850"},"modified":"2022-12-13T23:10:53","modified_gmt":"2022-12-13T23:10:53","slug":"hd-cream-gel-anticellulite-150ml","status":"publish","type":"product","link":"https:\/\/energystudio-agency.ro\/demo15\/shop\/ingrijire-personala-cosmetice\/ingrijire-corp\/celulita\/hd-cream-gel-anticellulite-150ml\/","title":{"rendered":"HD Cream Gel  Anticellulite 150ml"},"content":{"rendered":"<p>Gel-crem\u0103 cu ac\u021biune \u00eembun\u0103t\u0103\u021bit\u0103: are un efect lipolitic, drenant, proteolitic \u0219i antiinflamator.<\/p>\n","protected":false},"excerpt":{"rendered":"<p>Gel-crem\u0103 cu ac\u021biune \u00eembun\u0103t\u0103\u021bit\u0103: are un efect lipolitic, drenant, proteolitic \u0219i antiinflamator.<\/p>\n","protected":false},"featured_media":19959,"comment_status":"open","ping_status":"closed","template":"","meta":[],"etheme_brands":[],"product_cat":[843,844,820],"product_tag":[845,846,847,848],"class_list":{"0":"post-19850","1":"product","2":"type-product","3":"status-publish","4":"has-post-thumbnail","6":"product_cat-celulita","7":"product_cat-drenaj-limfatic","8":"product_cat-ingrijire-corp","9":"product_tag-anticelulitic","10":"product_tag-celulita","11":"product_tag-coaja-de-portocala","12":"product_tag-drenaj-limfatic","14":"first","15":"instock","16":"shipping-taxable","17":"purchasable","18":"product-type-simple"},"_links":{"self":[{"href":"https:\/\/energystudio-agency.ro\/demo15\/wp-json\/wp\/v2\/product\/19850","targetHints":{"allow":["GET"]}}],"collection":[{"href":"https:\/\/energystudio-agency.ro\/demo15\/wp-json\/wp\/v2\/product"}],"about":[{"href":"https:\/\/energystudio-agency.ro\/demo15\/wp-json\/wp\/v2\/types\/product"}],"replies":[{"embeddable":true,"href":"https:\/\/energystudio-agency.ro\/demo15\/wp-json\/wp\/v2\/comments?post=19850"}],"version-history":[{"count":1,"href":"https:\/\/energystudio-agency.ro\/demo15\/wp-json\/wp\/v2\/product\/19850\/revisions"}],"predecessor-version":[{"id":19960,"href":"https:\/\/energystudio-agency.ro\/demo15\/wp-json\/wp\/v2\/product\/19850\/revisions\/19960"}],"wp:featuredmedia":[{"embeddable":true,"href":"https:\/\/energystudio-agency.ro\/demo15\/wp-json\/wp\/v2\/media\/19959"}],"wp:attachment":[{"href":"https:\/\/energystudio-agency.ro\/demo15\/wp-json\/wp\/v2\/media?parent=19850"}],"wp:term":[{"taxonomy":"brand","embeddable":true,"href":"https:\/\/energystudio-agency.ro\/demo15\/wp-json\/wp\/v2\/etheme_brands?post=19850"},{"taxonomy":"product_cat","embeddable":true,"href":"https:\/\/energystudio-agency.ro\/demo15\/wp-json\/wp\/v2\/product_cat?post=19850"},{"taxonomy":"product_tag","embeddable":true,"href":"https:\/\/energystudio-agency.ro\/demo15\/wp-json\/wp\/v2\/product_tag?post=19850"}],"curies":[{"name":"wp","href":"https:\/\/api.w.org\/{rel}","templated":true}]}}