{"id":19918,"date":"2022-12-13T22:27:19","date_gmt":"2022-12-13T22:27:19","guid":{"rendered":"https:\/\/energystudio-agency.ro\/demo15\/?post_type=product&#038;p=19918"},"modified":"2022-12-13T23:10:48","modified_gmt":"2022-12-13T23:10:48","slug":"total-body-cream-200-ml","status":"publish","type":"product","link":"https:\/\/energystudio-agency.ro\/demo15\/shop\/ingrijire-personala-cosmetice\/ingrijire-corp\/hidratare-corp\/total-body-cream-200-ml\/","title":{"rendered":"Total Body Cream 200 ml"},"content":{"rendered":"<p>O emulsie corporal\u0103 catifelat\u0103 cu efect regenerant, hr\u0103nitor \u0219i ferm.<\/p>\n<p>Concentra\u021bia de extracte de Uttwiler Sp\u00e4tlauber\u00a0\u0219i Buddleja davidii face ca aceast\u0103 crem\u0103 s\u0103 fie potrivit\u0103 \u00een special pentru tratamentul pielii uscate.<\/p>\n<p>Datorit\u0103 absen\u021bei parabenilor, este eficient \u0219i \u00een tratamentul \u00eenainte \u0219i dup\u0103 na\u0219tere.<\/p>\n<p><strong>Ideal pentru toate tipurile de piele, \u00een special cele mai uscate, la orice v\u00e2rst\u0103.<\/strong><\/p>\n","protected":false},"excerpt":{"rendered":"<p>O emulsie corporal\u0103 catifelat\u0103 cu efect regenerant, hr\u0103nitor \u0219i ferm. Concentra\u021bia de extracte de Uttwiler Sp\u00e4tlauber\u00a0\u0219i Buddleja davidii face ca aceast\u0103 crem\u0103 s\u0103 fie potrivit\u0103 \u00een special pentru tratamentul pielii uscate. Datorit\u0103 absen\u021bei parabenilor, este eficient \u0219i \u00een tratamentul \u00eenainte \u0219i dup\u0103 na\u0219tere. Ideal pentru&#8230;<\/p>\n","protected":false},"featured_media":19975,"comment_status":"open","ping_status":"closed","template":"","meta":[],"etheme_brands":[],"product_cat":[863,820],"product_tag":[850,864,786,806],"class_list":{"0":"post-19918","1":"product","2":"type-product","3":"status-publish","4":"has-post-thumbnail","6":"product_cat-hidratare-corp","7":"product_cat-ingrijire-corp","8":"product_tag-crema-de-corp","9":"product_tag-hidratare-corp","10":"product_tag-vitamina-c","11":"product_tag-vitamina-e","13":"first","14":"instock","15":"shipping-taxable","16":"purchasable","17":"product-type-simple"},"_links":{"self":[{"href":"https:\/\/energystudio-agency.ro\/demo15\/wp-json\/wp\/v2\/product\/19918","targetHints":{"allow":["GET"]}}],"collection":[{"href":"https:\/\/energystudio-agency.ro\/demo15\/wp-json\/wp\/v2\/product"}],"about":[{"href":"https:\/\/energystudio-agency.ro\/demo15\/wp-json\/wp\/v2\/types\/product"}],"replies":[{"embeddable":true,"href":"https:\/\/energystudio-agency.ro\/demo15\/wp-json\/wp\/v2\/comments?post=19918"}],"version-history":[{"count":1,"href":"https:\/\/energystudio-agency.ro\/demo15\/wp-json\/wp\/v2\/product\/19918\/revisions"}],"predecessor-version":[{"id":19976,"href":"https:\/\/energystudio-agency.ro\/demo15\/wp-json\/wp\/v2\/product\/19918\/revisions\/19976"}],"wp:featuredmedia":[{"embeddable":true,"href":"https:\/\/energystudio-agency.ro\/demo15\/wp-json\/wp\/v2\/media\/19975"}],"wp:attachment":[{"href":"https:\/\/energystudio-agency.ro\/demo15\/wp-json\/wp\/v2\/media?parent=19918"}],"wp:term":[{"taxonomy":"brand","embeddable":true,"href":"https:\/\/energystudio-agency.ro\/demo15\/wp-json\/wp\/v2\/etheme_brands?post=19918"},{"taxonomy":"product_cat","embeddable":true,"href":"https:\/\/energystudio-agency.ro\/demo15\/wp-json\/wp\/v2\/product_cat?post=19918"},{"taxonomy":"product_tag","embeddable":true,"href":"https:\/\/energystudio-agency.ro\/demo15\/wp-json\/wp\/v2\/product_tag?post=19918"}],"curies":[{"name":"wp","href":"https:\/\/api.w.org\/{rel}","templated":true}]}}