{"id":20011,"date":"2022-12-13T22:27:42","date_gmt":"2022-12-13T22:27:42","guid":{"rendered":"https:\/\/energystudio-agency.ro\/demo15\/?post_type=product&#038;p=20011"},"modified":"2022-12-13T23:10:43","modified_gmt":"2022-12-13T23:10:43","slug":"ulei-de-ricin-bio-revox-30-ml","status":"publish","type":"product","link":"https:\/\/energystudio-agency.ro\/demo15\/shop\/ingrijire-personala-cosmetice\/ingrijire-par\/ulei\/ulei-de-ricin-bio-revox-30-ml\/","title":{"rendered":"Ulei de ricin Bio Revox 30 ml"},"content":{"rendered":"<p>REVOX\u00a0 Ulei de Ricin 100% BIO poate fi aplicat direct pe p\u0103r, cuticule, spr\u00e2ncene, gene \u0219i piele.<\/p>\n<p>Datorit\u0103 texturii sale delicate, se absoarbe rapid \u00een piele lasand tenul catifelat fiind o baz\u0103 perfect\u0103 pentru machiaj.<\/p>\n<p>Fiind unul dintre cele mai bogate uleiuri uleiul de avocado ajuta la reducerea aspectului de piele uscata liniilor fine si ridurilor evidentiind stralucirea naturala.<\/p>\n","protected":false},"excerpt":{"rendered":"<p>REVOX\u00a0 Ulei de Ricin 100% BIO poate fi aplicat direct pe p\u0103r, cuticule, spr\u00e2ncene, gene \u0219i piele. Datorit\u0103 texturii sale delicate, se absoarbe rapid \u00een piele lasand tenul catifelat fiind o baz\u0103 perfect\u0103 pentru machiaj. Fiind unul dintre cele mai bogate uleiuri uleiul de avocado&#8230;<\/p>\n","protected":false},"featured_media":20076,"comment_status":"open","ping_status":"closed","template":"","meta":[],"etheme_brands":[],"product_cat":[863,820,947,739,948,798,949],"product_tag":[950,951,952,953,954,955,956,957,958,959,960,883],"class_list":{"0":"post-20011","1":"product","2":"type-product","3":"status-publish","4":"has-post-thumbnail","6":"product_cat-hidratare-corp","7":"product_cat-ingrijire-corp","8":"product_cat-ingrijire-par","9":"product_cat-ingrijire-ten","10":"product_cat-produse-bio","11":"product_cat-seruri","12":"product_cat-ulei","13":"product_tag-antioxidant","14":"product_tag-castor-oil-ricinus-communis-seed-oil","15":"product_tag-hidratarea","16":"product_tag-pentru-gene","17":"product_tag-pentru-par","18":"product_tag-pentru-piele","19":"product_tag-pentru-unghii","20":"product_tag-produs-vegan","21":"product_tag-ricin","22":"product_tag-ulei-de-ricin","23":"product_tag-vegan","24":"product_tag-vitamin-e-acetate-tocopheryl-acetate","26":"first","27":"instock","28":"sale","29":"purchasable","30":"product-type-simple"},"_links":{"self":[{"href":"https:\/\/energystudio-agency.ro\/demo15\/wp-json\/wp\/v2\/product\/20011","targetHints":{"allow":["GET"]}}],"collection":[{"href":"https:\/\/energystudio-agency.ro\/demo15\/wp-json\/wp\/v2\/product"}],"about":[{"href":"https:\/\/energystudio-agency.ro\/demo15\/wp-json\/wp\/v2\/types\/product"}],"replies":[{"embeddable":true,"href":"https:\/\/energystudio-agency.ro\/demo15\/wp-json\/wp\/v2\/comments?post=20011"}],"version-history":[{"count":1,"href":"https:\/\/energystudio-agency.ro\/demo15\/wp-json\/wp\/v2\/product\/20011\/revisions"}],"predecessor-version":[{"id":20077,"href":"https:\/\/energystudio-agency.ro\/demo15\/wp-json\/wp\/v2\/product\/20011\/revisions\/20077"}],"wp:featuredmedia":[{"embeddable":true,"href":"https:\/\/energystudio-agency.ro\/demo15\/wp-json\/wp\/v2\/media\/20076"}],"wp:attachment":[{"href":"https:\/\/energystudio-agency.ro\/demo15\/wp-json\/wp\/v2\/media?parent=20011"}],"wp:term":[{"taxonomy":"brand","embeddable":true,"href":"https:\/\/energystudio-agency.ro\/demo15\/wp-json\/wp\/v2\/etheme_brands?post=20011"},{"taxonomy":"product_cat","embeddable":true,"href":"https:\/\/energystudio-agency.ro\/demo15\/wp-json\/wp\/v2\/product_cat?post=20011"},{"taxonomy":"product_tag","embeddable":true,"href":"https:\/\/energystudio-agency.ro\/demo15\/wp-json\/wp\/v2\/product_tag?post=20011"}],"curies":[{"name":"wp","href":"https:\/\/api.w.org\/{rel}","templated":true}]}}