{"id":20013,"date":"2022-12-13T22:27:43","date_gmt":"2022-12-13T22:27:43","guid":{"rendered":"https:\/\/energystudio-agency.ro\/demo15\/?post_type=product&#038;p=20013"},"modified":"2022-12-13T23:10:19","modified_gmt":"2022-12-13T23:10:19","slug":"ulei-din-seminte-de-maces-bio-revox-30-ml","status":"publish","type":"product","link":"https:\/\/energystudio-agency.ro\/demo15\/shop\/ingrijire-personala-cosmetice\/ingrijire-par\/ulei\/ulei-din-seminte-de-maces-bio-revox-30-ml\/","title":{"rendered":"Ulei din seminte de maces Bio Revox 30 ml"},"content":{"rendered":"<p>Uleiul din semin\u021be de m\u0103ce\u0219 este extras din arbustul Rosa Canina. Ajut\u0103 la calmarea pielii, protej\u00e2nd-o de efectele d\u0103un\u0103toare ale factorilor mediului extern. Uleiul este non- comedogenic, are o textur\u0103 u\u0219oar\u0103 \u0219i se absoarbe rapid, ceea ce ajut\u0103 la echilibrarea produc\u021biei de sebum \u00een piele. Uleiul de semin\u021be de m\u0103ce\u0219 ajut\u0103 la reducerea aspectului cicatricilor \u0219i a hiperpigment\u0103rii. De asemenea, ajut\u0103 la men\u0163inerea hidrat\u0103rii pielii, reduce m\u00e2nc\u0103rimea \u015fi senza\u0163ia de usc\u0103ciune, \u00een timp ce ofer\u0103 pielii o str\u0103lucire natural\u0103. REVOX B77 ulei de m\u0103ce\u015fe BIO 100% se poate aplica direct pe piele.<\/p>\n<p>&nbsp;<\/p>\n","protected":false},"excerpt":{"rendered":"<p>Uleiul din semin\u021be de m\u0103ce\u0219 este extras din arbustul Rosa Canina. Ajut\u0103 la calmarea pielii, protej\u00e2nd-o de efectele d\u0103un\u0103toare ale factorilor mediului extern. Uleiul este non- comedogenic, are o textur\u0103 u\u0219oar\u0103 \u0219i se absoarbe rapid, ceea ce ajut\u0103 la echilibrarea produc\u021biei de sebum \u00een piele&#8230;.<\/p>\n","protected":false},"featured_media":20080,"comment_status":"open","ping_status":"closed","template":"","meta":[],"etheme_brands":[],"product_cat":[863,820,947,739,948,798,949],"product_tag":[961,962,954,963,957,966,967,960,883],"class_list":{"0":"post-20013","1":"product","2":"type-product","3":"status-publish","4":"has-post-thumbnail","6":"product_cat-hidratare-corp","7":"product_cat-ingrijire-corp","8":"product_cat-ingrijire-par","9":"product_cat-ingrijire-ten","10":"product_cat-produse-bio","11":"product_cat-seruri","12":"product_cat-ulei","13":"product_tag-pentru-corp","14":"product_tag-pentru-gat","15":"product_tag-pentru-par","16":"product_tag-pentru-ten","17":"product_tag-produs-vegan","18":"product_tag-rosehip-oil-rosa-canina-seed-oil","19":"product_tag-ulei-de-maces","20":"product_tag-vegan","21":"product_tag-vitamin-e-acetate-tocopheryl-acetate","23":"first","24":"instock","25":"sale","26":"purchasable","27":"product-type-simple"},"_links":{"self":[{"href":"https:\/\/energystudio-agency.ro\/demo15\/wp-json\/wp\/v2\/product\/20013","targetHints":{"allow":["GET"]}}],"collection":[{"href":"https:\/\/energystudio-agency.ro\/demo15\/wp-json\/wp\/v2\/product"}],"about":[{"href":"https:\/\/energystudio-agency.ro\/demo15\/wp-json\/wp\/v2\/types\/product"}],"replies":[{"embeddable":true,"href":"https:\/\/energystudio-agency.ro\/demo15\/wp-json\/wp\/v2\/comments?post=20013"}],"version-history":[{"count":1,"href":"https:\/\/energystudio-agency.ro\/demo15\/wp-json\/wp\/v2\/product\/20013\/revisions"}],"predecessor-version":[{"id":20081,"href":"https:\/\/energystudio-agency.ro\/demo15\/wp-json\/wp\/v2\/product\/20013\/revisions\/20081"}],"wp:featuredmedia":[{"embeddable":true,"href":"https:\/\/energystudio-agency.ro\/demo15\/wp-json\/wp\/v2\/media\/20080"}],"wp:attachment":[{"href":"https:\/\/energystudio-agency.ro\/demo15\/wp-json\/wp\/v2\/media?parent=20013"}],"wp:term":[{"taxonomy":"brand","embeddable":true,"href":"https:\/\/energystudio-agency.ro\/demo15\/wp-json\/wp\/v2\/etheme_brands?post=20013"},{"taxonomy":"product_cat","embeddable":true,"href":"https:\/\/energystudio-agency.ro\/demo15\/wp-json\/wp\/v2\/product_cat?post=20013"},{"taxonomy":"product_tag","embeddable":true,"href":"https:\/\/energystudio-agency.ro\/demo15\/wp-json\/wp\/v2\/product_tag?post=20013"}],"curies":[{"name":"wp","href":"https:\/\/api.w.org\/{rel}","templated":true}]}}