{"id":20065,"date":"2022-12-13T22:28:07","date_gmt":"2022-12-13T22:28:07","guid":{"rendered":"https:\/\/energystudio-agency.ro\/demo15\/?post_type=product&#038;p=20065"},"modified":"2022-12-13T23:10:14","modified_gmt":"2022-12-13T23:10:14","slug":"toner-exfoliant-cu-acid-glicolic-7-revox-300ml","status":"publish","type":"product","link":"https:\/\/energystudio-agency.ro\/demo15\/shop\/ingrijire-personala-cosmetice\/ingrijire-ten\/exfoliant\/toner-exfoliant-cu-acid-glicolic-7-revox-300ml\/","title":{"rendered":"Toner exfoliant cu acid Glicolic 7% Revox 300ml"},"content":{"rendered":"<p>REVOX JUST GLYCOLIC ACID 7% este un toner exfoliant pentru fa\u021b\u0103 \u0219i g\u00e2t.<br \/>\nUn AHA eficient cu propriet\u0103\u021bi iluminatoare, acidul glicolic contribuie la o textura mai neted\u0103 \u0219i red\u0103 str\u0103lucirea pielii. Aceast\u0103 solu\u021bie de 7% \u00eembog\u0103\u021bit\u0103 cu Aloe Vera exfoliaz\u0103 u\u0219or \u0219i re\u00eemprosp\u0103teaz\u0103 pielea.<\/p>\n","protected":false},"excerpt":{"rendered":"<p>REVOX JUST GLYCOLIC ACID 7% este un toner exfoliant pentru fa\u021b\u0103 \u0219i g\u00e2t. Un AHA eficient cu propriet\u0103\u021bi iluminatoare, acidul glicolic contribuie la o textura mai neted\u0103 \u0219i red\u0103 str\u0103lucirea pielii. Aceast\u0103 solu\u021bie de 7% \u00eembog\u0103\u021bit\u0103 cu Aloe Vera exfoliaz\u0103 u\u0219or \u0219i re\u00eemprosp\u0103teaz\u0103 pielea.<\/p>\n","protected":false},"featured_media":20135,"comment_status":"open","ping_status":"closed","template":"","meta":[],"etheme_brands":[],"product_cat":[813,739,831],"product_tag":[1065,892,896,815,938,898,899,901,902,878,909,905],"class_list":{"0":"post-20065","1":"product","2":"type-product","3":"status-publish","4":"has-post-thumbnail","6":"product_cat-exfoliant","7":"product_cat-ingrijire-ten","8":"product_cat-toner","9":"product_tag-acid-glicolic","10":"product_tag-aha","11":"product_tag-disodium-edta","12":"product_tag-exfoliant","13":"product_tag-glycolic-acid","14":"product_tag-phenoxyethanol","15":"product_tag-potassium-hydroxide","16":"product_tag-ppg-1-peg-9-lauryl-glycol-ether","17":"product_tag-propylene-glycol","18":"product_tag-toner","19":"product_tag-water-aqua","20":"product_tag-xanthan-gum","22":"first","23":"instock","24":"sale","25":"purchasable","26":"product-type-simple"},"_links":{"self":[{"href":"https:\/\/energystudio-agency.ro\/demo15\/wp-json\/wp\/v2\/product\/20065","targetHints":{"allow":["GET"]}}],"collection":[{"href":"https:\/\/energystudio-agency.ro\/demo15\/wp-json\/wp\/v2\/product"}],"about":[{"href":"https:\/\/energystudio-agency.ro\/demo15\/wp-json\/wp\/v2\/types\/product"}],"replies":[{"embeddable":true,"href":"https:\/\/energystudio-agency.ro\/demo15\/wp-json\/wp\/v2\/comments?post=20065"}],"version-history":[{"count":1,"href":"https:\/\/energystudio-agency.ro\/demo15\/wp-json\/wp\/v2\/product\/20065\/revisions"}],"predecessor-version":[{"id":20136,"href":"https:\/\/energystudio-agency.ro\/demo15\/wp-json\/wp\/v2\/product\/20065\/revisions\/20136"}],"wp:featuredmedia":[{"embeddable":true,"href":"https:\/\/energystudio-agency.ro\/demo15\/wp-json\/wp\/v2\/media\/20135"}],"wp:attachment":[{"href":"https:\/\/energystudio-agency.ro\/demo15\/wp-json\/wp\/v2\/media?parent=20065"}],"wp:term":[{"taxonomy":"brand","embeddable":true,"href":"https:\/\/energystudio-agency.ro\/demo15\/wp-json\/wp\/v2\/etheme_brands?post=20065"},{"taxonomy":"product_cat","embeddable":true,"href":"https:\/\/energystudio-agency.ro\/demo15\/wp-json\/wp\/v2\/product_cat?post=20065"},{"taxonomy":"product_tag","embeddable":true,"href":"https:\/\/energystudio-agency.ro\/demo15\/wp-json\/wp\/v2\/product_tag?post=20065"}],"curies":[{"name":"wp","href":"https:\/\/api.w.org\/{rel}","templated":true}]}}