{"id":20067,"date":"2022-12-13T22:28:07","date_gmt":"2022-12-13T22:28:07","guid":{"rendered":"https:\/\/energystudio-agency.ro\/demo15\/?post_type=product&#038;p=20067"},"modified":"2022-12-13T23:10:14","modified_gmt":"2022-12-13T23:10:14","slug":"revox-plex-sampon-step-4-260-ml-plex","status":"publish","type":"product","link":"https:\/\/energystudio-agency.ro\/demo15\/shop\/ingrijire-personala-cosmetice\/ingrijire-par\/par-blond\/revox-plex-sampon-step-4-260-ml-plex\/","title":{"rendered":"REVOX PLEX sampon Step 4 260 ml PLEX"},"content":{"rendered":"<p>PLEX BOND CARE SHAMPOO este al patrulea pas al sistemului avansat de reconstruc\u021bie a p\u0103rului REVOX B77 PLEX. Acest \u0219ampon de nivel profesional este formulat pentru a hidrata \u00een profunzime \u0219i pentru a repara p\u0103rul \u00eencre\u021bit, deteriorat sau vopsit \u0219i pentru a men\u021bine un nivel optim de hidratare. Produsul \u00eendep\u0103rteaz\u0103 delicat impurit\u0103\u021bile \u0219i sebumul de la nivelul scalpului \u0219i parului, cre\u00e2nd un aspect mai s\u0103n\u0103tos \u0219i mai puternic. Ajut\u0103 la repararea v\u00e2rfurilor despicate \u0219i \u00eencurcate. Cu fiecare utilizare, p\u0103rul devine mai str\u0103lucitor, mai neted \u0219i u\u0219or de coafat.<br \/>\nSe poate folosi \u00een siguran\u021b\u0103 \u0219i pe p\u0103rul vopsit. Are beneficii asupra tuturor tipurilor de p\u0103r.<\/p>\n","protected":false},"excerpt":{"rendered":"<p>PLEX BOND CARE SHAMPOO este al patrulea pas al sistemului avansat de reconstruc\u021bie a p\u0103rului REVOX B77 PLEX. Acest \u0219ampon de nivel profesional este formulat pentru a hidrata \u00een profunzime \u0219i pentru a repara p\u0103rul \u00eencre\u021bit, deteriorat sau vopsit \u0219i pentru a men\u021bine un nivel&#8230;<\/p>\n","protected":false},"featured_media":20139,"comment_status":"open","ping_status":"closed","template":"","meta":[],"etheme_brands":[],"product_cat":[947,1066,1076,1067],"product_tag":[1077,1078,1061,894,1079,896,1020,1069,977,1070,1080,898,1081,1063,1082,1083,1084,1085,1064,1086,989,909],"class_list":{"0":"post-20067","1":"product","2":"type-product","3":"status-publish","4":"has-post-thumbnail","6":"product_cat-ingrijire-par","7":"product_cat-par-blond","8":"product_cat-sampon","9":"product_cat-tratament","10":"product_tag-acrylates-crosspolymer","11":"product_tag-amodimethicone-and-c11-15-pareth-7-and-laureth-9-and-glycerin-and-trideceth-12","12":"product_tag-black-dye-ci-28440","13":"product_tag-citric-acid","14":"product_tag-coco-glucoside","15":"product_tag-disodium-edta","16":"product_tag-fragrance-parfum","17":"product_tag-hydrolyzed-keratin","18":"product_tag-limonene","19":"product_tag-par-blond","20":"product_tag-peg-7-glyceryl-cocoate","21":"product_tag-phenoxyethanol","22":"product_tag-plex","23":"product_tag-red-dye-ci-16255","24":"product_tag-sampon","25":"product_tag-sodium-chloride","26":"product_tag-sodium-laureth-sulfate","27":"product_tag-styrene-acrylates-copolymer","28":"product_tag-tartrazine-ci-19140","29":"product_tag-tratament-de-par","30":"product_tag-triethanolamine","31":"product_tag-water-aqua","33":"first","34":"instock","35":"sale","36":"purchasable","37":"product-type-simple"},"_links":{"self":[{"href":"https:\/\/energystudio-agency.ro\/demo15\/wp-json\/wp\/v2\/product\/20067","targetHints":{"allow":["GET"]}}],"collection":[{"href":"https:\/\/energystudio-agency.ro\/demo15\/wp-json\/wp\/v2\/product"}],"about":[{"href":"https:\/\/energystudio-agency.ro\/demo15\/wp-json\/wp\/v2\/types\/product"}],"replies":[{"embeddable":true,"href":"https:\/\/energystudio-agency.ro\/demo15\/wp-json\/wp\/v2\/comments?post=20067"}],"version-history":[{"count":1,"href":"https:\/\/energystudio-agency.ro\/demo15\/wp-json\/wp\/v2\/product\/20067\/revisions"}],"predecessor-version":[{"id":20140,"href":"https:\/\/energystudio-agency.ro\/demo15\/wp-json\/wp\/v2\/product\/20067\/revisions\/20140"}],"wp:featuredmedia":[{"embeddable":true,"href":"https:\/\/energystudio-agency.ro\/demo15\/wp-json\/wp\/v2\/media\/20139"}],"wp:attachment":[{"href":"https:\/\/energystudio-agency.ro\/demo15\/wp-json\/wp\/v2\/media?parent=20067"}],"wp:term":[{"taxonomy":"brand","embeddable":true,"href":"https:\/\/energystudio-agency.ro\/demo15\/wp-json\/wp\/v2\/etheme_brands?post=20067"},{"taxonomy":"product_cat","embeddable":true,"href":"https:\/\/energystudio-agency.ro\/demo15\/wp-json\/wp\/v2\/product_cat?post=20067"},{"taxonomy":"product_tag","embeddable":true,"href":"https:\/\/energystudio-agency.ro\/demo15\/wp-json\/wp\/v2\/product_tag?post=20067"}],"curies":[{"name":"wp","href":"https:\/\/api.w.org\/{rel}","templated":true}]}}