{"id":20068,"date":"2022-12-13T22:28:08","date_gmt":"2022-12-13T22:28:08","guid":{"rendered":"https:\/\/energystudio-agency.ro\/demo15\/?post_type=product&#038;p=20068"},"modified":"2022-12-13T23:10:11","modified_gmt":"2022-12-13T23:10:11","slug":"revox-plex-balsam-hranitor-pentru-par-step-5-260-ml","status":"publish","type":"product","link":"https:\/\/energystudio-agency.ro\/demo15\/shop\/ingrijire-personala-cosmetice\/ingrijire-par\/tratament\/revox-plex-balsam-hranitor-pentru-par-step-5-260-ml\/","title":{"rendered":"Revox Plex Balsam hranitor pentru par Step 5 260 ml"},"content":{"rendered":"<p>PLEX BOND CARE CONDITIONER este al cincilea pas al sistemului avansat de reconstruc\u021bie a p\u0103rului REVOX B77 PLEX.<\/p>\n<p>Acest balsam reparator ac\u021bioneaz\u0103 pentru a hidrata \u0219i hr\u0103ni \u00een profunzime fibrele parului \u0219i pentru a reface complet p\u0103rul deteriorat \u0219i vopsit. Produsul protejeaz\u0103 structura firului de p\u0103r \u00eempotriva factorilor externi nocivi, \u00een timp ce elimin\u0103 efectul de p\u0103r electrizat \u0219i posibilele ruperi. Produsul \u00eembun\u0103t\u0103\u021be\u0219te str\u0103lucirea p\u0103rului vopsit \u0219i \u00eei ofer\u0103 structur\u0103 \u0219i densitate, f\u0103r\u0103 a-l \u00eengreuna. P\u0103rul devine mai satinat, mai neted \u0219i mai s\u0103n\u0103tos cu fiecare utilizare.<br \/>\nSe poate folosi \u00een siguran\u021b\u0103 \u0219i pe p\u0103rul vopsit. Are beneficii asupra tuturor tipurilor de p\u0103r.<\/p>\n","protected":false},"excerpt":{"rendered":"<p>PLEX BOND CARE CONDITIONER este al cincilea pas al sistemului avansat de reconstruc\u021bie a p\u0103rului REVOX B77 PLEX. Acest balsam reparator ac\u021bioneaz\u0103 pentru a hidrata \u0219i hr\u0103ni \u00een profunzime fibrele parului \u0219i pentru a reface complet p\u0103rul deteriorat \u0219i vopsit. Produsul protejeaz\u0103 structura firului de&#8230;<\/p>\n","protected":false},"featured_media":20141,"comment_status":"open","ping_status":"closed","template":"","meta":[],"etheme_brands":[],"product_cat":[947,1067],"product_tag":[1088,951,985,986,1068,894,1019,896,992,1020,1069,1089,977,995,1016,1070,898,1090,1091,909],"class_list":{"0":"post-20068","1":"product","2":"type-product","3":"status-publish","4":"has-post-thumbnail","6":"product_cat-ingrijire-par","7":"product_cat-tratament","8":"product_tag-balsam-de-par","9":"product_tag-castor-oil-ricinus-communis-seed-oil","10":"product_tag-ceteareth-20","11":"product_tag-cetearyl-alcohol","12":"product_tag-cetrimonium-chloride","13":"product_tag-citric-acid","14":"product_tag-coconut-oil-cocos-nucifera-oil","15":"product_tag-disodium-edta","16":"product_tag-ethylhexyl-stearate","17":"product_tag-fragrance-parfum","18":"product_tag-hydrolyzed-keratin","19":"product_tag-isododecane-and-dimethiconol","20":"product_tag-limonene","21":"product_tag-octadecyl-di-t-butyl-4-hydroxyhydrocinnamate","22":"product_tag-octyldodecanol","23":"product_tag-par-blond","24":"product_tag-phenoxyethanol","25":"product_tag-polyquaternium-7","26":"product_tag-tratament-par","27":"product_tag-water-aqua","29":"first","30":"instock","31":"sale","32":"purchasable","33":"product-type-simple"},"_links":{"self":[{"href":"https:\/\/energystudio-agency.ro\/demo15\/wp-json\/wp\/v2\/product\/20068","targetHints":{"allow":["GET"]}}],"collection":[{"href":"https:\/\/energystudio-agency.ro\/demo15\/wp-json\/wp\/v2\/product"}],"about":[{"href":"https:\/\/energystudio-agency.ro\/demo15\/wp-json\/wp\/v2\/types\/product"}],"replies":[{"embeddable":true,"href":"https:\/\/energystudio-agency.ro\/demo15\/wp-json\/wp\/v2\/comments?post=20068"}],"version-history":[{"count":1,"href":"https:\/\/energystudio-agency.ro\/demo15\/wp-json\/wp\/v2\/product\/20068\/revisions"}],"predecessor-version":[{"id":20142,"href":"https:\/\/energystudio-agency.ro\/demo15\/wp-json\/wp\/v2\/product\/20068\/revisions\/20142"}],"wp:featuredmedia":[{"embeddable":true,"href":"https:\/\/energystudio-agency.ro\/demo15\/wp-json\/wp\/v2\/media\/20141"}],"wp:attachment":[{"href":"https:\/\/energystudio-agency.ro\/demo15\/wp-json\/wp\/v2\/media?parent=20068"}],"wp:term":[{"taxonomy":"brand","embeddable":true,"href":"https:\/\/energystudio-agency.ro\/demo15\/wp-json\/wp\/v2\/etheme_brands?post=20068"},{"taxonomy":"product_cat","embeddable":true,"href":"https:\/\/energystudio-agency.ro\/demo15\/wp-json\/wp\/v2\/product_cat?post=20068"},{"taxonomy":"product_tag","embeddable":true,"href":"https:\/\/energystudio-agency.ro\/demo15\/wp-json\/wp\/v2\/product_tag?post=20068"}],"curies":[{"name":"wp","href":"https:\/\/api.w.org\/{rel}","templated":true}]}}