{"id":20069,"date":"2022-12-13T22:28:08","date_gmt":"2022-12-13T22:28:08","guid":{"rendered":"https:\/\/energystudio-agency.ro\/demo15\/?post_type=product&#038;p=20069"},"modified":"2022-12-13T23:10:11","modified_gmt":"2022-12-13T23:10:11","slug":"revox-plex-crema-pentru-par-step-6-260-ml","status":"publish","type":"product","link":"https:\/\/energystudio-agency.ro\/demo15\/shop\/ingrijire-personala-cosmetice\/ingrijire-par\/par-blond\/revox-plex-crema-pentru-par-step-6-260-ml\/","title":{"rendered":"Revox Plex Crema pentru par  STEP 6 260 ml"},"content":{"rendered":"<p>REVOX B77 PLEX BOND SMOOTHING CR\u00c8ME este al \u0219aselea pas al sistemului avansat de reconstruc\u021bie a p\u0103rului REVOX B77 PLEX.<\/p>\n<p>Aceast\u0103 crem\u0103 concentrat\u0103 de tip leave-in este special conceput\u0103 pentru a repara p\u0103rul deteriorat, protej\u00e2ndu-l \u00een acela\u0219i timp de factorii externi nocivi, pentru un aspect elegant, neted, asem\u0103n\u0103tor celui ob\u021binut \u00een timpul unei vizite la salon.<\/p>\n","protected":false},"excerpt":{"rendered":"<p>REVOX B77 PLEX BOND SMOOTHING CR\u00c8ME este al \u0219aselea pas al sistemului avansat de reconstruc\u021bie a p\u0103rului REVOX B77 PLEX. Aceast\u0103 crem\u0103 concentrat\u0103 de tip leave-in este special conceput\u0103 pentru a repara p\u0103rul deteriorat, protej\u00e2ndu-l \u00een acela\u0219i timp de factorii externi nocivi, pentru un aspect&#8230;<\/p>\n","protected":false},"featured_media":20143,"comment_status":"open","ping_status":"closed","template":"","meta":[],"etheme_brands":[],"product_cat":[947,1066,1067],"product_tag":[1092,1029,951,985,986,1068,1010,987,1093,1020,1040,1069,1089,977,978,1094,995,1070,898,902,945,1091,909],"class_list":{"0":"post-20069","1":"product","2":"type-product","3":"status-publish","4":"has-post-thumbnail","6":"product_cat-ingrijire-par","7":"product_cat-par-blond","8":"product_cat-tratament","9":"product_tag-alcohol-denat","10":"product_tag-benzyl-salicylate","11":"product_tag-castor-oil-ricinus-communis-seed-oil","12":"product_tag-ceteareth-20","13":"product_tag-cetearyl-alcohol","14":"product_tag-cetrimonium-chloride","15":"product_tag-coco-caprylate-caprate","16":"product_tag-collagen-amino-acids","17":"product_tag-fire-despicate","18":"product_tag-fragrance-parfum","19":"product_tag-hexyl-cinnamal","20":"product_tag-hydrolyzed-keratin","21":"product_tag-isododecane-and-dimethiconol","22":"product_tag-limonene","23":"product_tag-linalool","24":"product_tag-netezirea-parului","25":"product_tag-octadecyl-di-t-butyl-4-hydroxyhydrocinnamate","26":"product_tag-par-blond","27":"product_tag-phenoxyethanol","28":"product_tag-propylene-glycol","29":"product_tag-shea-butter-butyrospermum-parkii-butter","30":"product_tag-tratament-par","31":"product_tag-water-aqua","33":"first","34":"instock","35":"sale","36":"purchasable","37":"product-type-simple"},"_links":{"self":[{"href":"https:\/\/energystudio-agency.ro\/demo15\/wp-json\/wp\/v2\/product\/20069","targetHints":{"allow":["GET"]}}],"collection":[{"href":"https:\/\/energystudio-agency.ro\/demo15\/wp-json\/wp\/v2\/product"}],"about":[{"href":"https:\/\/energystudio-agency.ro\/demo15\/wp-json\/wp\/v2\/types\/product"}],"replies":[{"embeddable":true,"href":"https:\/\/energystudio-agency.ro\/demo15\/wp-json\/wp\/v2\/comments?post=20069"}],"version-history":[{"count":1,"href":"https:\/\/energystudio-agency.ro\/demo15\/wp-json\/wp\/v2\/product\/20069\/revisions"}],"predecessor-version":[{"id":20144,"href":"https:\/\/energystudio-agency.ro\/demo15\/wp-json\/wp\/v2\/product\/20069\/revisions\/20144"}],"wp:featuredmedia":[{"embeddable":true,"href":"https:\/\/energystudio-agency.ro\/demo15\/wp-json\/wp\/v2\/media\/20143"}],"wp:attachment":[{"href":"https:\/\/energystudio-agency.ro\/demo15\/wp-json\/wp\/v2\/media?parent=20069"}],"wp:term":[{"taxonomy":"brand","embeddable":true,"href":"https:\/\/energystudio-agency.ro\/demo15\/wp-json\/wp\/v2\/etheme_brands?post=20069"},{"taxonomy":"product_cat","embeddable":true,"href":"https:\/\/energystudio-agency.ro\/demo15\/wp-json\/wp\/v2\/product_cat?post=20069"},{"taxonomy":"product_tag","embeddable":true,"href":"https:\/\/energystudio-agency.ro\/demo15\/wp-json\/wp\/v2\/product_tag?post=20069"}],"curies":[{"name":"wp","href":"https:\/\/api.w.org\/{rel}","templated":true}]}}