{"id":20070,"date":"2022-12-13T22:28:08","date_gmt":"2022-12-13T22:28:08","guid":{"rendered":"https:\/\/energystudio-agency.ro\/demo15\/?post_type=product&#038;p=20070"},"modified":"2022-12-13T23:10:12","modified_gmt":"2022-12-13T23:10:12","slug":"ulei-pentru-repararea-parului-step-7-30-ml-plex","status":"publish","type":"product","link":"https:\/\/energystudio-agency.ro\/demo15\/shop\/ingrijire-personala-cosmetice\/ingrijire-par\/ulei\/ulei-pentru-repararea-parului-step-7-30-ml-plex\/","title":{"rendered":"Ulei pentru repararea parului Step 7 30 ml PLEX"},"content":{"rendered":"<p>PLEX BOND REPAIRING OIL este al \u0219aptelea pas al sistemului de reconstruc\u021bie a p\u0103rului REVOX B77 PLEX. Uleiul concentrat cu textur\u0103 lejer\u0103 ofer\u0103 p\u0103rului un finisaj m\u0103t\u0103sos, asem\u0103n\u0103tor celui ob\u021binut \u00een timpul unei vizite la salon. Ajut\u0103 la repararea structurii parului \u0219i reduce apari\u021bia v\u00e2rfurilor despicate. Uleiul men\u021bine culorile vibrante ale p\u0103rului vopsit \u0219i protejeaz\u0103 \u00eempotriva temperaturilor ridicate din timpul stiliz\u0103rii.<br \/>\nAre beneficii asupra tuturor tipurilor de p\u0103r.<\/p>\n","protected":false},"excerpt":{"rendered":"<p>PLEX BOND REPAIRING OIL este al \u0219aptelea pas al sistemului de reconstruc\u021bie a p\u0103rului REVOX B77 PLEX. Uleiul concentrat cu textur\u0103 lejer\u0103 ofer\u0103 p\u0103rului un finisaj m\u0103t\u0103sos, asem\u0103n\u0103tor celui ob\u021binut \u00een timpul unei vizite la salon. Ajut\u0103 la repararea structurii parului \u0219i reduce apari\u021bia v\u00e2rfurilor&#8230;<\/p>\n","protected":false},"featured_media":20145,"comment_status":"open","ping_status":"closed","template":"","meta":[],"etheme_brands":[],"product_cat":[947,1066,1067,949],"product_tag":[1029,1095,884,1096,1020,886,1040,1003,942,977,978,1097,1098,1099,1070,1100,1101,1086,1091,1102,1103],"class_list":{"0":"post-20070","1":"product","2":"type-product","3":"status-publish","4":"has-post-thumbnail","6":"product_cat-ingrijire-par","7":"product_cat-par-blond","8":"product_cat-tratament","9":"product_cat-ulei","10":"product_tag-benzyl-salicylate","11":"product_tag-beta-carotene-and-sunflower-seed-oil-helianthus-annuus-seed-oil","12":"product_tag-butylated-hydroxytoluene-bht","13":"product_tag-dimethiconol","14":"product_tag-fragrance-parfum","15":"product_tag-grape-seed-oil-vitis-vinifera-seed-oil","16":"product_tag-hexyl-cinnamal","17":"product_tag-isododecane","18":"product_tag-isohexadecane","19":"product_tag-limonene","20":"product_tag-linalool","21":"product_tag-macadamia-ternifolia-seed-oil","22":"product_tag-moringa-oleifera-seed-oil","23":"product_tag-par","24":"product_tag-par-blond","25":"product_tag-par-deteriorat","26":"product_tag-par-vopsit","27":"product_tag-tratament-de-par","28":"product_tag-tratament-par","29":"product_tag-ulei-de-par","30":"product_tag-vitamin-e-acetate-tocopheryl-acetate-ulei","32":"first","33":"instock","34":"sale","35":"purchasable","36":"product-type-simple"},"_links":{"self":[{"href":"https:\/\/energystudio-agency.ro\/demo15\/wp-json\/wp\/v2\/product\/20070","targetHints":{"allow":["GET"]}}],"collection":[{"href":"https:\/\/energystudio-agency.ro\/demo15\/wp-json\/wp\/v2\/product"}],"about":[{"href":"https:\/\/energystudio-agency.ro\/demo15\/wp-json\/wp\/v2\/types\/product"}],"replies":[{"embeddable":true,"href":"https:\/\/energystudio-agency.ro\/demo15\/wp-json\/wp\/v2\/comments?post=20070"}],"version-history":[{"count":1,"href":"https:\/\/energystudio-agency.ro\/demo15\/wp-json\/wp\/v2\/product\/20070\/revisions"}],"predecessor-version":[{"id":20146,"href":"https:\/\/energystudio-agency.ro\/demo15\/wp-json\/wp\/v2\/product\/20070\/revisions\/20146"}],"wp:featuredmedia":[{"embeddable":true,"href":"https:\/\/energystudio-agency.ro\/demo15\/wp-json\/wp\/v2\/media\/20145"}],"wp:attachment":[{"href":"https:\/\/energystudio-agency.ro\/demo15\/wp-json\/wp\/v2\/media?parent=20070"}],"wp:term":[{"taxonomy":"brand","embeddable":true,"href":"https:\/\/energystudio-agency.ro\/demo15\/wp-json\/wp\/v2\/etheme_brands?post=20070"},{"taxonomy":"product_cat","embeddable":true,"href":"https:\/\/energystudio-agency.ro\/demo15\/wp-json\/wp\/v2\/product_cat?post=20070"},{"taxonomy":"product_tag","embeddable":true,"href":"https:\/\/energystudio-agency.ro\/demo15\/wp-json\/wp\/v2\/product_tag?post=20070"}],"curies":[{"name":"wp","href":"https:\/\/api.w.org\/{rel}","templated":true}]}}