{"id":20124,"date":"2022-12-13T22:28:32","date_gmt":"2022-12-13T22:28:32","guid":{"rendered":"https:\/\/energystudio-agency.ro\/demo15\/?post_type=product&#038;p=20124"},"modified":"2022-12-13T23:10:06","modified_gmt":"2022-12-13T23:10:06","slug":"cica-source-sheet-mask-27-gr","status":"publish","type":"product","link":"https:\/\/energystudio-agency.ro\/demo15\/shop\/ingrijire-personala-cosmetice\/ingrijire-ten\/masti-facilale\/cica-source-sheet-mask-27-gr\/","title":{"rendered":"CICA SOURCE SHEET MASK 27 gr"},"content":{"rendered":"<p style=\"margin: 0cm\"><span lang=\"EN-US\" style=\"font-size: 14.0pt\">Masc\u0103 ideal\u0103 pentru tenul cu probleme; se poate folosi zilnic.<\/span><\/p>\n<p style=\"margin: 0cm\"><span lang=\"EN-US\" style=\"font-size: 14.0pt\">\u00a0<\/span><\/p>\n<p style=\"margin: 0cm\"><span lang=\"EN-US\" style=\"font-size: 14.0pt\">Calmeaz\u0103 rapid pielea sensibil\u0103 si o re\u00eemprosp\u0103teaz\u0103 pielea. Con\u021bine ulei din arbore de ceai, care ajut\u0103 la calmarea pielii sensibile \u0219i cu ro\u0219ea\u021b\u0103.<\/span><\/p>\n<p style=\"margin: 0cm\"><span lang=\"EN-US\" style=\"font-size: 14.0pt\">\u00a0<\/span><\/p>\n<p style=\"margin: 0cm\"><span lang=\"EN-US\" style=\"font-size: 14.0pt\">Centella Asiatic\u0103 este cunoscut\u0103 pentru efectul calmant asupra tenului cu probleme \u0219i tenul sensibil, elimin\u0103 excesul de sebum, purific\u0103, cur\u0103\u021b\u0103 \u00een profunzime porii, rezultatul fiind o piele clar\u0103, neted\u0103 \u0219i f\u0103r\u0103 imperfec\u021biuni.<\/span><\/p>\n<p style=\"margin: 0cm\"><span lang=\"EN-US\" style=\"font-size: 14.0pt\">Se poate utiliza si in sarcina\/alaptare.\u00a0<\/span><\/p>\n<p style=\"margin: 0cm\"><span lang=\"EN-US\" style=\"font-size: 14.0pt\">ZONA DE APLICARE:\u00a0Fa\u021b\u0103.<\/span><\/p>\n<p style=\"margin: 0cm\"><span lang=\"EN-US\" style=\"font-size: 14.0pt\">TIP DE TEN:\u00a0Gras, Ten cu probleme.<\/span><\/p>\n","protected":false},"excerpt":{"rendered":"<p>Masc\u0103 ideal\u0103 pentru tenul cu probleme; se poate folosi zilnic. \u00a0 Calmeaz\u0103 rapid pielea sensibil\u0103 si o re\u00eemprosp\u0103teaz\u0103 pielea. Con\u021bine ulei din arbore de ceai, care ajut\u0103 la calmarea pielii sensibile \u0219i cu ro\u0219ea\u021b\u0103. \u00a0 Centella Asiatic\u0103 este cunoscut\u0103 pentru efectul calmant asupra tenului cu&#8230;<\/p>\n","protected":false},"featured_media":20190,"comment_status":"open","ping_status":"closed","template":"","meta":[],"etheme_brands":[],"product_cat":[812,739,802],"product_tag":[814,838,804,841,931,817],"class_list":{"0":"post-20124","1":"product","2":"type-product","3":"status-publish","4":"has-post-thumbnail","6":"product_cat-acnee","7":"product_cat-ingrijire-ten","8":"product_cat-masti-facilale","9":"product_tag-acnee","10":"product_tag-cosuri","11":"product_tag-masca-de-fata","12":"product_tag-puncte-negre","13":"product_tag-sebum","14":"product_tag-ten-gras","16":"first","17":"instock","18":"shipping-taxable","19":"purchasable","20":"product-type-simple"},"_links":{"self":[{"href":"https:\/\/energystudio-agency.ro\/demo15\/wp-json\/wp\/v2\/product\/20124","targetHints":{"allow":["GET"]}}],"collection":[{"href":"https:\/\/energystudio-agency.ro\/demo15\/wp-json\/wp\/v2\/product"}],"about":[{"href":"https:\/\/energystudio-agency.ro\/demo15\/wp-json\/wp\/v2\/types\/product"}],"replies":[{"embeddable":true,"href":"https:\/\/energystudio-agency.ro\/demo15\/wp-json\/wp\/v2\/comments?post=20124"}],"version-history":[{"count":1,"href":"https:\/\/energystudio-agency.ro\/demo15\/wp-json\/wp\/v2\/product\/20124\/revisions"}],"predecessor-version":[{"id":20191,"href":"https:\/\/energystudio-agency.ro\/demo15\/wp-json\/wp\/v2\/product\/20124\/revisions\/20191"}],"wp:featuredmedia":[{"embeddable":true,"href":"https:\/\/energystudio-agency.ro\/demo15\/wp-json\/wp\/v2\/media\/20190"}],"wp:attachment":[{"href":"https:\/\/energystudio-agency.ro\/demo15\/wp-json\/wp\/v2\/media?parent=20124"}],"wp:term":[{"taxonomy":"brand","embeddable":true,"href":"https:\/\/energystudio-agency.ro\/demo15\/wp-json\/wp\/v2\/etheme_brands?post=20124"},{"taxonomy":"product_cat","embeddable":true,"href":"https:\/\/energystudio-agency.ro\/demo15\/wp-json\/wp\/v2\/product_cat?post=20124"},{"taxonomy":"product_tag","embeddable":true,"href":"https:\/\/energystudio-agency.ro\/demo15\/wp-json\/wp\/v2\/product_tag?post=20124"}],"curies":[{"name":"wp","href":"https:\/\/api.w.org\/{rel}","templated":true}]}}