{"id":20126,"date":"2022-12-13T22:28:32","date_gmt":"2022-12-13T22:28:32","guid":{"rendered":"https:\/\/energystudio-agency.ro\/demo15\/?post_type=product&#038;p=20126"},"modified":"2022-12-13T23:10:06","modified_gmt":"2022-12-13T23:10:06","slug":"ganoderma-lucidum-mask-33gr","status":"publish","type":"product","link":"https:\/\/energystudio-agency.ro\/demo15\/shop\/ingrijire-personala-cosmetice\/ingrijire-ten\/riduri\/ganoderma-lucidum-mask-33gr\/","title":{"rendered":"GANODERMA LUCIDUM MASK  33gr"},"content":{"rendered":"<p style=\"margin: 0cm;background: white\"><span lang=\"EN-US\" style=\"font-size: 14.0pt;color: #1d2228\">Masc\u0103 pentru str\u0103lucire \u0219i hidratare con\u021bine extract de tulpin\u0103 de Ganoderma Lucidum care furnizeaz\u0103 elasticitate pielii. Este o masc\u0103 eficient\u0103 cu ac\u021biuni diferite,care vizeaz\u0103 problemele pielii, realizat\u0103 din bumbac 100% moale \u0219i asigur\u0103 men\u021binerea umidit\u0103\u021bii, permite absorb\u021bia nutrientilor \u0219i ajut\u0103 pielea s\u0103 r\u0103m\u00e2n\u0103 ferm\u0103 ,hidratat\u0103 \u0219i luminoas\u0103. Este potrivita si pentru prevenirea ridurilor.<\/span><\/p>\n<p style=\"margin: 0cm;background: white\"><span lang=\"EN-US\" style=\"font-size: 14.0pt;color: #1d2228\">\u00a0<\/span><\/p>\n<p style=\"margin: 0cm;background: white\"><span lang=\"EN-US\" style=\"font-size: 14.0pt;color: #1d2228\">Con\u021bine \u201cbetain\u0103\u201d ce furnizeaz\u0103 energie pielii pentru a o consolida \u0219i pentru a face pielea s\u0103 fie mai tonifiat\u0103.<\/span><\/p>\n<p style=\"margin: 0cm;background: white\"><span lang=\"EN-US\" style=\"font-size: 14.0pt;color: #1d2228\">Se poate utiliza si in sarcina\/alaptare.\u00a0<\/span><\/p>\n<p style=\"margin: 0cm;background: white\"><span lang=\"EN-US\" style=\"font-size: 14.0pt;color: #1d2228\">ZONA DE APLICARE:\u00a0Fa\u021b\u0103.<\/span><\/p>\n<p style=\"margin: 0cm;background: white\"><span lang=\"EN-US\" style=\"font-size: 14.0pt;color: #1d2228\">TIP DE TEN:\u00a0Uscat, Antirid.<\/span><\/p>\n","protected":false},"excerpt":{"rendered":"<p>Masc\u0103 pentru str\u0103lucire \u0219i hidratare con\u021bine extract de tulpin\u0103 de Ganoderma Lucidum care furnizeaz\u0103 elasticitate pielii. Este o masc\u0103 eficient\u0103 cu ac\u021biuni diferite,care vizeaz\u0103 problemele pielii, realizat\u0103 din bumbac 100% moale \u0219i asigur\u0103 men\u021binerea umidit\u0103\u021bii, permite absorb\u021bia nutrientilor \u0219i ajut\u0103 pielea s\u0103 r\u0103m\u00e2n\u0103 ferm\u0103 ,hidratat\u0103&#8230;<\/p>\n","protected":false},"featured_media":20194,"comment_status":"open","ping_status":"closed","template":"","meta":[],"etheme_brands":[],"product_cat":[739,802,747],"product_tag":[754,1115,804,842,750,761],"class_list":{"0":"post-20126","1":"product","2":"type-product","3":"status-publish","4":"has-post-thumbnail","6":"product_cat-ingrijire-ten","7":"product_cat-masti-facilale","8":"product_cat-riduri","9":"product_tag-antirid","10":"product_tag-hidrateaza","11":"product_tag-masca-de-fata","12":"product_tag-pentru-fata","13":"product_tag-riduri","14":"product_tag-ten-uscat","16":"first","17":"instock","18":"shipping-taxable","19":"purchasable","20":"product-type-simple"},"_links":{"self":[{"href":"https:\/\/energystudio-agency.ro\/demo15\/wp-json\/wp\/v2\/product\/20126","targetHints":{"allow":["GET"]}}],"collection":[{"href":"https:\/\/energystudio-agency.ro\/demo15\/wp-json\/wp\/v2\/product"}],"about":[{"href":"https:\/\/energystudio-agency.ro\/demo15\/wp-json\/wp\/v2\/types\/product"}],"replies":[{"embeddable":true,"href":"https:\/\/energystudio-agency.ro\/demo15\/wp-json\/wp\/v2\/comments?post=20126"}],"version-history":[{"count":1,"href":"https:\/\/energystudio-agency.ro\/demo15\/wp-json\/wp\/v2\/product\/20126\/revisions"}],"predecessor-version":[{"id":20195,"href":"https:\/\/energystudio-agency.ro\/demo15\/wp-json\/wp\/v2\/product\/20126\/revisions\/20195"}],"wp:featuredmedia":[{"embeddable":true,"href":"https:\/\/energystudio-agency.ro\/demo15\/wp-json\/wp\/v2\/media\/20194"}],"wp:attachment":[{"href":"https:\/\/energystudio-agency.ro\/demo15\/wp-json\/wp\/v2\/media?parent=20126"}],"wp:term":[{"taxonomy":"brand","embeddable":true,"href":"https:\/\/energystudio-agency.ro\/demo15\/wp-json\/wp\/v2\/etheme_brands?post=20126"},{"taxonomy":"product_cat","embeddable":true,"href":"https:\/\/energystudio-agency.ro\/demo15\/wp-json\/wp\/v2\/product_cat?post=20126"},{"taxonomy":"product_tag","embeddable":true,"href":"https:\/\/energystudio-agency.ro\/demo15\/wp-json\/wp\/v2\/product_tag?post=20126"}],"curies":[{"name":"wp","href":"https:\/\/api.w.org\/{rel}","templated":true}]}}