{"id":20127,"date":"2022-12-13T22:28:32","date_gmt":"2022-12-13T22:28:32","guid":{"rendered":"https:\/\/energystudio-agency.ro\/demo15\/?post_type=product&#038;p=20127"},"modified":"2022-12-13T23:10:07","modified_gmt":"2022-12-13T23:10:07","slug":"premium-charcoal-mineral-mask-33gr","status":"publish","type":"product","link":"https:\/\/energystudio-agency.ro\/demo15\/shop\/ingrijire-personala-cosmetice\/ingrijire-ten\/hidratare\/premium-charcoal-mineral-mask-33gr\/","title":{"rendered":"PREMIUM CHARCOAL MINERAL MASK 33gr"},"content":{"rendered":"<p style=\"margin: 0cm;background: white\"><span lang=\"EN-US\" style=\"font-size: 14.0pt;color: #1d2228\">Masca cu c\u0103rbune ajut\u0103 la cur\u0103\u021barea pielii, are efect puternic de anti-oxidant \u0219i las\u0103 pielea curat\u0103 \u0219i transparent\u0103.<\/span><\/p>\n<p style=\"margin: 0cm;background: white\"><span lang=\"EN-US\" style=\"font-size: 14.0pt;color: #1d2228\">\u00a0<\/span><\/p>\n<p style=\"margin: 0cm;background: white\"><span lang=\"EN-US\" style=\"font-size: 14.0pt;color: #1d2228\">Aceast\u0103 masc\u0103 contribuie la eliminarea excesului de sebum, diminuarea vizibil\u0103 a porilor, la \u00eembun\u0103t\u0103\u021birea fermit\u0103\u021bii pielii \u0219i la \u00eenl\u0103turarea celulelor moarte \u0219i a impurit\u0103\u021bilor de pe suprafa\u021ba pielii.<\/span><\/p>\n<p style=\"margin: 0cm;background: white\"><span lang=\"EN-US\" style=\"font-size: 14.0pt;color: #1d2228\">\u00a0<\/span><\/p>\n<p style=\"margin: 0cm;background: white\"><span lang=\"EN-US\" style=\"font-size: 14.0pt;color: #1d2228\">ZONA DE APLICARE:\u00a0Fa\u021b\u0103.<\/span><\/p>\n<p style=\"margin: 0cm;background: white\"><span lang=\"EN-US\" style=\"font-size: 14.0pt;color: #1d2228\">TIP DE TEN:\u00a0Uscat, Gras, Pori dilata\u021bi, Pete pigmentare.<\/span><\/p>\n","protected":false},"excerpt":{"rendered":"<p>Masca cu c\u0103rbune ajut\u0103 la cur\u0103\u021barea pielii, are efect puternic de anti-oxidant \u0219i las\u0103 pielea curat\u0103 \u0219i transparent\u0103. \u00a0 Aceast\u0103 masc\u0103 contribuie la eliminarea excesului de sebum, diminuarea vizibil\u0103 a porilor, la \u00eembun\u0103t\u0103\u021birea fermit\u0103\u021bii pielii \u0219i la \u00eenl\u0103turarea celulelor moarte \u0219i a impurit\u0103\u021bilor de pe&#8230;<\/p>\n","protected":false},"featured_media":20196,"comment_status":"open","ping_status":"closed","template":"","meta":[],"etheme_brands":[],"product_cat":[778,746,739,802,779],"product_tag":[1119,804,782,1120,817,761],"class_list":{"0":"post-20127","1":"product","2":"type-product","3":"status-publish","4":"has-post-thumbnail","6":"product_cat-diminuarea-porilor","7":"product_cat-hidratare","8":"product_cat-ingrijire-ten","9":"product_cat-masti-facilale","10":"product_cat-pete-pigmentare","11":"product_tag-masca-cu-carbune","12":"product_tag-masca-de-fata","13":"product_tag-pete-pigmentare","14":"product_tag-pori-dilatati","15":"product_tag-ten-gras","16":"product_tag-ten-uscat","18":"first","19":"instock","20":"shipping-taxable","21":"purchasable","22":"product-type-simple"},"_links":{"self":[{"href":"https:\/\/energystudio-agency.ro\/demo15\/wp-json\/wp\/v2\/product\/20127","targetHints":{"allow":["GET"]}}],"collection":[{"href":"https:\/\/energystudio-agency.ro\/demo15\/wp-json\/wp\/v2\/product"}],"about":[{"href":"https:\/\/energystudio-agency.ro\/demo15\/wp-json\/wp\/v2\/types\/product"}],"replies":[{"embeddable":true,"href":"https:\/\/energystudio-agency.ro\/demo15\/wp-json\/wp\/v2\/comments?post=20127"}],"version-history":[{"count":1,"href":"https:\/\/energystudio-agency.ro\/demo15\/wp-json\/wp\/v2\/product\/20127\/revisions"}],"predecessor-version":[{"id":20197,"href":"https:\/\/energystudio-agency.ro\/demo15\/wp-json\/wp\/v2\/product\/20127\/revisions\/20197"}],"wp:featuredmedia":[{"embeddable":true,"href":"https:\/\/energystudio-agency.ro\/demo15\/wp-json\/wp\/v2\/media\/20196"}],"wp:attachment":[{"href":"https:\/\/energystudio-agency.ro\/demo15\/wp-json\/wp\/v2\/media?parent=20127"}],"wp:term":[{"taxonomy":"brand","embeddable":true,"href":"https:\/\/energystudio-agency.ro\/demo15\/wp-json\/wp\/v2\/etheme_brands?post=20127"},{"taxonomy":"product_cat","embeddable":true,"href":"https:\/\/energystudio-agency.ro\/demo15\/wp-json\/wp\/v2\/product_cat?post=20127"},{"taxonomy":"product_tag","embeddable":true,"href":"https:\/\/energystudio-agency.ro\/demo15\/wp-json\/wp\/v2\/product_tag?post=20127"}],"curies":[{"name":"wp","href":"https:\/\/api.w.org\/{rel}","templated":true}]}}