{"id":20210,"date":"2022-12-13T22:29:19","date_gmt":"2022-12-13T22:29:19","guid":{"rendered":"https:\/\/energystudio-agency.ro\/demo15\/?post_type=product&#038;p=20210"},"modified":"2022-12-13T23:10:01","modified_gmt":"2022-12-13T23:10:01","slug":"dual-derm-spot-patch-70pcs","status":"publish","type":"product","link":"https:\/\/energystudio-agency.ro\/demo15\/shop\/ingrijire-personala-cosmetice\/ingrijire-ten\/masti-facilale\/dual-derm-spot-patch-70pcs\/","title":{"rendered":"DUAL DERM SPOT PATCH 70pcs"},"content":{"rendered":"<p>Plasturi pentru acnee, Dual Derm Spot Patch<\/p>\n<p><b>Proprietati:<\/b><\/p>\n<p>&#8211; sunt realiza\u021bi special pentru acnee,<\/p>\n<p>&#8211; ajut\u0103 la extrac\u021bie ( aduc cosul la suprafa\u021b\u0103), il trateaz\u0103,<\/p>\n<p>&#8211; vindec\u0103 si calmeaz\u0103 locul in care au fost aplica\u021bi si estompeaz\u0103 cicatricile.<\/p>\n<p><b>&#8211; Plaster patch (verzi- 40buc ):<\/b>\u00a0amelioreaz\u0103 imperfec\u021biunile tenului, co\u0219urilor, extrag impurit\u0103\u021bile din papule, previn r\u0103sp\u00e2ndirea bacteriilor. Con\u021bin acid salicilic , care ajut\u0103 la estomparea imperfec\u021biunilor, stimuleaz\u0103 regenerarea celular\u0103, \u0219i arbore de ceai care ajut\u0103 la calmare \u0219i are grij\u0103 de pielea sensibil\u0103 \u0219i extracte din plante de salcie care protejeaz\u0103 \u0219i calmeaz\u0103 pielea de factorii externi.<\/p>\n<p><b>&#8211; Hydrocolloid patch (rose- 30buc):<\/b>\u00a0se folosesc dupa extractie, accelereaz\u0103 vindecarea men\u021bin umiditatea pentru a nu permite ca punctele negre\/albe sau co\u0219urile s\u0103 reapar\u0103, reduc eficient ro\u0219ea\u021ba \u0219i edemul din jurul co\u0219ului. Au rolul de a cicatriza , camufla \u0219i vindeca zona tratat\u0103. Sunt hipoalergenici \u0219i pot fi folosi\u021bi pe tenul sensibil. Asigur\u0103 o aderen\u021b\u0103 excelenta \u0219i permit acoperire natural\u0103.<\/p>\n<p>Plasturii sunt ambalati individual si permit depozitarea igienic\u0103.<\/p>\n<p><b>ZONA DE APLICARE:\u00a0<\/b>fa\u021b\u0103, corp.<\/p>\n<p><b>TIP DE TEN:\u00a0<\/b>cu probleme, acnee.<\/p>\n","protected":false},"excerpt":{"rendered":"<p>Plasturi pentru acnee, Dual Derm Spot Patch Proprietati: &#8211; sunt realiza\u021bi special pentru acnee, &#8211; ajut\u0103 la extrac\u021bie ( aduc cosul la suprafa\u021b\u0103), il trateaz\u0103, &#8211; vindec\u0103 si calmeaz\u0103 locul in care au fost aplica\u021bi si estompeaz\u0103 cicatricile. &#8211; Plaster patch (verzi- 40buc ):\u00a0amelioreaz\u0103 imperfec\u021biunile&#8230;<\/p>\n","protected":false},"featured_media":20254,"comment_status":"open","ping_status":"closed","template":"","meta":[],"etheme_brands":[],"product_cat":[812,739,802],"product_tag":[814,838,961,842,1145],"class_list":{"0":"post-20210","1":"product","2":"type-product","3":"status-publish","4":"has-post-thumbnail","6":"product_cat-acnee","7":"product_cat-ingrijire-ten","8":"product_cat-masti-facilale","9":"product_tag-acnee","10":"product_tag-cosuri","11":"product_tag-pentru-corp","12":"product_tag-pentru-fata","13":"product_tag-plasturi-pentru-acnee","15":"first","16":"instock","17":"shipping-taxable","18":"purchasable","19":"product-type-simple"},"_links":{"self":[{"href":"https:\/\/energystudio-agency.ro\/demo15\/wp-json\/wp\/v2\/product\/20210","targetHints":{"allow":["GET"]}}],"collection":[{"href":"https:\/\/energystudio-agency.ro\/demo15\/wp-json\/wp\/v2\/product"}],"about":[{"href":"https:\/\/energystudio-agency.ro\/demo15\/wp-json\/wp\/v2\/types\/product"}],"replies":[{"embeddable":true,"href":"https:\/\/energystudio-agency.ro\/demo15\/wp-json\/wp\/v2\/comments?post=20210"}],"version-history":[{"count":1,"href":"https:\/\/energystudio-agency.ro\/demo15\/wp-json\/wp\/v2\/product\/20210\/revisions"}],"predecessor-version":[{"id":20255,"href":"https:\/\/energystudio-agency.ro\/demo15\/wp-json\/wp\/v2\/product\/20210\/revisions\/20255"}],"wp:featuredmedia":[{"embeddable":true,"href":"https:\/\/energystudio-agency.ro\/demo15\/wp-json\/wp\/v2\/media\/20254"}],"wp:attachment":[{"href":"https:\/\/energystudio-agency.ro\/demo15\/wp-json\/wp\/v2\/media?parent=20210"}],"wp:term":[{"taxonomy":"brand","embeddable":true,"href":"https:\/\/energystudio-agency.ro\/demo15\/wp-json\/wp\/v2\/etheme_brands?post=20210"},{"taxonomy":"product_cat","embeddable":true,"href":"https:\/\/energystudio-agency.ro\/demo15\/wp-json\/wp\/v2\/product_cat?post=20210"},{"taxonomy":"product_tag","embeddable":true,"href":"https:\/\/energystudio-agency.ro\/demo15\/wp-json\/wp\/v2\/product_tag?post=20210"}],"curies":[{"name":"wp","href":"https:\/\/api.w.org\/{rel}","templated":true}]}}