{"id":20260,"date":"2022-12-13T22:29:43","date_gmt":"2022-12-13T22:29:43","guid":{"rendered":"https:\/\/energystudio-agency.ro\/demo15\/?post_type=product&#038;p=20260"},"modified":"2022-12-13T23:09:56","modified_gmt":"2022-12-13T23:09:56","slug":"kit-depigmentare","status":"publish","type":"product","link":"https:\/\/energystudio-agency.ro\/demo15\/shop\/ingrijire-personala-cosmetice\/ingrijire-ten\/spf\/kit-depigmentare\/","title":{"rendered":"Kit Depigmentare"},"content":{"rendered":"<p>Contine:<\/p>\n<ol>\n<li><a href=\"https:\/\/oneskincareshop.ro\/product\/defencextra-crema-cu-protectie-solara-80-spf-50-ml\/\">DefencExtra 80 SPF &#8211;<\/a>Crem\u0103 cu protec\u021bie solar\u0103 maximal\u0103 80 SPF, cu filtre avansate UVA\/UVB<\/li>\n<li><a href=\"https:\/\/oneskincareshop.ro\/product\/gel-exfoliant-30ml\/\">ExfoLight\u00a0<\/a> &#8211;\u00a0Gel exfoliant cu acizi din fructe, uniformizeaz\u0103 tenul instant<\/li>\n<li><a href=\"https:\/\/oneskincareshop.ro\/product\/whitextreme-crema-activa-depigmentant-50-ml\/\">WhitExtreme<\/a>-Crem\u0103 activ\u0103 depigmentant\u0103 de fa\u021b\u0103, cu textur\u0103 u\u0219oar\u0103<\/li>\n<li><a href=\"https:\/\/oneskincareshop.ro\/product\/creamask-c-masca-faciala-cu-vit-c-50ml\/\">CreaMask C\u00a0<\/a> -Masc\u0103 de zi\/noapte absorbant\u0103 \u0219i matifiant\u0103<\/li>\n<\/ol>\n","protected":false},"excerpt":{"rendered":"<p>Contine: DefencExtra 80 SPF &#8211;Crem\u0103 cu protec\u021bie solar\u0103 maximal\u0103 80 SPF, cu filtre avansate UVA\/UVB ExfoLight\u00a0 &#8211;\u00a0Gel exfoliant cu acizi din fructe, uniformizeaz\u0103 tenul instant WhitExtreme-Crem\u0103 activ\u0103 depigmentant\u0103 de fa\u021b\u0103, cu textur\u0103 u\u0219oar\u0103 CreaMask C\u00a0 -Masc\u0103 de zi\/noapte absorbant\u0103 \u0219i matifiant\u0103<\/p>\n","protected":false},"featured_media":20320,"comment_status":"open","ping_status":"closed","template":"","meta":[],"etheme_brands":[],"product_cat":[813,739,1150,779,762],"product_tag":[815,1152,804,782,1153,765,786],"class_list":{"0":"post-20260","1":"product","2":"type-product","3":"status-publish","4":"has-post-thumbnail","6":"product_cat-exfoliant","7":"product_cat-ingrijire-ten","8":"product_cat-kit-uri","9":"product_cat-pete-pigmentare","10":"product_cat-spf","11":"product_tag-exfoliant","12":"product_tag-kit","13":"product_tag-masca-de-fata","14":"product_tag-pete-pigmentare","15":"product_tag-set","16":"product_tag-spf","17":"product_tag-vitamina-c","19":"first","20":"instock","21":"shipping-taxable","22":"purchasable","23":"product-type-simple"},"_links":{"self":[{"href":"https:\/\/energystudio-agency.ro\/demo15\/wp-json\/wp\/v2\/product\/20260","targetHints":{"allow":["GET"]}}],"collection":[{"href":"https:\/\/energystudio-agency.ro\/demo15\/wp-json\/wp\/v2\/product"}],"about":[{"href":"https:\/\/energystudio-agency.ro\/demo15\/wp-json\/wp\/v2\/types\/product"}],"replies":[{"embeddable":true,"href":"https:\/\/energystudio-agency.ro\/demo15\/wp-json\/wp\/v2\/comments?post=20260"}],"version-history":[{"count":1,"href":"https:\/\/energystudio-agency.ro\/demo15\/wp-json\/wp\/v2\/product\/20260\/revisions"}],"predecessor-version":[{"id":20321,"href":"https:\/\/energystudio-agency.ro\/demo15\/wp-json\/wp\/v2\/product\/20260\/revisions\/20321"}],"wp:featuredmedia":[{"embeddable":true,"href":"https:\/\/energystudio-agency.ro\/demo15\/wp-json\/wp\/v2\/media\/20320"}],"wp:attachment":[{"href":"https:\/\/energystudio-agency.ro\/demo15\/wp-json\/wp\/v2\/media?parent=20260"}],"wp:term":[{"taxonomy":"brand","embeddable":true,"href":"https:\/\/energystudio-agency.ro\/demo15\/wp-json\/wp\/v2\/etheme_brands?post=20260"},{"taxonomy":"product_cat","embeddable":true,"href":"https:\/\/energystudio-agency.ro\/demo15\/wp-json\/wp\/v2\/product_cat?post=20260"},{"taxonomy":"product_tag","embeddable":true,"href":"https:\/\/energystudio-agency.ro\/demo15\/wp-json\/wp\/v2\/product_tag?post=20260"}],"curies":[{"name":"wp","href":"https:\/\/api.w.org\/{rel}","templated":true}]}}