{"id":20262,"date":"2022-12-13T22:29:43","date_gmt":"2022-12-13T22:29:43","guid":{"rendered":"https:\/\/energystudio-agency.ro\/demo15\/?post_type=product&#038;p=20262"},"modified":"2022-12-13T23:09:56","modified_gmt":"2022-12-13T23:09:56","slug":"kit-antiage","status":"publish","type":"product","link":"https:\/\/energystudio-agency.ro\/demo15\/shop\/ingrijire-personala-cosmetice\/ingrijire-ten\/cearcane\/kit-antiage\/","title":{"rendered":"Kit AntiAge"},"content":{"rendered":"<p><a href=\"https:\/\/oneskincareshop.ro\/product\/circleye-complex-crema-de-ochi-15-ml\/\">1.CirclEye Complex \u2013 Crem\u0103 de ochi 15 ml\u00a0<\/a> &#8211; Crem\u0103 cu efect de lifting instant pentru pielea din jurul ochilor<\/p>\n<pre>2.<a href=\"https:\/\/oneskincareshop.ro\/product\/totalift-24h-crema-hidratanta-de-zi-50-ml\/\">TotaLift 24H -crema hidratanta de zi 50 ml<\/a> Efect de \u00eentinerire f\u0103r\u0103 proceduri invazive\r\n\r\n<a href=\"https:\/\/oneskincareshop.ro\/product\/supremeffects-crema-de-noapte-50-ml\/\">3.SupremEffects \u2013 Crem\u0103 de noapte 50 ml<\/a> -Efect de \u00eentinerire f\u0103r\u0103 proceduri invazive\r\n\r\n<a href=\"https:\/\/oneskincareshop.ro\/product\/intense-c-vitaserum-ser-de-fata-30-ml\/\">4.Intense C VitaSerum \u2013 Ser de fa\u021b\u0103 30 ml<\/a> - Ser de fa\u021b\u0103 anti-\u00eemb\u0103tr\u00e2nire, iluminator, cu vitamina C<\/pre>\n<div class=\"woocommerce-product-details__short-description\">\n<p>Ser anti-\u00eembatr\u00e2nire.Conceput pentru a stimula producerea de colagen \u0219i elastin\u0103<\/p>\n<\/div>\n","protected":false},"excerpt":{"rendered":"<p>1.CirclEye Complex \u2013 Crem\u0103 de ochi 15 ml\u00a0 &#8211; Crem\u0103 cu efect de lifting instant pentru pielea din jurul ochilor 2.TotaLift 24H -crema hidratanta de zi 50 ml Efect de \u00eentinerire f\u0103r\u0103 proceduri invazive 3.SupremEffects \u2013 Crem\u0103 de noapte 50 ml -Efect de \u00eentinerire f\u0103r\u0103&#8230;<\/p>\n","protected":false},"featured_media":20328,"comment_status":"open","ping_status":"closed","template":"","meta":[],"etheme_brands":[],"product_cat":[740,739,1150,747],"product_tag":[753,780,742,829,750,784,786],"class_list":{"0":"post-20262","1":"product","2":"type-product","3":"status-publish","4":"has-post-thumbnail","6":"product_cat-cearcane","7":"product_cat-ingrijire-ten","8":"product_cat-kit-uri","9":"product_cat-riduri","10":"product_tag-antiage","11":"product_tag-crema-de-noapte","12":"product_tag-crema-de-ochi","13":"product_tag-crema-de-zi","14":"product_tag-riduri","15":"product_tag-ser-cu-vitamina-c","16":"product_tag-vitamina-c","18":"first","19":"instock","20":"shipping-taxable","21":"purchasable","22":"product-type-simple"},"_links":{"self":[{"href":"https:\/\/energystudio-agency.ro\/demo15\/wp-json\/wp\/v2\/product\/20262","targetHints":{"allow":["GET"]}}],"collection":[{"href":"https:\/\/energystudio-agency.ro\/demo15\/wp-json\/wp\/v2\/product"}],"about":[{"href":"https:\/\/energystudio-agency.ro\/demo15\/wp-json\/wp\/v2\/types\/product"}],"replies":[{"embeddable":true,"href":"https:\/\/energystudio-agency.ro\/demo15\/wp-json\/wp\/v2\/comments?post=20262"}],"version-history":[{"count":1,"href":"https:\/\/energystudio-agency.ro\/demo15\/wp-json\/wp\/v2\/product\/20262\/revisions"}],"predecessor-version":[{"id":20329,"href":"https:\/\/energystudio-agency.ro\/demo15\/wp-json\/wp\/v2\/product\/20262\/revisions\/20329"}],"wp:featuredmedia":[{"embeddable":true,"href":"https:\/\/energystudio-agency.ro\/demo15\/wp-json\/wp\/v2\/media\/20328"}],"wp:attachment":[{"href":"https:\/\/energystudio-agency.ro\/demo15\/wp-json\/wp\/v2\/media?parent=20262"}],"wp:term":[{"taxonomy":"brand","embeddable":true,"href":"https:\/\/energystudio-agency.ro\/demo15\/wp-json\/wp\/v2\/etheme_brands?post=20262"},{"taxonomy":"product_cat","embeddable":true,"href":"https:\/\/energystudio-agency.ro\/demo15\/wp-json\/wp\/v2\/product_cat?post=20262"},{"taxonomy":"product_tag","embeddable":true,"href":"https:\/\/energystudio-agency.ro\/demo15\/wp-json\/wp\/v2\/product_tag?post=20262"}],"curies":[{"name":"wp","href":"https:\/\/api.w.org\/{rel}","templated":true}]}}