{"id":20263,"date":"2022-12-13T22:29:43","date_gmt":"2022-12-13T22:29:43","guid":{"rendered":"https:\/\/energystudio-agency.ro\/demo15\/?post_type=product&#038;p=20263"},"modified":"2022-12-13T23:09:56","modified_gmt":"2022-12-13T23:09:56","slug":"kit-demachere","status":"publish","type":"product","link":"https:\/\/energystudio-agency.ro\/demo15\/shop\/ingrijire-personala-cosmetice\/ingrijire-ten\/cleanser\/kit-demachere\/","title":{"rendered":"Kit Demachere"},"content":{"rendered":"<p><a href=\"https:\/\/oneskincareshop.ro\/product\/deepure-lapte-de-curatare-150ml\/\">1.DeePure \u2013 Lapte de cur\u0103\u021bare 150ml<\/a>\u00a0 -Lapte de cur\u0103\u021bare \u0219i hidratare cu ap\u0103 glacial\u0103 lipozomal\u0103<\/p>\n<p><a href=\"https:\/\/oneskincareshop.ro\/product\/freshydra-tonic-lotiune-tonica-150ml\/\">2.FresHydra Tonic<\/a> &#8211; Lo\u021biune tonic\u0103 \u0219i hidratant\u0103 cu extracte naturale<\/p>\n<p>&nbsp;<\/p>\n","protected":false},"excerpt":{"rendered":"<p>1.DeePure \u2013 Lapte de cur\u0103\u021bare 150ml\u00a0 -Lapte de cur\u0103\u021bare \u0219i hidratare cu ap\u0103 glacial\u0103 lipozomal\u0103 2.FresHydra Tonic &#8211; Lo\u021biune tonic\u0103 \u0219i hidratant\u0103 cu extracte naturale &nbsp;<\/p>\n","protected":false},"featured_media":20330,"comment_status":"open","ping_status":"closed","template":"","meta":[],"etheme_brands":[],"product_cat":[766,739,1150,831],"product_tag":[767,1157,757,1152,834,842,833],"class_list":{"0":"post-20263","1":"product","2":"type-product","3":"status-publish","4":"has-post-thumbnail","6":"product_cat-cleanser","7":"product_cat-ingrijire-ten","8":"product_cat-kit-uri","9":"product_cat-toner","10":"product_tag-cleanser","11":"product_tag-demachiat","12":"product_tag-hidratare","13":"product_tag-kit","14":"product_tag-lapte-demachiant","15":"product_tag-pentru-fata","16":"product_tag-tonic","18":"first","19":"instock","20":"shipping-taxable","21":"purchasable","22":"product-type-simple"},"_links":{"self":[{"href":"https:\/\/energystudio-agency.ro\/demo15\/wp-json\/wp\/v2\/product\/20263","targetHints":{"allow":["GET"]}}],"collection":[{"href":"https:\/\/energystudio-agency.ro\/demo15\/wp-json\/wp\/v2\/product"}],"about":[{"href":"https:\/\/energystudio-agency.ro\/demo15\/wp-json\/wp\/v2\/types\/product"}],"replies":[{"embeddable":true,"href":"https:\/\/energystudio-agency.ro\/demo15\/wp-json\/wp\/v2\/comments?post=20263"}],"version-history":[{"count":1,"href":"https:\/\/energystudio-agency.ro\/demo15\/wp-json\/wp\/v2\/product\/20263\/revisions"}],"predecessor-version":[{"id":20331,"href":"https:\/\/energystudio-agency.ro\/demo15\/wp-json\/wp\/v2\/product\/20263\/revisions\/20331"}],"wp:featuredmedia":[{"embeddable":true,"href":"https:\/\/energystudio-agency.ro\/demo15\/wp-json\/wp\/v2\/media\/20330"}],"wp:attachment":[{"href":"https:\/\/energystudio-agency.ro\/demo15\/wp-json\/wp\/v2\/media?parent=20263"}],"wp:term":[{"taxonomy":"brand","embeddable":true,"href":"https:\/\/energystudio-agency.ro\/demo15\/wp-json\/wp\/v2\/etheme_brands?post=20263"},{"taxonomy":"product_cat","embeddable":true,"href":"https:\/\/energystudio-agency.ro\/demo15\/wp-json\/wp\/v2\/product_cat?post=20263"},{"taxonomy":"product_tag","embeddable":true,"href":"https:\/\/energystudio-agency.ro\/demo15\/wp-json\/wp\/v2\/product_tag?post=20263"}],"curies":[{"name":"wp","href":"https:\/\/api.w.org\/{rel}","templated":true}]}}