{"id":20313,"date":"2022-12-13T22:30:09","date_gmt":"2022-12-13T22:30:09","guid":{"rendered":"https:\/\/energystudio-agency.ro\/demo15\/?post_type=product&#038;p=20313"},"modified":"2022-12-13T23:09:10","modified_gmt":"2022-12-13T23:09:10","slug":"apa-micelara-allday-natural-cu-acid-hialuronic-100ml","status":"publish","type":"product","link":"https:\/\/energystudio-agency.ro\/demo15\/shop\/ingrijire-personala-cosmetice\/produse-bio\/cosmetice-naturale\/apa-micelara-allday-natural-cu-acid-hialuronic-100ml\/","title":{"rendered":"Apa Micelara AllDay Natural cu Acid Hialuronic 100ml"},"content":{"rendered":"<h2 class=\"vc_custom_heading\">BENEFICII:<\/h2>\n<div class=\"wpb_text_column wpb_content_element \">\n<div class=\"wpb_wrapper\">\n<p>Datorit\u0103 structurilor moleculare inovatoare din compozi\u021bie, apa micelar\u0103 Alldaynatural, \u00eendep\u0103rteaz\u0103 machiajul, chiar \u0219i pe cel rezistent la ap\u0103, excesul de sebum \u0219i impurit\u0103\u021bile de pe ten, ref\u0103c\u00e2nd \u00een acela\u0219i timp echilibrul natural al acestuia. Acidul hialuronic \u0219i revital eyes, p\u0103trund ad\u00e2nc \u00een piele, asigur\u00e2nd hidratare \u00een profunzime \u0219i efect de umplere. Tenul devine proasp\u0103t, curat, luminos \u015fi preg\u0103tit s\u0103 absoarb\u0103 eficient urmatoarele produse de \u00eengrijire AlldayNatural.<\/p>\n<\/div>\n<\/div>\n","protected":false},"excerpt":{"rendered":"<p>BENEFICII: Datorit\u0103 structurilor moleculare inovatoare din compozi\u021bie, apa micelar\u0103 Alldaynatural, \u00eendep\u0103rteaz\u0103 machiajul, chiar \u0219i pe cel rezistent la ap\u0103, excesul de sebum \u0219i impurit\u0103\u021bile de pe ten, ref\u0103c\u00e2nd \u00een acela\u0219i timp echilibrul natural al acestuia. Acidul hialuronic \u0219i revital eyes, p\u0103trund ad\u00e2nc \u00een piele, asigur\u00e2nd&#8230;<\/p>\n","protected":false},"featured_media":20385,"comment_status":"open","ping_status":"closed","template":"","meta":[],"etheme_brands":[],"product_cat":[766,1160,739,948],"product_tag":[1171,1172,767,768,757,1173],"class_list":{"0":"post-20313","1":"product","2":"type-product","3":"status-publish","4":"has-post-thumbnail","6":"product_cat-cleanser","7":"product_cat-cosmetice-naturale","8":"product_cat-ingrijire-ten","9":"product_cat-produse-bio","10":"product_tag-apa","11":"product_tag-apa-micelara-naturala","12":"product_tag-cleanser","13":"product_tag-curatare","14":"product_tag-hidratare","15":"product_tag-produse-naturale","17":"first","18":"instock","19":"shipping-taxable","20":"purchasable","21":"product-type-simple"},"_links":{"self":[{"href":"https:\/\/energystudio-agency.ro\/demo15\/wp-json\/wp\/v2\/product\/20313","targetHints":{"allow":["GET"]}}],"collection":[{"href":"https:\/\/energystudio-agency.ro\/demo15\/wp-json\/wp\/v2\/product"}],"about":[{"href":"https:\/\/energystudio-agency.ro\/demo15\/wp-json\/wp\/v2\/types\/product"}],"replies":[{"embeddable":true,"href":"https:\/\/energystudio-agency.ro\/demo15\/wp-json\/wp\/v2\/comments?post=20313"}],"version-history":[{"count":1,"href":"https:\/\/energystudio-agency.ro\/demo15\/wp-json\/wp\/v2\/product\/20313\/revisions"}],"predecessor-version":[{"id":20386,"href":"https:\/\/energystudio-agency.ro\/demo15\/wp-json\/wp\/v2\/product\/20313\/revisions\/20386"}],"wp:featuredmedia":[{"embeddable":true,"href":"https:\/\/energystudio-agency.ro\/demo15\/wp-json\/wp\/v2\/media\/20385"}],"wp:attachment":[{"href":"https:\/\/energystudio-agency.ro\/demo15\/wp-json\/wp\/v2\/media?parent=20313"}],"wp:term":[{"taxonomy":"brand","embeddable":true,"href":"https:\/\/energystudio-agency.ro\/demo15\/wp-json\/wp\/v2\/etheme_brands?post=20313"},{"taxonomy":"product_cat","embeddable":true,"href":"https:\/\/energystudio-agency.ro\/demo15\/wp-json\/wp\/v2\/product_cat?post=20313"},{"taxonomy":"product_tag","embeddable":true,"href":"https:\/\/energystudio-agency.ro\/demo15\/wp-json\/wp\/v2\/product_tag?post=20313"}],"curies":[{"name":"wp","href":"https:\/\/api.w.org\/{rel}","templated":true}]}}