{"id":20314,"date":"2022-12-13T22:30:09","date_gmt":"2022-12-13T22:30:09","guid":{"rendered":"https:\/\/energystudio-agency.ro\/demo15\/?post_type=product&#038;p=20314"},"modified":"2022-12-13T23:09:10","modified_gmt":"2022-12-13T23:09:10","slug":"booster-energizant-luxury-dor-alldaynatural","status":"publish","type":"product","link":"https:\/\/energystudio-agency.ro\/demo15\/shop\/ingrijire-personala-cosmetice\/produse-bio\/cosmetice-naturale\/booster-energizant-luxury-dor-alldaynatural\/","title":{"rendered":"BOOSTER ENERGIZANT LUXURY D\u2019OR AllDayNatural"},"content":{"rendered":"<p>Formul\u0103 inovatoare<span class=\"Apple-converted-space\">\u00a0<\/span>cu aur coloidal, o concentra\u021bie mare de ingrediente active, ingenioase, reparatoare, care multiplic\u0103 \u0219i accelereaz\u0103 rezultatele anti-aging, asigur\u00e2nd o hidratare infinit\u0103 \u00een diferite straturi ale epidermei, cu un efect vizibil de \u00eentinerire, fortifiere \u0219i reumplere.<\/p>\n<p>&nbsp;<\/p>\n<div class=\"vc_row wpb_row vc_row-fluid vc_row-o-content-middle vc_row-flex\">\n<div class=\"wpb_column vc_column_container vc_col-sm-8\">\n<div class=\"vc_column-inner\">\n<div class=\"wpb_wrapper\">\n<h2 class=\"vc_custom_heading\">BENEFICII:<\/h2>\n<div class=\"wpb_text_column wpb_content_element \">\n<div class=\"wpb_wrapper\">\n<p>Efect lifting imediat \u0219i \u00eembun\u0103t\u0103\u021birea conturului facial, precum \u0219i restaurarea vitalit\u0103\u021bii \u0219i a str\u0103lucirii naturale a pielii.<\/p>\n<p>Datorit\u0103 formulei sale puternic concentrate de ingrediente active, regenereaz\u0103, reechilibreaz\u0103, rehidrateaz\u0103 \u0219i restabile\u0219te \u021besuturilor o senza\u021bie delicat\u0103 \u0219i infinit\u0103 de bun\u0103stare \u0219i vitalitate.<\/p>\n<p>Inhib\u0103 procesele de \u00eemb\u0103tr\u00e2nire \u00eentr-un mod natural, asigur\u00e2nd confortul intensiv al tenului.<\/p>\n<p>Pielea este intens hidratat\u0103 \u0219i plin\u0103 timp \u00eendelungat, dar \u0219i mai puternic\u0103 \u0219i mai capabil\u0103 s\u0103 reziste la agresiunea mediului exterior.<\/p>\n<p>Ajut\u0103 la incorporarea de elemente nutritive minerale, \u00een timp ce previne l\u0103sarea pielii.<\/p>\n<\/div>\n<\/div>\n<\/div>\n<\/div>\n<\/div>\n<\/div>\n<div class=\"vc_row wpb_row vc_row-fluid\">\n<div class=\"wpb_column vc_column_container vc_col-sm-12\">\n<div class=\"vc_column-inner\">\n<div class=\"wpb_wrapper\">\n<div class=\"vc_empty_space\"><\/div>\n<\/div>\n<\/div>\n<\/div>\n<\/div>\n<div class=\"vc_row wpb_row vc_row-fluid vc_row-o-content-middle vc_row-flex\">\n<div class=\"wpb_column vc_column_container vc_col-sm-8\">\n<div class=\"vc_column-inner\">\n<div class=\"wpb_wrapper\"><\/div>\n<\/div>\n<\/div>\n<\/div>\n","protected":false},"excerpt":{"rendered":"<p>Formul\u0103 inovatoare\u00a0cu aur coloidal, o concentra\u021bie mare de ingrediente active, ingenioase, reparatoare, care multiplic\u0103 \u0219i accelereaz\u0103 rezultatele anti-aging, asigur\u00e2nd o hidratare infinit\u0103 \u00een diferite straturi ale epidermei, cu un efect vizibil de \u00eentinerire, fortifiere \u0219i reumplere. &nbsp; BENEFICII: Efect lifting imediat \u0219i \u00eembun\u0103t\u0103\u021birea conturului facial,&#8230;<\/p>\n","protected":false},"featured_media":20387,"comment_status":"open","ping_status":"closed","template":"","meta":[],"etheme_brands":[],"product_cat":[1160,859,746,739,948,747],"product_tag":[754,1174,1175,755,756,1176,1177,1173],"class_list":{"0":"post-20314","1":"product","2":"type-product","3":"status-publish","4":"has-post-thumbnail","6":"product_cat-cosmetice-naturale","7":"product_cat-gat-si-decolteu","8":"product_cat-hidratare","9":"product_cat-ingrijire-ten","10":"product_cat-produse-bio","11":"product_cat-riduri","12":"product_tag-antirid","13":"product_tag-aur-coloidal","14":"product_tag-crema-cu-efect-de-lifting","15":"product_tag-crema-de-fata","16":"product_tag-crema-de-riduri","17":"product_tag-lifting-facial","18":"product_tag-luxuri-dor","19":"product_tag-produse-naturale","21":"first","22":"instock","23":"shipping-taxable","24":"purchasable","25":"product-type-simple"},"_links":{"self":[{"href":"https:\/\/energystudio-agency.ro\/demo15\/wp-json\/wp\/v2\/product\/20314","targetHints":{"allow":["GET"]}}],"collection":[{"href":"https:\/\/energystudio-agency.ro\/demo15\/wp-json\/wp\/v2\/product"}],"about":[{"href":"https:\/\/energystudio-agency.ro\/demo15\/wp-json\/wp\/v2\/types\/product"}],"replies":[{"embeddable":true,"href":"https:\/\/energystudio-agency.ro\/demo15\/wp-json\/wp\/v2\/comments?post=20314"}],"version-history":[{"count":1,"href":"https:\/\/energystudio-agency.ro\/demo15\/wp-json\/wp\/v2\/product\/20314\/revisions"}],"predecessor-version":[{"id":20388,"href":"https:\/\/energystudio-agency.ro\/demo15\/wp-json\/wp\/v2\/product\/20314\/revisions\/20388"}],"wp:featuredmedia":[{"embeddable":true,"href":"https:\/\/energystudio-agency.ro\/demo15\/wp-json\/wp\/v2\/media\/20387"}],"wp:attachment":[{"href":"https:\/\/energystudio-agency.ro\/demo15\/wp-json\/wp\/v2\/media?parent=20314"}],"wp:term":[{"taxonomy":"brand","embeddable":true,"href":"https:\/\/energystudio-agency.ro\/demo15\/wp-json\/wp\/v2\/etheme_brands?post=20314"},{"taxonomy":"product_cat","embeddable":true,"href":"https:\/\/energystudio-agency.ro\/demo15\/wp-json\/wp\/v2\/product_cat?post=20314"},{"taxonomy":"product_tag","embeddable":true,"href":"https:\/\/energystudio-agency.ro\/demo15\/wp-json\/wp\/v2\/product_tag?post=20314"}],"curies":[{"name":"wp","href":"https:\/\/api.w.org\/{rel}","templated":true}]}}