{"id":20325,"date":"2022-12-13T22:30:37","date_gmt":"2022-12-13T22:30:37","guid":{"rendered":"https:\/\/energystudio-agency.ro\/demo15\/?post_type=product&#038;p=20325"},"modified":"2022-12-13T23:09:08","modified_gmt":"2022-12-13T23:09:08","slug":"crema-de-corp-cu-protectie-solara-spf50-allday-natural-150ml","status":"publish","type":"product","link":"https:\/\/energystudio-agency.ro\/demo15\/shop\/ingrijire-personala-cosmetice\/produse-bio\/cosmetice-naturale\/crema-de-corp-cu-protectie-solara-spf50-allday-natural-150ml\/","title":{"rendered":"Crema de corp cu protectie solara SPF50 AllDay Natural 150ml"},"content":{"rendered":"<p>Crema asigur\u0103 protec\u021bie \u00eempotriva razelor UVA, UVB \u0219i men\u021bine nivelul optim de hidratare intens\u0103, cre\u0219te capacitatea de regenerare, \u00een timp ce activeaz\u0103 mecanismele de ap\u0103rare natural\u0103 ale pielii exercit\u00e2nd astfel o dubl\u0103 ac\u021biune \u00eempotriva riscurilor de deteriorare celular\u0103.<\/p>\n<h2 class=\"vc_custom_heading\">BENEFICII:<\/h2>\n<div class=\"wpb_text_column wpb_content_element \">\n<div class=\"wpb_wrapper\">\n<p>Formula de \u00eengrijire a cremei este \u00eembog\u0103\u021bit\u0103 cu acid hialuronic \u0219i antioxidan\u021bi oferind pielii protec\u021bie natural\u0103 \u00eempotriva radia\u021biilor, previne \u00eemb\u0103tr\u00e2nirea pielii \u0219i apari\u021bia riscurilor cauzate de soare.<\/p>\n<\/div>\n<\/div>\n","protected":false},"excerpt":{"rendered":"<p>Crema asigur\u0103 protec\u021bie \u00eempotriva razelor UVA, UVB \u0219i men\u021bine nivelul optim de hidratare intens\u0103, cre\u0219te capacitatea de regenerare, \u00een timp ce activeaz\u0103 mecanismele de ap\u0103rare natural\u0103 ale pielii exercit\u00e2nd astfel o dubl\u0103 ac\u021biune \u00eempotriva riscurilor de deteriorare celular\u0103. BENEFICII: Formula de \u00eengrijire a cremei este&#8230;<\/p>\n","protected":false},"featured_media":20397,"comment_status":"open","ping_status":"closed","template":"","meta":[],"etheme_brands":[],"product_cat":[1160,863,820,948],"product_tag":[1180,850,763,1181,764],"class_list":{"0":"post-20325","1":"product","2":"type-product","3":"status-publish","4":"has-post-thumbnail","6":"product_cat-cosmetice-naturale","7":"product_cat-hidratare-corp","8":"product_cat-ingrijire-corp","9":"product_cat-produse-bio","10":"product_tag-crema-cu-protectie-solara-spf-50","11":"product_tag-crema-de-corp","12":"product_tag-protectie-solara","13":"product_tag-radiatii","14":"product_tag-raze-uv","16":"first","17":"instock","18":"shipping-taxable","19":"purchasable","20":"product-type-simple"},"_links":{"self":[{"href":"https:\/\/energystudio-agency.ro\/demo15\/wp-json\/wp\/v2\/product\/20325","targetHints":{"allow":["GET"]}}],"collection":[{"href":"https:\/\/energystudio-agency.ro\/demo15\/wp-json\/wp\/v2\/product"}],"about":[{"href":"https:\/\/energystudio-agency.ro\/demo15\/wp-json\/wp\/v2\/types\/product"}],"replies":[{"embeddable":true,"href":"https:\/\/energystudio-agency.ro\/demo15\/wp-json\/wp\/v2\/comments?post=20325"}],"version-history":[{"count":1,"href":"https:\/\/energystudio-agency.ro\/demo15\/wp-json\/wp\/v2\/product\/20325\/revisions"}],"predecessor-version":[{"id":20398,"href":"https:\/\/energystudio-agency.ro\/demo15\/wp-json\/wp\/v2\/product\/20325\/revisions\/20398"}],"wp:featuredmedia":[{"embeddable":true,"href":"https:\/\/energystudio-agency.ro\/demo15\/wp-json\/wp\/v2\/media\/20397"}],"wp:attachment":[{"href":"https:\/\/energystudio-agency.ro\/demo15\/wp-json\/wp\/v2\/media?parent=20325"}],"wp:term":[{"taxonomy":"brand","embeddable":true,"href":"https:\/\/energystudio-agency.ro\/demo15\/wp-json\/wp\/v2\/etheme_brands?post=20325"},{"taxonomy":"product_cat","embeddable":true,"href":"https:\/\/energystudio-agency.ro\/demo15\/wp-json\/wp\/v2\/product_cat?post=20325"},{"taxonomy":"product_tag","embeddable":true,"href":"https:\/\/energystudio-agency.ro\/demo15\/wp-json\/wp\/v2\/product_tag?post=20325"}],"curies":[{"name":"wp","href":"https:\/\/api.w.org\/{rel}","templated":true}]}}