{"id":20327,"date":"2022-12-13T22:30:37","date_gmt":"2022-12-13T22:30:37","guid":{"rendered":"https:\/\/energystudio-agency.ro\/demo15\/?post_type=product&#038;p=20327"},"modified":"2022-12-13T23:09:08","modified_gmt":"2022-12-13T23:09:08","slug":"crema-de-zi-cu-vitamina-c-s-spf32-allday-natural","status":"publish","type":"product","link":"https:\/\/energystudio-agency.ro\/demo15\/shop\/ingrijire-personala-cosmetice\/produse-bio\/cosmetice-naturale\/crema-de-zi-cu-vitamina-c-s-spf32-allday-natural\/","title":{"rendered":"Crema de zi cu Vitamina C s SPF32 AllDay Natural"},"content":{"rendered":"<p>Crema hidratant\u0103 antirid de zi<strong>,<\/strong>\u00a0cu formula bogata si luxoasa cu efect hidratant, iluminatoar, antiinperfectiuni si vizibil antiage, imbogatita cu ingrediente active revolutionare testate clinic.<\/p>\n<p>&nbsp;<\/p>\n<p>Formula bogata si luxoasa cu efect hidratant, iluminatoar, antiinperfectiuni si vizibil antiage, imbogatita cu ingrediente active revolutionare testate clinic. De asemenea, Vitamina C lipozomala are o eficacitate profunda in lupta cu aparitia ridurilor si a petelor pigmentare, reducerea pronuntata a ridurilor profunde, netezeste neregulile in microrelieful fetei si imbunatateste conturul acesteia. Complexul de componente active afecteaz\u0103 toate straturile epidermei \u0219i func\u021bioneaz\u0103 \u00een mai multe direc\u021bii deodat\u0103, asigurand o normalizare a balantei hodrolipidice si protectie pe termen lung impotriva deshidratarii, avand grija ca pielea fetei sa isi pastreze intotdeauna stralucirea naturala si elasticitatea. Crema ofera protectia zilnica optimala impotriva razelor UVA\/UVB, responsabile de imbatranirea premature a pielii. Absorbita rapid si fara a lasa urme, aceasta serve\u0219te ca o baz\u0103 excelent\u0103 pentru machiaj.<\/p>\n<p>&nbsp;<\/p>\n<p><strong>Este recomandat\u0103 pentru:<\/strong><\/p>\n<ul>\n<li>Piele str\u0103lucitoare, aspect s\u0103n\u0103tos \u0219i mai t\u00e2n\u0103r<\/li>\n<li>Reduce ridurile, cearc\u0103nele \u0219i efectele expunerii la soare<\/li>\n<li>\u00cembun\u0103t\u0103\u021be\u0219te aspectul petelor, pungile \u0219i laba g\u00e2\u0219tei<\/li>\n<li>Reduce oboseala, cicatricele, hiperpigmentarea<\/li>\n<li>Mentine tonusul si elasticitatea<\/li>\n<\/ul>\n<p>&nbsp;<\/p>\n<p><strong>Depozitare:<\/strong>\u00a0A se p\u0103stra la temperaturi \u00eentre 4 \u0219i 25\u00baC.<\/p>\n","protected":false},"excerpt":{"rendered":"<p>Crema hidratant\u0103 antirid de zi,\u00a0cu formula bogata si luxoasa cu efect hidratant, iluminatoar, antiinperfectiuni si vizibil antiage, imbogatita cu ingrediente active revolutionare testate clinic. &nbsp; Formula bogata si luxoasa cu efect hidratant, iluminatoar, antiinperfectiuni si vizibil antiage, imbogatita cu ingrediente active revolutionare testate clinic. De&#8230;<\/p>\n","protected":false},"featured_media":20401,"comment_status":"open","ping_status":"closed","template":"","meta":[],"etheme_brands":[],"product_cat":[740,1160,859,746,739,779,948,747,762],"product_tag":[1183,1184,829,782,1173,750,785,786],"class_list":{"0":"post-20327","1":"product","2":"type-product","3":"status-publish","4":"has-post-thumbnail","6":"product_cat-cearcane","7":"product_cat-cosmetice-naturale","8":"product_cat-gat-si-decolteu","9":"product_cat-hidratare","10":"product_cat-ingrijire-ten","11":"product_cat-pete-pigmentare","12":"product_cat-produse-bio","13":"product_cat-riduri","14":"product_cat-spf","15":"product_tag-cearcene","16":"product_tag-crema-cu-vitamina-c","17":"product_tag-crema-de-zi","18":"product_tag-pete-pigmentare","19":"product_tag-produse-naturale","20":"product_tag-riduri","21":"product_tag-vit-c","22":"product_tag-vitamina-c","24":"first","25":"instock","26":"shipping-taxable","27":"purchasable","28":"product-type-simple"},"_links":{"self":[{"href":"https:\/\/energystudio-agency.ro\/demo15\/wp-json\/wp\/v2\/product\/20327","targetHints":{"allow":["GET"]}}],"collection":[{"href":"https:\/\/energystudio-agency.ro\/demo15\/wp-json\/wp\/v2\/product"}],"about":[{"href":"https:\/\/energystudio-agency.ro\/demo15\/wp-json\/wp\/v2\/types\/product"}],"replies":[{"embeddable":true,"href":"https:\/\/energystudio-agency.ro\/demo15\/wp-json\/wp\/v2\/comments?post=20327"}],"version-history":[{"count":1,"href":"https:\/\/energystudio-agency.ro\/demo15\/wp-json\/wp\/v2\/product\/20327\/revisions"}],"predecessor-version":[{"id":20403,"href":"https:\/\/energystudio-agency.ro\/demo15\/wp-json\/wp\/v2\/product\/20327\/revisions\/20403"}],"wp:featuredmedia":[{"embeddable":true,"href":"https:\/\/energystudio-agency.ro\/demo15\/wp-json\/wp\/v2\/media\/20401"}],"wp:attachment":[{"href":"https:\/\/energystudio-agency.ro\/demo15\/wp-json\/wp\/v2\/media?parent=20327"}],"wp:term":[{"taxonomy":"brand","embeddable":true,"href":"https:\/\/energystudio-agency.ro\/demo15\/wp-json\/wp\/v2\/etheme_brands?post=20327"},{"taxonomy":"product_cat","embeddable":true,"href":"https:\/\/energystudio-agency.ro\/demo15\/wp-json\/wp\/v2\/product_cat?post=20327"},{"taxonomy":"product_tag","embeddable":true,"href":"https:\/\/energystudio-agency.ro\/demo15\/wp-json\/wp\/v2\/product_tag?post=20327"}],"curies":[{"name":"wp","href":"https:\/\/api.w.org\/{rel}","templated":true}]}}