{"id":20352,"date":"2022-12-13T22:30:59","date_gmt":"2022-12-13T22:30:59","guid":{"rendered":"https:\/\/energystudio-agency.ro\/demo15\/?post_type=product&#038;p=20352"},"modified":"2022-12-13T23:09:07","modified_gmt":"2022-12-13T23:09:07","slug":"crema-enzimatica-luxury-dor-allday-natural","status":"publish","type":"product","link":"https:\/\/energystudio-agency.ro\/demo15\/shop\/ingrijire-personala-cosmetice\/produse-bio\/cosmetice-naturale\/crema-enzimatica-luxury-dor-allday-natural\/","title":{"rendered":"Crema enzimatica Luxury D&#8217;OR AllDay Natural"},"content":{"rendered":"<p>Crem\u0103 energizant\u0103 cu efect de umplere \u0219i \u00eentinerire.<\/p>\n<p>O formul\u0103 inovatoare bogat\u0103 \u00een nanoparticule de aur coloidal, benefice pielii, prin cre\u0219terea produc\u021biei de colagen \u0219i elastin\u0103, netezimea \u021besuturilor \u0219i accelerarea procesului de regenerare celular\u0103, duc\u00e2nd la o piele care \u00ee\u0219i creeaz\u0103 \u0219i p\u0103streaz\u0103 umezeala, astfel oferind fermitatea, str\u0103lucirea \u0219i vitalitatea pe care ne-o dorim.<\/p>\n<p>&nbsp;<\/p>\n<h2 class=\"vc_custom_heading\">BENEFICII:<\/h2>\n<div class=\"wpb_text_column wpb_content_element \">\n<div class=\"wpb_wrapper\">\n<p>Aurul coloidal, bogat \u00een oligoelemente, potenteaz\u0103 efectul ingredientelor active folosite, asigur\u00e2nd absorb\u021bia acestora din crem\u0103 \u00een celulele pielii, contribuind la accelerarea procesului de recuperare chiar \u0219i pentru structurile de piele cele mai deteriorate.<\/p>\n<p>Sub ac\u021biunea aurului coloidal o cantitate mai mare de s\u00e2nge este adusa \u00een zon\u0103, astfel contribuind la accelerarea proceselor generale, activarea regener\u0103rii \u0219i restabilirea propriet\u0103\u021bilor pierdute de elasticitatea \u021besuturilor.<\/p>\n<p>Pielea cap\u0103t\u0103 un aspect pl\u0103cut datorit\u0103 efectului antiinflamator al aurului, care totodat\u0103 \u00eencetine\u015fte secre\u0163ia de melatonin\u0103, reduc\u00e2nd astfel num\u0103rul de pete pigmentare de pe fa\u0163\u0103, ofer\u0103 str\u0103lucire tenului, redefine\u0219te conturul fe\u021bei, \u00een timp ce previne l\u0103sarea pielii.<\/p>\n<p>Folosirea unei creme pe baz\u0103 de aur coloidal \u00ee\u0219i va ar\u0103ta avantajele imediate \u0219i directe ale acestui mineral, dar trebuie s\u0103 men\u021bion\u0103m faptul c\u0103 rezultatul depinde de la o persoan\u0103 la alta.<\/p>\n<p>Hidrateaz\u0103 \u0219i reduce \u00een mod vizibil aspectul liniilor fine \u0219i al ridurilor, oferindu-v\u0103 un efect imediat de lifting.<\/p>\n<\/div>\n<\/div>\n","protected":false},"excerpt":{"rendered":"<p>Crem\u0103 energizant\u0103 cu efect de umplere \u0219i \u00eentinerire. O formul\u0103 inovatoare bogat\u0103 \u00een nanoparticule de aur coloidal, benefice pielii, prin cre\u0219terea produc\u021biei de colagen \u0219i elastin\u0103, netezimea \u021besuturilor \u0219i accelerarea procesului de regenerare celular\u0103, duc\u00e2nd la o piele care \u00ee\u0219i creeaz\u0103 \u0219i p\u0103streaz\u0103 umezeala, astfel&#8230;<\/p>\n","protected":false},"featured_media":20422,"comment_status":"open","ping_status":"closed","template":"","meta":[],"etheme_brands":[],"product_cat":[1160,859,739,948,747],"product_tag":[1174,1175,1185,756,1182,757,1173,750],"class_list":{"0":"post-20352","1":"product","2":"type-product","3":"status-publish","4":"has-post-thumbnail","6":"product_cat-cosmetice-naturale","7":"product_cat-gat-si-decolteu","8":"product_cat-ingrijire-ten","9":"product_cat-produse-bio","10":"product_cat-riduri","11":"product_tag-aur-coloidal","12":"product_tag-crema-cu-efect-de-lifting","13":"product_tag-crema-cu-efect-de-umplere","14":"product_tag-crema-de-riduri","15":"product_tag-crema-hidratanta","16":"product_tag-hidratare","17":"product_tag-produse-naturale","18":"product_tag-riduri","20":"first","21":"instock","22":"shipping-taxable","23":"purchasable","24":"product-type-simple"},"_links":{"self":[{"href":"https:\/\/energystudio-agency.ro\/demo15\/wp-json\/wp\/v2\/product\/20352","targetHints":{"allow":["GET"]}}],"collection":[{"href":"https:\/\/energystudio-agency.ro\/demo15\/wp-json\/wp\/v2\/product"}],"about":[{"href":"https:\/\/energystudio-agency.ro\/demo15\/wp-json\/wp\/v2\/types\/product"}],"replies":[{"embeddable":true,"href":"https:\/\/energystudio-agency.ro\/demo15\/wp-json\/wp\/v2\/comments?post=20352"}],"version-history":[{"count":1,"href":"https:\/\/energystudio-agency.ro\/demo15\/wp-json\/wp\/v2\/product\/20352\/revisions"}],"predecessor-version":[{"id":20423,"href":"https:\/\/energystudio-agency.ro\/demo15\/wp-json\/wp\/v2\/product\/20352\/revisions\/20423"}],"wp:featuredmedia":[{"embeddable":true,"href":"https:\/\/energystudio-agency.ro\/demo15\/wp-json\/wp\/v2\/media\/20422"}],"wp:attachment":[{"href":"https:\/\/energystudio-agency.ro\/demo15\/wp-json\/wp\/v2\/media?parent=20352"}],"wp:term":[{"taxonomy":"brand","embeddable":true,"href":"https:\/\/energystudio-agency.ro\/demo15\/wp-json\/wp\/v2\/etheme_brands?post=20352"},{"taxonomy":"product_cat","embeddable":true,"href":"https:\/\/energystudio-agency.ro\/demo15\/wp-json\/wp\/v2\/product_cat?post=20352"},{"taxonomy":"product_tag","embeddable":true,"href":"https:\/\/energystudio-agency.ro\/demo15\/wp-json\/wp\/v2\/product_tag?post=20352"}],"curies":[{"name":"wp","href":"https:\/\/api.w.org\/{rel}","templated":true}]}}