{"id":20355,"date":"2022-12-13T22:31:00","date_gmt":"2022-12-13T22:31:00","guid":{"rendered":"https:\/\/energystudio-agency.ro\/demo15\/?post_type=product&#038;p=20355"},"modified":"2022-12-13T23:09:06","modified_gmt":"2022-12-13T23:09:06","slug":"crema-matifianta-cu-vitamina-c-2-si-spf32-allday-natural","status":"publish","type":"product","link":"https:\/\/energystudio-agency.ro\/demo15\/shop\/ingrijire-personala-cosmetice\/produse-bio\/cosmetice-naturale\/crema-matifianta-cu-vitamina-c-2-si-spf32-allday-natural\/","title":{"rendered":"Crema matifianta cu Vitamina C 2% si SPF32 AllDay Natural"},"content":{"rendered":"<p>Crema matifianta purifica tenul si normalizeaza secretia de sebum, reduce numarul, dimensiunea si volumul porilor dilatati, corecteaza imperfectiunile, hidrateaza si reda stralucire indepartand aspectul lucios, lasand fata vizibil plina de prospetime si radianta<\/p>\n<p>&nbsp;<\/p>\n<p>Asigur\u0103 \u00eengrijirea optim\u0103 a tenului gras sau mixt, cu pori dilata\u021bi \u0219i\/sau tendin\u021be acneice, av\u00e2nd la baz\u0103 ingrediente active vegetale cu ac\u021biune matifiant\u0103, sebo-reglatoare, intensiv antirid si hidratant\u0103.<\/p>\n<p>Crema ofera protectia zilnica optimala impotriva razelor UVA\/UVB, responsabile de imbatranirea prematura a pielii. Absorbita rapid si fara a lasa urme, aceasta serve\u0219te ca o baz\u0103 excelent\u0103 pentru machiaj.<\/p>\n<p>&nbsp;<\/p>\n<p><strong>Este recomandat\u0103 pentru tenul gras\/mixt cu pori dilata\u021bi \u0219i tendin\u021be acneice<\/strong><\/p>\n<p>\u00b7 Rol matifiant si decongestionant<\/p>\n<p>\u00b7 Reduce numarul de pori, diametrul si volumul lor<\/p>\n<p>\u00b7 Reparator si cicatrizant<\/p>\n<p>\u00b7 Normalizeaza secretia de sebum<\/p>\n<p>\u00b7 Reduce vizibil ridurile, cearcanele si hiperpigentarea<\/p>\n<p>\u00b7 Imbunatateste aspectul petelor<\/p>\n<p>&nbsp;<\/p>\n<p><strong>Depozitare:<\/strong>\u00a0A se p\u0103stra la temperaturi \u00eentre 4 \u0219i 25\u00baC.<\/p>\n<p>&nbsp;<\/p>\n","protected":false},"excerpt":{"rendered":"<p>Crema matifianta purifica tenul si normalizeaza secretia de sebum, reduce numarul, dimensiunea si volumul porilor dilatati, corecteaza imperfectiunile, hidrateaza si reda stralucire indepartand aspectul lucios, lasand fata vizibil plina de prospetime si radianta &nbsp; Asigur\u0103 \u00eengrijirea optim\u0103 a tenului gras sau mixt, cu pori dilata\u021bi&#8230;<\/p>\n","protected":false},"featured_media":20430,"comment_status":"open","ping_status":"closed","template":"","meta":[],"etheme_brands":[],"product_cat":[740,1160,778,739,779,948,747,762],"product_tag":[741,1184,756,867,781,782,1173,811,765],"class_list":{"0":"post-20355","1":"product","2":"type-product","3":"status-publish","4":"has-post-thumbnail","6":"product_cat-cearcane","7":"product_cat-cosmetice-naturale","8":"product_cat-diminuarea-porilor","9":"product_cat-ingrijire-ten","10":"product_cat-pete-pigmentare","11":"product_cat-produse-bio","12":"product_cat-riduri","13":"product_cat-spf","14":"product_tag-cearcane","15":"product_tag-crema-cu-vitamina-c","16":"product_tag-crema-de-riduri","17":"product_tag-diminuarea-porilor","18":"product_tag-hiperpigmentare","19":"product_tag-pete-pigmentare","20":"product_tag-produse-naturale","21":"product_tag-reducerea-cicatricilor","22":"product_tag-spf","24":"first","25":"instock","26":"shipping-taxable","27":"purchasable","28":"product-type-simple"},"_links":{"self":[{"href":"https:\/\/energystudio-agency.ro\/demo15\/wp-json\/wp\/v2\/product\/20355","targetHints":{"allow":["GET"]}}],"collection":[{"href":"https:\/\/energystudio-agency.ro\/demo15\/wp-json\/wp\/v2\/product"}],"about":[{"href":"https:\/\/energystudio-agency.ro\/demo15\/wp-json\/wp\/v2\/types\/product"}],"replies":[{"embeddable":true,"href":"https:\/\/energystudio-agency.ro\/demo15\/wp-json\/wp\/v2\/comments?post=20355"}],"version-history":[{"count":1,"href":"https:\/\/energystudio-agency.ro\/demo15\/wp-json\/wp\/v2\/product\/20355\/revisions"}],"predecessor-version":[{"id":20432,"href":"https:\/\/energystudio-agency.ro\/demo15\/wp-json\/wp\/v2\/product\/20355\/revisions\/20432"}],"wp:featuredmedia":[{"embeddable":true,"href":"https:\/\/energystudio-agency.ro\/demo15\/wp-json\/wp\/v2\/media\/20430"}],"wp:attachment":[{"href":"https:\/\/energystudio-agency.ro\/demo15\/wp-json\/wp\/v2\/media?parent=20355"}],"wp:term":[{"taxonomy":"brand","embeddable":true,"href":"https:\/\/energystudio-agency.ro\/demo15\/wp-json\/wp\/v2\/etheme_brands?post=20355"},{"taxonomy":"product_cat","embeddable":true,"href":"https:\/\/energystudio-agency.ro\/demo15\/wp-json\/wp\/v2\/product_cat?post=20355"},{"taxonomy":"product_tag","embeddable":true,"href":"https:\/\/energystudio-agency.ro\/demo15\/wp-json\/wp\/v2\/product_tag?post=20355"}],"curies":[{"name":"wp","href":"https:\/\/api.w.org\/{rel}","templated":true}]}}