{"id":20356,"date":"2022-12-13T22:31:00","date_gmt":"2022-12-13T22:31:00","guid":{"rendered":"https:\/\/energystudio-agency.ro\/demo15\/?post_type=product&#038;p=20356"},"modified":"2022-12-13T23:09:05","modified_gmt":"2022-12-13T23:09:05","slug":"crema-balsam-cu-galbenele-allday-natural-50ml","status":"publish","type":"product","link":"https:\/\/energystudio-agency.ro\/demo15\/shop\/ingrijire-personala-cosmetice\/ingrijire-corp\/hidratare-corp\/crema-balsam-cu-galbenele-allday-natural-50ml\/","title":{"rendered":"Crema-balsam cu galbenele AllDay Natural 50ml"},"content":{"rendered":"<p>Crem\u0103 de tip balsam cu g\u0103lbenele Alldaynatural, este 100% natural\u0103 \u0219i este ideal\u0103 \u00een cazul afec\u0163iunilor pielii.<\/p>\n<p>&nbsp;<\/p>\n<h2 class=\"vc_custom_heading\">BENEFICII:<\/h2>\n<div class=\"wpb_text_column wpb_content_element \">\n<div class=\"wpb_wrapper\">\n<p>Recomandat \u00een cazul afec\u021biunilor pielii \u0219i mucoaselor: r\u0103ni, arsuri, ulcerul varicos,hemoroizi \u0219i diverse inflama\u021bii \u0219i abcese precum \u0219i a oricaror irita\u021bii ale pielii nou-n\u0103scu\u021bilor \u0219i copiilor.<\/p>\n<p>&nbsp;<\/p>\n<p><strong>Alte beneficii:<\/strong><\/p>\n<p><span id=\"crema-de-galbenele-pentru-fata\" class=\"ez-toc-section\">Pentru ten: Pentru c\u0103 este bogat\u0103 \u00een substan\u021be hr\u0103nitoare, crema de g\u0103lbenele stimuleaz\u0103 procesul de dezvoltare celular\u0103 a pielii. Aceasta este excelent\u0103 pentru pielea noastr\u0103, at\u00e2t pentru \u00eengrijirea ei c\u00e2t \u0219i pentru men\u021binerea frumuse\u021bii \u0219i tinere\u021bii acesteia.<\/span><\/p>\n<p><span id=\"crema-de-galbenele-pentru-cosuri\" class=\"ez-toc-section\">Pentru co\u0219uri: Efectele cremei tip balsam Alldaynatural sunt antiseptice \u0219i antiinflamatoare, ea putand fi utilizat\u0103 cu \u00eencredere \u00een cazuri de acnee, chiar \u0219i atunci c\u00e2nd aceasta este sever\u0103.<\/span><\/p>\n<p><span id=\"crema-de-galbenele-pentru-riduri\" class=\"ez-toc-section\">Pentru riduri: Previne \u00eentr-un mod extrem de eficient ridurile \u0219i te ajut\u0103 s\u0103 ai un ten mai t\u00e2n\u0103r<\/span>.<\/p>\n<\/div>\n<\/div>\n","protected":false},"excerpt":{"rendered":"<p>Crem\u0103 de tip balsam cu g\u0103lbenele Alldaynatural, este 100% natural\u0103 \u0219i este ideal\u0103 \u00een cazul afec\u0163iunilor pielii. &nbsp; BENEFICII: Recomandat \u00een cazul afec\u021biunilor pielii \u0219i mucoaselor: r\u0103ni, arsuri, ulcerul varicos,hemoroizi \u0219i diverse inflama\u021bii \u0219i abcese precum \u0219i a oricaror irita\u021bii ale pielii nou-n\u0103scu\u021bilor \u0219i copiilor&#8230;.<\/p>\n","protected":false},"featured_media":20433,"comment_status":"open","ping_status":"closed","template":"","meta":[],"etheme_brands":[],"product_cat":[812,746,863,820,739,1130,948],"product_tag":[1188,1189,1190,1191,1192,1173],"class_list":{"0":"post-20356","1":"product","2":"type-product","3":"status-publish","4":"has-post-thumbnail","6":"product_cat-acnee","7":"product_cat-hidratare","8":"product_cat-hidratare-corp","9":"product_cat-ingrijire-corp","10":"product_cat-ingrijire-ten","11":"product_cat-ingrijirea-mainilor","12":"product_cat-produse-bio","13":"product_tag-crema-de-galbenele","14":"product_tag-crema-pentru-anee","15":"product_tag-crema-pentru-arsuri","16":"product_tag-crema-pentru-hemoroizi","17":"product_tag-crema-pentru-iritatii","18":"product_tag-produse-naturale","20":"first","21":"instock","22":"shipping-taxable","23":"purchasable","24":"product-type-simple"},"_links":{"self":[{"href":"https:\/\/energystudio-agency.ro\/demo15\/wp-json\/wp\/v2\/product\/20356","targetHints":{"allow":["GET"]}}],"collection":[{"href":"https:\/\/energystudio-agency.ro\/demo15\/wp-json\/wp\/v2\/product"}],"about":[{"href":"https:\/\/energystudio-agency.ro\/demo15\/wp-json\/wp\/v2\/types\/product"}],"replies":[{"embeddable":true,"href":"https:\/\/energystudio-agency.ro\/demo15\/wp-json\/wp\/v2\/comments?post=20356"}],"version-history":[{"count":1,"href":"https:\/\/energystudio-agency.ro\/demo15\/wp-json\/wp\/v2\/product\/20356\/revisions"}],"predecessor-version":[{"id":20436,"href":"https:\/\/energystudio-agency.ro\/demo15\/wp-json\/wp\/v2\/product\/20356\/revisions\/20436"}],"wp:featuredmedia":[{"embeddable":true,"href":"https:\/\/energystudio-agency.ro\/demo15\/wp-json\/wp\/v2\/media\/20433"}],"wp:attachment":[{"href":"https:\/\/energystudio-agency.ro\/demo15\/wp-json\/wp\/v2\/media?parent=20356"}],"wp:term":[{"taxonomy":"brand","embeddable":true,"href":"https:\/\/energystudio-agency.ro\/demo15\/wp-json\/wp\/v2\/etheme_brands?post=20356"},{"taxonomy":"product_cat","embeddable":true,"href":"https:\/\/energystudio-agency.ro\/demo15\/wp-json\/wp\/v2\/product_cat?post=20356"},{"taxonomy":"product_tag","embeddable":true,"href":"https:\/\/energystudio-agency.ro\/demo15\/wp-json\/wp\/v2\/product_tag?post=20356"}],"curies":[{"name":"wp","href":"https:\/\/api.w.org\/{rel}","templated":true}]}}