{"id":20358,"date":"2022-12-13T22:31:00","date_gmt":"2022-12-13T22:31:00","guid":{"rendered":"https:\/\/energystudio-agency.ro\/demo15\/?post_type=product&#038;p=20358"},"modified":"2022-12-13T23:09:06","modified_gmt":"2022-12-13T23:09:06","slug":"gomaj-de-frumusete-rose-allday-natural-50ml","status":"publish","type":"product","link":"https:\/\/energystudio-agency.ro\/demo15\/shop\/ingrijire-personala-cosmetice\/produse-bio\/cosmetice-naturale\/gomaj-de-frumusete-rose-allday-natural-50ml\/","title":{"rendered":"Gomaj de frumusete ROSE AllDay Natural 50ml"},"content":{"rendered":"<p>Gomaj de frumuse\u021be pentru un ten cur\u0103\u021bat \u00een profunzime \u0219i exfoliant delicat.<\/p>\n<h2 class=\"vc_custom_heading\">BENEFICII:<\/h2>\n<div class=\"wpb_text_column wpb_content_element \">\n<div class=\"wpb_wrapper\">\n<p><strong>Gomajul<\/strong>\u00a0este unul dintre pa\u0219ii importan\u021bi \u0219i \u00een acela\u0219i timp esen\u021biali \u00een \u00eengrijirea tenului.\u00a0<strong>Beneficiile unui gomaj facial<\/strong>\u00a0din ingrediente naturale sunt numeroase, dac\u0103 acesta este realizat cu regularitate. Acesta permite eliminarea celulelor moarte de la suprafa\u021ba pielii care blocheaz\u0103 porii \u0219i duc la apari\u021bia acneei. Elimin\u00e2nd aceste celule contribuind la ameliorarea procesului de oxigenare a pielii, tenul r\u0103m\u00e2n\u00e2nd astfel catifelat \u0219i luminos.\u00a0<strong>Gomajul este o necesitate at\u00e2t pentru b\u0103rba\u021bi c\u00e2t \u0219i pentru orice femeie<\/strong>\u00a0care dore\u0219te s\u0103 aib\u0103 o piele catifelat\u0103, \u00eengrijit\u0103 \u0219i ferm\u0103.<\/p>\n<p><strong>Uleiul de trandafiri este un ulei de frumuse\u0163e,<\/strong>\u00a0potrivit pentru masaje faciale cu propriet\u0103\u021bi de regenerare, antirid \u0219i tonifiante. Uleiurile esen\u0163iale, pe l\u00e2ng\u0103 parfumul intens \u015fi sublim, aduc diverse beneficii pielii, iar vitamina A este esen\u0163ial\u0103 pentru cre\u015fterea, dezvoltarea \u015fi integritatea structural\u0103 cutanat\u0103.<\/p>\n<\/div>\n<\/div>\n","protected":false},"excerpt":{"rendered":"<p>Gomaj de frumuse\u021be pentru un ten cur\u0103\u021bat \u00een profunzime \u0219i exfoliant delicat. BENEFICII: Gomajul\u00a0este unul dintre pa\u0219ii importan\u021bi \u0219i \u00een acela\u0219i timp esen\u021biali \u00een \u00eengrijirea tenului.\u00a0Beneficiile unui gomaj facial\u00a0din ingrediente naturale sunt numeroase, dac\u0103 acesta este realizat cu regularitate. Acesta permite eliminarea celulelor moarte de&#8230;<\/p>\n","protected":false},"featured_media":20441,"comment_status":"open","ping_status":"closed","template":"","meta":[],"etheme_brands":[],"product_cat":[1160,778,813,739,948],"product_tag":[815,1194,1195,1173,1196,1197],"class_list":{"0":"post-20358","1":"product","2":"type-product","3":"status-publish","4":"has-post-thumbnail","6":"product_cat-cosmetice-naturale","7":"product_cat-diminuarea-porilor","8":"product_cat-exfoliant","9":"product_cat-ingrijire-ten","10":"product_cat-produse-bio","11":"product_tag-exfoliant","12":"product_tag-exfoliant-de-fata","13":"product_tag-gomaj-de-fata","14":"product_tag-produse-naturale","15":"product_tag-scrub","16":"product_tag-scrub-cu-trandafiri","18":"first","19":"instock","20":"shipping-taxable","21":"purchasable","22":"product-type-simple"},"_links":{"self":[{"href":"https:\/\/energystudio-agency.ro\/demo15\/wp-json\/wp\/v2\/product\/20358","targetHints":{"allow":["GET"]}}],"collection":[{"href":"https:\/\/energystudio-agency.ro\/demo15\/wp-json\/wp\/v2\/product"}],"about":[{"href":"https:\/\/energystudio-agency.ro\/demo15\/wp-json\/wp\/v2\/types\/product"}],"replies":[{"embeddable":true,"href":"https:\/\/energystudio-agency.ro\/demo15\/wp-json\/wp\/v2\/comments?post=20358"}],"version-history":[{"count":1,"href":"https:\/\/energystudio-agency.ro\/demo15\/wp-json\/wp\/v2\/product\/20358\/revisions"}],"predecessor-version":[{"id":20444,"href":"https:\/\/energystudio-agency.ro\/demo15\/wp-json\/wp\/v2\/product\/20358\/revisions\/20444"}],"wp:featuredmedia":[{"embeddable":true,"href":"https:\/\/energystudio-agency.ro\/demo15\/wp-json\/wp\/v2\/media\/20441"}],"wp:attachment":[{"href":"https:\/\/energystudio-agency.ro\/demo15\/wp-json\/wp\/v2\/media?parent=20358"}],"wp:term":[{"taxonomy":"brand","embeddable":true,"href":"https:\/\/energystudio-agency.ro\/demo15\/wp-json\/wp\/v2\/etheme_brands?post=20358"},{"taxonomy":"product_cat","embeddable":true,"href":"https:\/\/energystudio-agency.ro\/demo15\/wp-json\/wp\/v2\/product_cat?post=20358"},{"taxonomy":"product_tag","embeddable":true,"href":"https:\/\/energystudio-agency.ro\/demo15\/wp-json\/wp\/v2\/product_tag?post=20358"}],"curies":[{"name":"wp","href":"https:\/\/api.w.org\/{rel}","templated":true}]}}