{"id":20359,"date":"2022-12-13T22:31:00","date_gmt":"2022-12-13T22:31:00","guid":{"rendered":"https:\/\/energystudio-agency.ro\/demo15\/?post_type=product&#038;p=20359"},"modified":"2022-12-13T23:09:07","modified_gmt":"2022-12-13T23:09:07","slug":"crema-pentru-ingrijirea-zonei-ochilor-allday-natural-15ml","status":"publish","type":"product","link":"https:\/\/energystudio-agency.ro\/demo15\/shop\/ingrijire-personala-cosmetice\/produse-bio\/cosmetice-naturale\/crema-pentru-ingrijirea-zonei-ochilor-allday-natural-15ml\/","title":{"rendered":"Crema pentru ingrijirea zonei ochilor AllDay Natural 15ml"},"content":{"rendered":"<p>Crema delicat\u0103, cu o formul\u0103 ultra concentrat\u0103 pe baz\u0103 de ingrediente active, care stimuleaz\u0103 circula\u021bia \u0219i \u00eent\u0103re\u0219te capilarele oculare. Hidrateaz\u0103, revitalizeaz\u0103 \u0219i \u00eembun\u0103t\u0103\u021be\u0219te textura \u0219i elasticitatea pielii pentru a o face mai ferm\u0103 \u0219i mai cu volum, oferind luminozitate ochilor.<\/p>\n<h2 class=\"vc_custom_heading\">BENEFICII:<\/h2>\n<div class=\"wpb_text_column wpb_content_element \">\n<div class=\"wpb_wrapper\">\n<p>Are capacitatea de a reduce \u0219i preveni apari\u021bia ridurilor \u0219i a liniilor fine, cerc\u0103nelor, pungilor de sub ochi, cercurilor \u00eentunecate \u0219i a edemelor perioculare. Pentru toate tipurile de ten.<\/p>\n<\/div>\n<\/div>\n","protected":false},"excerpt":{"rendered":"<p>Crema delicat\u0103, cu o formul\u0103 ultra concentrat\u0103 pe baz\u0103 de ingrediente active, care stimuleaz\u0103 circula\u021bia \u0219i \u00eent\u0103re\u0219te capilarele oculare. Hidrateaz\u0103, revitalizeaz\u0103 \u0219i \u00eembun\u0103t\u0103\u021be\u0219te textura \u0219i elasticitatea pielii pentru a o face mai ferm\u0103 \u0219i mai cu volum, oferind luminozitate ochilor. BENEFICII: Are capacitatea de a&#8230;<\/p>\n","protected":false},"featured_media":20445,"comment_status":"open","ping_status":"closed","template":"","meta":[],"etheme_brands":[],"product_cat":[740,1160,739,948,747],"product_tag":[741,742,1173,744,750,835,745],"class_list":{"0":"post-20359","1":"product","2":"type-product","3":"status-publish","4":"has-post-thumbnail","6":"product_cat-cearcane","7":"product_cat-cosmetice-naturale","8":"product_cat-ingrijire-ten","9":"product_cat-produse-bio","10":"product_cat-riduri","11":"product_tag-cearcane","12":"product_tag-crema-de-ochi","13":"product_tag-produse-naturale","14":"product_tag-pungi-sub-ochi","15":"product_tag-riduri","16":"product_tag-ser-de-ochi","17":"product_tag-zona-din-jurul-ochilor","19":"first","20":"instock","21":"shipping-taxable","22":"purchasable","23":"product-type-simple"},"_links":{"self":[{"href":"https:\/\/energystudio-agency.ro\/demo15\/wp-json\/wp\/v2\/product\/20359","targetHints":{"allow":["GET"]}}],"collection":[{"href":"https:\/\/energystudio-agency.ro\/demo15\/wp-json\/wp\/v2\/product"}],"about":[{"href":"https:\/\/energystudio-agency.ro\/demo15\/wp-json\/wp\/v2\/types\/product"}],"replies":[{"embeddable":true,"href":"https:\/\/energystudio-agency.ro\/demo15\/wp-json\/wp\/v2\/comments?post=20359"}],"version-history":[{"count":1,"href":"https:\/\/energystudio-agency.ro\/demo15\/wp-json\/wp\/v2\/product\/20359\/revisions"}],"predecessor-version":[{"id":20446,"href":"https:\/\/energystudio-agency.ro\/demo15\/wp-json\/wp\/v2\/product\/20359\/revisions\/20446"}],"wp:featuredmedia":[{"embeddable":true,"href":"https:\/\/energystudio-agency.ro\/demo15\/wp-json\/wp\/v2\/media\/20445"}],"wp:attachment":[{"href":"https:\/\/energystudio-agency.ro\/demo15\/wp-json\/wp\/v2\/media?parent=20359"}],"wp:term":[{"taxonomy":"brand","embeddable":true,"href":"https:\/\/energystudio-agency.ro\/demo15\/wp-json\/wp\/v2\/etheme_brands?post=20359"},{"taxonomy":"product_cat","embeddable":true,"href":"https:\/\/energystudio-agency.ro\/demo15\/wp-json\/wp\/v2\/product_cat?post=20359"},{"taxonomy":"product_tag","embeddable":true,"href":"https:\/\/energystudio-agency.ro\/demo15\/wp-json\/wp\/v2\/product_tag?post=20359"}],"curies":[{"name":"wp","href":"https:\/\/api.w.org\/{rel}","templated":true}]}}