{"id":20360,"date":"2022-12-13T22:31:01","date_gmt":"2022-12-13T22:31:01","guid":{"rendered":"https:\/\/energystudio-agency.ro\/demo15\/?post_type=product&#038;p=20360"},"modified":"2022-12-13T23:09:04","modified_gmt":"2022-12-13T23:09:04","slug":"masca-faciala-luxury-dor-allday-natural-50ml","status":"publish","type":"product","link":"https:\/\/energystudio-agency.ro\/demo15\/shop\/ingrijire-personala-cosmetice\/produse-bio\/cosmetice-naturale\/masca-faciala-luxury-dor-allday-natural-50ml\/","title":{"rendered":"Masca Faciala Luxury D&#8217;OR AllDay Natural 50ml"},"content":{"rendered":"<p>\u2013 Hidrateaz\u0103 intens \u0219i catifeleaz\u0103 pielea<br \/>\n\u2013 Stimuleaz\u0103 vitalitatea natural\u0103 a celulelor<br \/>\n\u2013 \u00cembun\u0103t\u0103\u021be\u0219te densitatea \u0219i structura pielii<br \/>\n\u2013 Red\u0103 luminozitatea \u0219i str\u0103lucirea tenului<br \/>\n\u2013 Previne apari\u021bia punctelor negre<br \/>\n\u2013 Pentru toate tipurile de ten<\/p>\n<p>&nbsp;<\/p>\n<h2 class=\"vc_custom_heading\">BENEFICII:<\/h2>\n<div class=\"wpb_text_column wpb_content_element \">\n<div class=\"wpb_wrapper\">\n<p>Masca facial\u0103 energizant\u0103, luxurizant\u0103, are un efect puternic de re\u00eentinerire, regenerare, cresterea elasticit\u0103\u021bii epidermei, activitatea re\u00eennoirii celulelor \u0219i hidratare profund\u0103.<\/p>\n<p>Exfoliaz\u0103 \u0219i detoxific\u0103, elimin\u0103 impurit\u0103\u021bile \u0219i sebumul oxidat, cur\u0103\u021b\u0103 \u00een profunzime l\u0103s\u00e2nd tenului un aspect purificat, radiant si catifelat.<\/p>\n<p>Masca poten\u021beaz\u0103 efectul de hidratare al cremelor, gra\u021bie faptului c\u0103 include ingrediente active care contracareaz\u0103 procesul de \u00eemb\u0103tr\u00e2nire a pielii.<\/p>\n<p>Efectele sunt vizibile \u00eenc\u0103 de la prima aplicare.<\/p>\n<\/div>\n<\/div>\n","protected":false},"excerpt":{"rendered":"<p>\u2013 Hidrateaz\u0103 intens \u0219i catifeleaz\u0103 pielea \u2013 Stimuleaz\u0103 vitalitatea natural\u0103 a celulelor \u2013 \u00cembun\u0103t\u0103\u021be\u0219te densitatea \u0219i structura pielii \u2013 Red\u0103 luminozitatea \u0219i str\u0103lucirea tenului \u2013 Previne apari\u021bia punctelor negre \u2013 Pentru toate tipurile de ten &nbsp; BENEFICII: Masca facial\u0103 energizant\u0103, luxurizant\u0103, are un efect puternic&#8230;<\/p>\n","protected":false},"featured_media":20447,"comment_status":"open","ping_status":"closed","template":"","meta":[],"etheme_brands":[],"product_cat":[1160,739,802,948,747],"product_tag":[1174,1175,1185,1198,1119,804],"class_list":{"0":"post-20360","1":"product","2":"type-product","3":"status-publish","4":"has-post-thumbnail","6":"product_cat-cosmetice-naturale","7":"product_cat-ingrijire-ten","8":"product_cat-masti-facilale","9":"product_cat-produse-bio","10":"product_cat-riduri","11":"product_tag-aur-coloidal","12":"product_tag-crema-cu-efect-de-lifting","13":"product_tag-crema-cu-efect-de-umplere","14":"product_tag-masca-cu-aur-coloidal","15":"product_tag-masca-cu-carbune","16":"product_tag-masca-de-fata","18":"first","19":"instock","20":"shipping-taxable","21":"purchasable","22":"product-type-simple"},"_links":{"self":[{"href":"https:\/\/energystudio-agency.ro\/demo15\/wp-json\/wp\/v2\/product\/20360","targetHints":{"allow":["GET"]}}],"collection":[{"href":"https:\/\/energystudio-agency.ro\/demo15\/wp-json\/wp\/v2\/product"}],"about":[{"href":"https:\/\/energystudio-agency.ro\/demo15\/wp-json\/wp\/v2\/types\/product"}],"replies":[{"embeddable":true,"href":"https:\/\/energystudio-agency.ro\/demo15\/wp-json\/wp\/v2\/comments?post=20360"}],"version-history":[{"count":1,"href":"https:\/\/energystudio-agency.ro\/demo15\/wp-json\/wp\/v2\/product\/20360\/revisions"}],"predecessor-version":[{"id":20449,"href":"https:\/\/energystudio-agency.ro\/demo15\/wp-json\/wp\/v2\/product\/20360\/revisions\/20449"}],"wp:featuredmedia":[{"embeddable":true,"href":"https:\/\/energystudio-agency.ro\/demo15\/wp-json\/wp\/v2\/media\/20447"}],"wp:attachment":[{"href":"https:\/\/energystudio-agency.ro\/demo15\/wp-json\/wp\/v2\/media?parent=20360"}],"wp:term":[{"taxonomy":"brand","embeddable":true,"href":"https:\/\/energystudio-agency.ro\/demo15\/wp-json\/wp\/v2\/etheme_brands?post=20360"},{"taxonomy":"product_cat","embeddable":true,"href":"https:\/\/energystudio-agency.ro\/demo15\/wp-json\/wp\/v2\/product_cat?post=20360"},{"taxonomy":"product_tag","embeddable":true,"href":"https:\/\/energystudio-agency.ro\/demo15\/wp-json\/wp\/v2\/product_tag?post=20360"}],"curies":[{"name":"wp","href":"https:\/\/api.w.org\/{rel}","templated":true}]}}