{"id":20405,"date":"2022-12-13T22:31:22","date_gmt":"2022-12-13T22:31:22","guid":{"rendered":"https:\/\/energystudio-agency.ro\/demo15\/?post_type=product&#038;p=20405"},"modified":"2022-12-13T23:09:03","modified_gmt":"2022-12-13T23:09:03","slug":"ulei-pentru-ingrijirea-barbii-allday-natural-30ml","status":"publish","type":"product","link":"https:\/\/energystudio-agency.ro\/demo15\/shop\/ingrijire-personala-cosmetice\/ingrijire-ten\/for-man\/ulei-pentru-ingrijirea-barbii-allday-natural-30ml\/","title":{"rendered":"Ulei pentru ingrijirea barbii AllDay Natural 30ml"},"content":{"rendered":"<p>Creat doar din ingrediente naturale, acest nutritiv tratament de\u00a0<span class=\"il\">barb\u0103<\/span>\u00a0hidrateaz\u0103, \u00eengrije\u0219te \u0219i are un intens efect emolient, \u00eenmoaie \u0219i revitalizeaz\u0103 at\u00e2t\u00a0<span class=\"il\">barba<\/span>\u00a0c\u00e2t \u0219i pielea fe\u021bei.<\/p>\n<p>&nbsp;<\/p>\n<h2 class=\"vc_custom_heading\">BENEFICII:<\/h2>\n<div class=\"wpb_text_column wpb_content_element \">\n<div class=\"wpb_wrapper\">\n<p>Uleiul de barb\u0103 este un produs proiectat s\u0103 furnizeze at\u00e2t b\u0103rbii c\u00e2t \u0219i pielii de sub barb\u0103 umiditatea \u0219i substan\u021bele nutritive necesare, av\u00e2nd ca scop \u00eembun\u0103t\u0103\u021birea texturii, s\u0103n\u0103t\u0103\u021bii \u0219i aspectului p\u0103rului facial.<\/p>\n<\/div>\n<\/div>\n","protected":false},"excerpt":{"rendered":"<p>Creat doar din ingrediente naturale, acest nutritiv tratament de\u00a0barb\u0103\u00a0hidrateaz\u0103, \u00eengrije\u0219te \u0219i are un intens efect emolient, \u00eenmoaie \u0219i revitalizeaz\u0103 at\u00e2t\u00a0barba\u00a0c\u00e2t \u0219i pielea fe\u021bei. &nbsp; BENEFICII: Uleiul de barb\u0103 este un produs proiectat s\u0103 furnizeze at\u00e2t b\u0103rbii c\u00e2t \u0219i pielii de sub barb\u0103 umiditatea \u0219i substan\u021bele&#8230;<\/p>\n","protected":false},"featured_media":20458,"comment_status":"open","ping_status":"closed","template":"","meta":[],"etheme_brands":[],"product_cat":[1144,739,948],"product_tag":[1142,1203,1143,1173,1204],"class_list":{"0":"post-20405","1":"product","2":"type-product","3":"status-publish","4":"has-post-thumbnail","6":"product_cat-for-man","7":"product_cat-ingrijire-ten","8":"product_cat-produse-bio","9":"product_tag-for-men","10":"product_tag-ingrijire-barba","11":"product_tag-pentru-barbati","12":"product_tag-produse-naturale","13":"product_tag-ulei-pentru-ingrijirea-barbii","15":"first","16":"instock","17":"shipping-taxable","18":"purchasable","19":"product-type-simple"},"_links":{"self":[{"href":"https:\/\/energystudio-agency.ro\/demo15\/wp-json\/wp\/v2\/product\/20405","targetHints":{"allow":["GET"]}}],"collection":[{"href":"https:\/\/energystudio-agency.ro\/demo15\/wp-json\/wp\/v2\/product"}],"about":[{"href":"https:\/\/energystudio-agency.ro\/demo15\/wp-json\/wp\/v2\/types\/product"}],"replies":[{"embeddable":true,"href":"https:\/\/energystudio-agency.ro\/demo15\/wp-json\/wp\/v2\/comments?post=20405"}],"version-history":[{"count":1,"href":"https:\/\/energystudio-agency.ro\/demo15\/wp-json\/wp\/v2\/product\/20405\/revisions"}],"predecessor-version":[{"id":20459,"href":"https:\/\/energystudio-agency.ro\/demo15\/wp-json\/wp\/v2\/product\/20405\/revisions\/20459"}],"wp:featuredmedia":[{"embeddable":true,"href":"https:\/\/energystudio-agency.ro\/demo15\/wp-json\/wp\/v2\/media\/20458"}],"wp:attachment":[{"href":"https:\/\/energystudio-agency.ro\/demo15\/wp-json\/wp\/v2\/media?parent=20405"}],"wp:term":[{"taxonomy":"brand","embeddable":true,"href":"https:\/\/energystudio-agency.ro\/demo15\/wp-json\/wp\/v2\/etheme_brands?post=20405"},{"taxonomy":"product_cat","embeddable":true,"href":"https:\/\/energystudio-agency.ro\/demo15\/wp-json\/wp\/v2\/product_cat?post=20405"},{"taxonomy":"product_tag","embeddable":true,"href":"https:\/\/energystudio-agency.ro\/demo15\/wp-json\/wp\/v2\/product_tag?post=20405"}],"curies":[{"name":"wp","href":"https:\/\/api.w.org\/{rel}","templated":true}]}}