{"id":20406,"date":"2022-12-13T22:31:23","date_gmt":"2022-12-13T22:31:23","guid":{"rendered":"https:\/\/energystudio-agency.ro\/demo15\/?post_type=product&#038;p=20406"},"modified":"2022-12-13T23:09:02","modified_gmt":"2022-12-13T23:09:02","slug":"masca-par-anticadere-allday-natural-250ml","status":"publish","type":"product","link":"https:\/\/energystudio-agency.ro\/demo15\/shop\/ingrijire-personala-cosmetice\/produse-bio\/par-bio\/masca-par-anticadere-allday-natural-250ml\/","title":{"rendered":"Masca par anticadere AllDay Natural 250ml"},"content":{"rendered":"<p><strong>Stopeaz\u0103 c\u0103derea &amp; Fortifiaz\u0103<\/strong><\/p>\n<p><strong>C\u0103derea excesiv\u0103, sl\u0103birea r\u0103d\u0103cinii \u0219i sub\u021bierea firului de p\u0103r<\/strong><\/p>\n<p>&nbsp;<\/p>\n<p>Masc\u0103 anticadere Alldaynatural, \u00eembog\u0103\u021bit\u0103 cu active vegetale pentru \u00eengrijirea p\u0103rului \u0219i a scalpului, afectat de pierderea din volum \u0219i r\u0103rire, ce revitalizeaz\u0103 \u0219i fortifiaz\u0103 fibra capilar\u0103, oferind p\u0103rului un aspect m\u0103t\u0103sos \u0219i str\u0103lucitor. Are un efect stimulant \u0219i ac\u021bioneaz\u0103 eficient la r\u0103d\u0103cin\u0103 pentru fortifierea \u0219i \u00eembun\u0103t\u0103\u021birea structurii cuticulelor, regener\u00e2nd structura p\u0103rului pe \u00eentreaga sa lungime. Con\u021bine o combina\u021bie de ingrediente naturale ce ac\u021bioneaz\u0103 eficient la stoparea c\u0103derii p\u0103rului \u0219i regenerarea lui.<\/p>\n<p>Nu con\u021bine sulfa\u021bi, parabeni, silicon sintetic sau uleiuri minerale.<\/p>\n<p>Utilizare: Se spal\u0103 p\u0103rul cu \u0218amponul Antic\u0103dere Alldaynatural \u0219i se usuc\u0103 cu un prosop. Masca se aplic\u0103 pe toat\u0103 lungimea, inclusiv la r\u0103d\u0103cini, dup\u0103 care se maseaz\u0103 u\u0219or pielea scalpului timp de 3-5 minute. La final se cl\u0103te\u0219te bine cu ap\u0103 c\u0103ldu\u021b\u0103, nu fierbinte. Utiliza\u021bi 1-2 ori pe s\u0103pt\u0103m\u00e2n\u0103, iar pentru cele mai bune rezultate, folosi\u021bi serul din aceea\u0219i gam\u0103, de 2-4 ori pe s\u0103pt\u0103m\u00e2n\u0103.<\/p>\n<p><strong>\u2022<\/strong>Stimulant \u00a0<strong>\u2022<\/strong>Fortifiant \u00a0<strong>\u2022<\/strong>Nutritiv \u00a0<strong>\u2022<\/strong>Regenerant<\/p>\n<p>Stopeaz\u0103 c\u0103derea, stimuleaz\u0103 cre\u0219terea \u0219i spore\u0219te vitalitatea podoabei capilare;<\/p>\n<p>P\u0103rul devine mai puternic \u0219i mai bogat;<\/p>\n<p>Previne \u0219i combate c\u0103derea prematur\u0103 a p\u0103rului | Produs unisex.<\/p>\n<p>A se p\u0103stra la temperaturi cuprinse \u00eentre 4-25\u00b0C. Contraindicat persoanelor cu hipersensibilitate la unul din ingrediente. A nu se ingera.<\/p>\n<p>Inci\/Ingrediente: aqua, cetearyl alcohol, stearalkonium chloride, behen-trimonium chloride, peg-40 hydrogenated castor oil, glycerin, humulus lupulus extract, aloe barbadensis leaf juice, hamamelis virginiana leaf extract, equisetum arvenese extract, salvia officinalis leaf extract, centella asiatica extract, citrus limon peel extract, pinus sylvestris bud extract, propanediol, phyllanthus emblica fruit extract, amaranthus caudatus seed extract, zea mays (corn) starch, cocos nucifera seed butter, panthenol, argania spinosa kernel oil, benzyl alcohol, chlorphenesin, provitamin b5, niacin, biotin, potassium sorbate, sodium benzoate, citric acid, parfum, edta, linalool, limonene.<\/p>\n","protected":false},"excerpt":{"rendered":"<p>Stopeaz\u0103 c\u0103derea &amp; Fortifiaz\u0103 C\u0103derea excesiv\u0103, sl\u0103birea r\u0103d\u0103cinii \u0219i sub\u021bierea firului de p\u0103r &nbsp; Masc\u0103 anticadere Alldaynatural, \u00eembog\u0103\u021bit\u0103 cu active vegetale pentru \u00eengrijirea p\u0103rului \u0219i a scalpului, afectat de pierderea din volum \u0219i r\u0103rire, ce revitalizeaz\u0103 \u0219i fortifiaz\u0103 fibra capilar\u0103, oferind p\u0103rului un aspect m\u0103t\u0103sos&#8230;<\/p>\n","protected":false},"featured_media":20460,"comment_status":"open","ping_status":"closed","template":"","meta":[],"etheme_brands":[],"product_cat":[947,1125,1200,948,1067],"product_tag":[1205,1126,1206,1207,1086],"class_list":{"0":"post-20406","1":"product","2":"type-product","3":"status-publish","4":"has-post-thumbnail","6":"product_cat-ingrijire-par","7":"product_cat-masca-de-par","8":"product_cat-par-bio","9":"product_cat-produse-bio","10":"product_cat-tratament","11":"product_tag-anticadere","12":"product_tag-masca-de-par","13":"product_tag-masca-de-par-anticadere","14":"product_tag-prroduse-naturale","15":"product_tag-tratament-de-par","17":"first","18":"instock","19":"shipping-taxable","20":"purchasable","21":"product-type-simple"},"_links":{"self":[{"href":"https:\/\/energystudio-agency.ro\/demo15\/wp-json\/wp\/v2\/product\/20406","targetHints":{"allow":["GET"]}}],"collection":[{"href":"https:\/\/energystudio-agency.ro\/demo15\/wp-json\/wp\/v2\/product"}],"about":[{"href":"https:\/\/energystudio-agency.ro\/demo15\/wp-json\/wp\/v2\/types\/product"}],"replies":[{"embeddable":true,"href":"https:\/\/energystudio-agency.ro\/demo15\/wp-json\/wp\/v2\/comments?post=20406"}],"version-history":[{"count":1,"href":"https:\/\/energystudio-agency.ro\/demo15\/wp-json\/wp\/v2\/product\/20406\/revisions"}],"predecessor-version":[{"id":20461,"href":"https:\/\/energystudio-agency.ro\/demo15\/wp-json\/wp\/v2\/product\/20406\/revisions\/20461"}],"wp:featuredmedia":[{"embeddable":true,"href":"https:\/\/energystudio-agency.ro\/demo15\/wp-json\/wp\/v2\/media\/20460"}],"wp:attachment":[{"href":"https:\/\/energystudio-agency.ro\/demo15\/wp-json\/wp\/v2\/media?parent=20406"}],"wp:term":[{"taxonomy":"brand","embeddable":true,"href":"https:\/\/energystudio-agency.ro\/demo15\/wp-json\/wp\/v2\/etheme_brands?post=20406"},{"taxonomy":"product_cat","embeddable":true,"href":"https:\/\/energystudio-agency.ro\/demo15\/wp-json\/wp\/v2\/product_cat?post=20406"},{"taxonomy":"product_tag","embeddable":true,"href":"https:\/\/energystudio-agency.ro\/demo15\/wp-json\/wp\/v2\/product_tag?post=20406"}],"curies":[{"name":"wp","href":"https:\/\/api.w.org\/{rel}","templated":true}]}}