{"id":20407,"date":"2022-12-13T22:31:23","date_gmt":"2022-12-13T22:31:23","guid":{"rendered":"https:\/\/energystudio-agency.ro\/demo15\/?post_type=product&#038;p=20407"},"modified":"2022-12-13T23:09:02","modified_gmt":"2022-12-13T23:09:02","slug":"sampon-anticadere-allday-natural-400ml","status":"publish","type":"product","link":"https:\/\/energystudio-agency.ro\/demo15\/shop\/ingrijire-personala-cosmetice\/produse-bio\/par-bio\/sampon-anticadere-allday-natural-400ml\/","title":{"rendered":"Sampon anticadere AllDay Natural 400ml"},"content":{"rendered":"<p><strong>Stopeaz\u0103 c\u0103derea &amp; Fortifiaz\u0103<\/strong><\/p>\n<p>-Stimuleaz\u0103 cre\u0219terea p\u0103rului<span class=\"Apple-converted-space\">\u00a0<\/span><\/p>\n<p>-\u00cembun\u0103t\u0103\u021be\u0219te structura cuticulelor<span class=\"Apple-converted-space\">\u00a0<\/span><\/p>\n<p>-Combate c\u0103derea prematur\u0103<\/p>\n<p><strong>C\u0103derea excesiv\u0103, sl\u0103birea r\u0103d\u0103cinii \u0219i sub\u021bierea firului de p\u0103r.<\/strong><\/p>\n<p>&nbsp;<\/p>\n<p>\u0218ampon antic\u0103dere Alldaynatural, special conceput pentru cur\u0103\u021barea \u0219i \u00eengrijirea natural\u0103 a p\u0103rului \u0219i a scalpului afectate de pierderea din volum, c\u0103derea \u0219i r\u0103nirea p\u0103rului .<\/p>\n<p>Con\u021bine un complex de extracte vegetale cu rol stimulant, care ajut\u0103 la stoparea c\u0103derii p\u0103rului, precum \u0219i eu combina\u021bie de ingrediente active, ce ac\u021bioneaz\u0103 eficient la r\u0103d\u0103cin\u0103 pentru fortifierea \u0219i \u00eembun\u0103t\u0103\u021bire a structurii cuticulelor. Ac\u021bionarea purificatoare a extractelor, reface echilibrul natural al scalpului.<\/p>\n<p><strong>Nu con\u021bine sulfa\u021bi, parabeni, silicon sintetic sau uleiuri minerale.<\/strong><\/p>\n<p><strong>Utilizare:<\/strong>\u00a0Se aplic\u0103 o cantitate suficient\u0103 de \u0219ampon, se maseaz\u0103 u\u0219or p\u00e2n\u0103 la formarea spumei, se las\u0103 s\u0103 ac\u021bioneze 3-5 minute,apoi se cl\u0103te\u0219te. Se repet\u0103 dac\u0103 este necesar. \u00cen cazul contactului cu ochii, cl\u0103ti\u021bi cu ap\u0103 din abunden\u021b\u0103. Pentru rezultate optime, folosi\u021bi \u0219amponul \u00eempreun\u0103 cu Masca \u0219i serul antic\u0103dere.<\/p>\n<p><strong>\u2022Stimulant \u00a0\u2022Fortifiant \u00a0\u2022Nutritiv \u00a0\u2022Regenerant<\/strong><\/p>\n<p>Stopeaz\u0103 c\u0103derea, stimuleaz\u0103 cre\u0219terea \u0219i spore\u0219te vitalitatea podoabei capilare;<\/p>\n<p>P\u0103rul devine mai puternic \u0219i mai bogat;<\/p>\n<p>Previne \u0219i combate c\u0103derea prematura p\u0103rului | Produs unisex.<span class=\"Apple-converted-space\">\u00a0<\/span><\/p>\n<p>A se p\u0103stra la temperaturi cuprinse \u00eentre 4-25 \u00b0C. Contraindicat persoanelor cu hipersensibilitate la unul din ingrediente. A nu se ingera.<\/p>\n<p><strong>Inci\/Ingrediente:<\/strong>\u00a0aqua, lauryl glucoside, disodium cocoyl glutamate, cocamidopropyl betaine, humulus lupulus extract, aloe barbadensis leaf juice, hamamelis virginiana leaf extract, equisetum arvense extract, salvia officinalis leaf extract, centalla asiatica extract, citrus limon peel extract, pinus sylvestris bud extract, propanediol, glycerin, phyllanthus emblica fruit extract, amaranthus caudatus seed extract, zea mays (corn) starch, polyquaternium 110, panthenol, provitamin b5, niacin, biotin, potassium sorbate, sodium benzoate, parfum, citric acid, linalool, limonene.<\/p>\n","protected":false},"excerpt":{"rendered":"<p>Stopeaz\u0103 c\u0103derea &amp; Fortifiaz\u0103 -Stimuleaz\u0103 cre\u0219terea p\u0103rului\u00a0 -\u00cembun\u0103t\u0103\u021be\u0219te structura cuticulelor\u00a0 -Combate c\u0103derea prematur\u0103 C\u0103derea excesiv\u0103, sl\u0103birea r\u0103d\u0103cinii \u0219i sub\u021bierea firului de p\u0103r. &nbsp; \u0218ampon antic\u0103dere Alldaynatural, special conceput pentru cur\u0103\u021barea \u0219i \u00eengrijirea natural\u0103 a p\u0103rului \u0219i a scalpului afectate de pierderea din volum, c\u0103derea \u0219i&#8230;<\/p>\n","protected":false},"featured_media":20462,"comment_status":"open","ping_status":"closed","template":"","meta":[],"etheme_brands":[],"product_cat":[947,1200,948,1076,1067],"product_tag":[1205,1173,1082,1208],"class_list":{"0":"post-20407","1":"product","2":"type-product","3":"status-publish","4":"has-post-thumbnail","6":"product_cat-ingrijire-par","7":"product_cat-par-bio","8":"product_cat-produse-bio","9":"product_cat-sampon","10":"product_cat-tratament","11":"product_tag-anticadere","12":"product_tag-produse-naturale","13":"product_tag-sampon","14":"product_tag-sampon-anticaderea-parului","16":"first","17":"instock","18":"shipping-taxable","19":"purchasable","20":"product-type-simple"},"_links":{"self":[{"href":"https:\/\/energystudio-agency.ro\/demo15\/wp-json\/wp\/v2\/product\/20407","targetHints":{"allow":["GET"]}}],"collection":[{"href":"https:\/\/energystudio-agency.ro\/demo15\/wp-json\/wp\/v2\/product"}],"about":[{"href":"https:\/\/energystudio-agency.ro\/demo15\/wp-json\/wp\/v2\/types\/product"}],"replies":[{"embeddable":true,"href":"https:\/\/energystudio-agency.ro\/demo15\/wp-json\/wp\/v2\/comments?post=20407"}],"version-history":[{"count":1,"href":"https:\/\/energystudio-agency.ro\/demo15\/wp-json\/wp\/v2\/product\/20407\/revisions"}],"predecessor-version":[{"id":20463,"href":"https:\/\/energystudio-agency.ro\/demo15\/wp-json\/wp\/v2\/product\/20407\/revisions\/20463"}],"wp:featuredmedia":[{"embeddable":true,"href":"https:\/\/energystudio-agency.ro\/demo15\/wp-json\/wp\/v2\/media\/20462"}],"wp:attachment":[{"href":"https:\/\/energystudio-agency.ro\/demo15\/wp-json\/wp\/v2\/media?parent=20407"}],"wp:term":[{"taxonomy":"brand","embeddable":true,"href":"https:\/\/energystudio-agency.ro\/demo15\/wp-json\/wp\/v2\/etheme_brands?post=20407"},{"taxonomy":"product_cat","embeddable":true,"href":"https:\/\/energystudio-agency.ro\/demo15\/wp-json\/wp\/v2\/product_cat?post=20407"},{"taxonomy":"product_tag","embeddable":true,"href":"https:\/\/energystudio-agency.ro\/demo15\/wp-json\/wp\/v2\/product_tag?post=20407"}],"curies":[{"name":"wp","href":"https:\/\/api.w.org\/{rel}","templated":true}]}}