{"id":20408,"date":"2022-12-13T22:31:23","date_gmt":"2022-12-13T22:31:23","guid":{"rendered":"https:\/\/energystudio-agency.ro\/demo15\/?post_type=product&#038;p=20408"},"modified":"2022-12-13T23:09:02","modified_gmt":"2022-12-13T23:09:02","slug":"ser-tratament-aticadere-allday-natural-250ml","status":"publish","type":"product","link":"https:\/\/energystudio-agency.ro\/demo15\/shop\/ingrijire-personala-cosmetice\/produse-bio\/par-bio\/ser-tratament-aticadere-allday-natural-250ml\/","title":{"rendered":"Ser Tratament aticadere AllDay Natural 250ml"},"content":{"rendered":"<p><strong>Stopeaz\u0103 c\u0103derea &amp; Fortifiaz\u0103<\/strong><\/p>\n<p><strong>C\u0103derea excesiv\u0103, sl\u0103birea r\u0103d\u0103cinii \u0219i sub\u021bierea firului de p\u0103r<\/strong><\/p>\n<p>&nbsp;<\/p>\n<p>Ser tratament antic\u0103dere<span class=\"Apple-converted-space\">\u00a0<\/span>Alldaynatural, \u00eembog\u0103\u021bit cu active vegetale pentru \u00eengrijirea p\u0103rului \u0219i al scalpului, afectat de pierderea din volum \u0219i r\u0103rire, ce revitalizeaz\u0103 \u0219i fortifiaz\u0103 fibra capilar\u0103, oferind p\u0103rului un aspect m\u0103t\u0103sos \u0219i str\u0103lucitor. Are un efect stimulant \u0219i ac\u021bioneaz\u0103 eficient la r\u0103d\u0103cin\u0103 pentru fortifierea \u0219i \u00eembun\u0103t\u0103\u021birea structurii cuticulelor, regener\u00e2nd structura p\u0103rului pe \u00eentreaga sa lungime. Con\u021bine o combina\u021bie de ingrediente naturale ce ac\u021bioneaz\u0103 eficient la stoparea c\u0103derii p\u0103rului \u0219i regenerarea lui.<\/p>\n<p><strong>Nu con\u021bine sulfa\u021bi, parabeni, silicon sintetic sau uleiuri minerale .<\/strong><\/p>\n<p><strong>Utilizare:<\/strong>\u00a0Se recomand\u0103 utilizarea de dou\u0103 patru ori pe s\u0103pt\u0103m\u00e2n\u0103. \u00cenainte de sp\u0103larea p\u0103rului aplica\u021bi o cantitate suficient\u0103 de ser la r\u0103d\u0103cina p\u0103rului, l\u0103s\u0103m s\u0103 ac\u021bioneze 15\u201320 minute. Masa\u021bi u\u0219or, insist\u00e2nd asupra zonelor afectate, pentru a facilita absor\u021bia ingredientelor active. Dup\u0103 aceea sp\u0103la\u021bi p\u0103rul normal.<span class=\"Apple-converted-space\">\u00a0\u00a0<\/span>Utiliza\u021bi serul p\u00e2n\u0103 la dispari\u021bia completa m\u0103tre\u021bii, iar apoi odat\u0103 la dou\u0103 s\u0103pt\u0103m\u00e2ni, pentru a \u00eempiedica recidiva. Pentru efecte optime, utiliza\u021bi \u00eentreaga gam\u0103 de produse antic\u0103dere Alldaynatural.<\/p>\n<p><strong>\u2022Stimulant \u00a0\u2022Fortifiant \u00a0\u2022Nutritiv \u00a0\u2022Regenerant<\/strong><\/p>\n<p>Stopeaz\u0103 c\u0103derea, stimuleaz\u0103 cre\u0219terea \u0219i spore\u0219te vitalitatea podoabei capilare;<\/p>\n<p>P\u0103rul devine mai puternic \u0219i mai bogat;<\/p>\n<p>Previne \u0219i combate c\u0103derea prematur\u0103 a p\u0103rului | Produs unisex.<\/p>\n<p>A se p\u0103stra la temperaturi cuprinse \u00eentre 4\u201325\u00b0C. Contraindicat persoanelor cu hipersensibilitate la unul din ingrediente. A nu se ingera.<\/p>\n<p>Inci\/Ingrediente: aqua, alcohol, glycerin, humulus lupulus extract, aloe barbadensis leaf juice, hamamelis virginiana leaf extract, equisetum arvense extract, salvia officinalis leaf extract, centella asiatica extract, citrus limon peel extract, pinus, sylvestris bud extract, propanediol, hyllanthus emblica fruit extract, amaranthus caudatus seed extract, zea mays (corn) starch, panthenol, provitamin b5, niacin, biotin, potassium sorbate, sodium benzoate, benzyl alcohol, chlorphenesin, parfum, citric acid, edta, linaloo, limonene.<\/p>\n","protected":false},"excerpt":{"rendered":"<p>Stopeaz\u0103 c\u0103derea &amp; Fortifiaz\u0103 C\u0103derea excesiv\u0103, sl\u0103birea r\u0103d\u0103cinii \u0219i sub\u021bierea firului de p\u0103r &nbsp; Ser tratament antic\u0103dere\u00a0Alldaynatural, \u00eembog\u0103\u021bit cu active vegetale pentru \u00eengrijirea p\u0103rului \u0219i al scalpului, afectat de pierderea din volum \u0219i r\u0103rire, ce revitalizeaz\u0103 \u0219i fortifiaz\u0103 fibra capilar\u0103, oferind p\u0103rului un aspect m\u0103t\u0103sos&#8230;<\/p>\n","protected":false},"featured_media":20464,"comment_status":"open","ping_status":"closed","template":"","meta":[],"etheme_brands":[],"product_cat":[947,1200,948,1067],"product_tag":[1205,1173,1209,1091],"class_list":{"0":"post-20408","1":"product","2":"type-product","3":"status-publish","4":"has-post-thumbnail","6":"product_cat-ingrijire-par","7":"product_cat-par-bio","8":"product_cat-produse-bio","9":"product_cat-tratament","10":"product_tag-anticadere","11":"product_tag-produse-naturale","12":"product_tag-ser-anticaderea-parului","13":"product_tag-tratament-par","15":"first","16":"instock","17":"shipping-taxable","18":"purchasable","19":"product-type-simple"},"_links":{"self":[{"href":"https:\/\/energystudio-agency.ro\/demo15\/wp-json\/wp\/v2\/product\/20408","targetHints":{"allow":["GET"]}}],"collection":[{"href":"https:\/\/energystudio-agency.ro\/demo15\/wp-json\/wp\/v2\/product"}],"about":[{"href":"https:\/\/energystudio-agency.ro\/demo15\/wp-json\/wp\/v2\/types\/product"}],"replies":[{"embeddable":true,"href":"https:\/\/energystudio-agency.ro\/demo15\/wp-json\/wp\/v2\/comments?post=20408"}],"version-history":[{"count":1,"href":"https:\/\/energystudio-agency.ro\/demo15\/wp-json\/wp\/v2\/product\/20408\/revisions"}],"predecessor-version":[{"id":20465,"href":"https:\/\/energystudio-agency.ro\/demo15\/wp-json\/wp\/v2\/product\/20408\/revisions\/20465"}],"wp:featuredmedia":[{"embeddable":true,"href":"https:\/\/energystudio-agency.ro\/demo15\/wp-json\/wp\/v2\/media\/20464"}],"wp:attachment":[{"href":"https:\/\/energystudio-agency.ro\/demo15\/wp-json\/wp\/v2\/media?parent=20408"}],"wp:term":[{"taxonomy":"brand","embeddable":true,"href":"https:\/\/energystudio-agency.ro\/demo15\/wp-json\/wp\/v2\/etheme_brands?post=20408"},{"taxonomy":"product_cat","embeddable":true,"href":"https:\/\/energystudio-agency.ro\/demo15\/wp-json\/wp\/v2\/product_cat?post=20408"},{"taxonomy":"product_tag","embeddable":true,"href":"https:\/\/energystudio-agency.ro\/demo15\/wp-json\/wp\/v2\/product_tag?post=20408"}],"curies":[{"name":"wp","href":"https:\/\/api.w.org\/{rel}","templated":true}]}}