{"id":20409,"date":"2022-12-13T22:31:23","date_gmt":"2022-12-13T22:31:23","guid":{"rendered":"https:\/\/energystudio-agency.ro\/demo15\/?post_type=product&#038;p=20409"},"modified":"2022-12-13T23:09:03","modified_gmt":"2022-12-13T23:09:03","slug":"masca-antimatreata-allday-natural-250ml","status":"publish","type":"product","link":"https:\/\/energystudio-agency.ro\/demo15\/shop\/ingrijire-personala-cosmetice\/produse-bio\/par-bio\/masca-antimatreata-allday-natural-250ml\/","title":{"rendered":"Masca antimatreata AllDay Natural 250ml"},"content":{"rendered":"<p><strong>Seboreglatoare &amp; Antifungic Natural<\/strong><\/p>\n<p><strong>Dermatit\u0103 seboreic\u0103, irita\u021bii ale scalpului, r\u0103dacini grase<\/strong><\/p>\n<p>&nbsp;<\/p>\n<p>Masc\u0103 antim\u0103trea\u021b\u0103 Alldaynatural, \u00eembog\u0103\u021bit\u0103 cu active vegetale pentru \u00eengrijirea p\u0103rului \u0219i a scalpului uscat sau gras, afectat de m\u0103trea\u021b\u0103, ce revitalizeaz\u0103 \u0219i forfifiaz\u0103 fibra capilar\u0103, oferind p\u0103rului un aspect m\u0103t\u0103sos \u0219i str\u0103lucitor. Are un efect antibacterian, seboreglator, antifungic si stimuleaz\u0103 reinnoirea celular\u0103, regener\u00e2nd structura p\u0103rului pe \u00eentreaga sa lungime. Con\u021bine o combina\u021bie de ingrediente naturale ce ac\u021bioneaz\u0103 eficient pentru a elimina m\u0103trea\u021ba \u0219i a preveni reapari\u021bia acesteia.<\/p>\n<p>Nu con\u021bine sulfa\u021bi, parabeni, silicon sintetic sau uleiuri minerale.<\/p>\n<p>Utilizare: Se spal\u0103 p\u0103rul cu \u0218amponul Antim\u0103trea\u021b\u0103 Alldaynatural \u0219i se usuc\u0103 cu un prosop. Masca se aplic\u0103 pe toat\u0103 lungimea, inclusiv la r\u0103d\u0103cini, dup\u0103 care se maseaz\u0103 u\u0219or pielea scalpului timp de 3-5 minute. La final se cl\u0103te\u0219te bine cu ap\u0103 c\u0103ldu\u021b\u0103, nu fierbinte. Utiliza\u021bi 1-2 ori pe s\u0103pt\u0103m\u00e2n\u0103, iar pentru cele mai bune rezultate, folosi\u021bi serul din aceea\u0219i gam\u0103, de 2-4 ori pe s\u0103pt\u0103m\u00e2n\u0103.<\/p>\n<p><strong>\u2022<\/strong>Seboreglator \u00a0<strong>\u2022<\/strong>Antiinflamator \u00a0<strong>\u2022<\/strong>Antimicrobian \u00a0\u00a0<strong>\u2022<\/strong>Antifungic natural<\/p>\n<p>Red\u0103 str\u0103lucirea, stimuleaz\u0103 cre\u0219terea \u0219i spore\u0219te vitalitatea podoabei capilare;<\/p>\n<p>Regleaz\u0103 secre\u021bia de sebum \u0219i amelioreaz\u0103 irita\u021biile scalpului;<\/p>\n<p>Previne \u0219i combate m\u0103trea\u021ba | Produs unisex.<\/p>\n<p>A se p\u0103stra la temperaturi cuprinse \u00eentre 4-25\u00b0C. Contraindicat persoanelor cu hipersensibilitate la unul din ingrediente. A nu se ingera.<\/p>\n<p>Inci\/Ingrediente: aqua, cetearyl alcohol, stearalkonium chloride, behen-trimonium chloride, peg-40 hydrogenated castor oil, glycerin, rosmarinus officinalis (rosemary) leaf extract, nasturtium officinale extract, salvia officinalis leaf extract, niacinamide, biotin, cocos nucifera seed butter, sulfur, peg-30 castor oil, butylene glycol, barosma betulina leaf extract, panthenol, methylpropanediol, 4-terpineol, salycilic acid, salix alba (willow) bark extract, argania spinosa kernel oil, benzyl alcohol, chlorphenesin, parfum, citric acid, edta, linalool, limonene.<\/p>\n","protected":false},"excerpt":{"rendered":"<p>Seboreglatoare &amp; Antifungic Natural Dermatit\u0103 seboreic\u0103, irita\u021bii ale scalpului, r\u0103dacini grase &nbsp; Masc\u0103 antim\u0103trea\u021b\u0103 Alldaynatural, \u00eembog\u0103\u021bit\u0103 cu active vegetale pentru \u00eengrijirea p\u0103rului \u0219i a scalpului uscat sau gras, afectat de m\u0103trea\u021b\u0103, ce revitalizeaz\u0103 \u0219i forfifiaz\u0103 fibra capilar\u0103, oferind p\u0103rului un aspect m\u0103t\u0103sos \u0219i str\u0103lucitor. Are&#8230;<\/p>\n","protected":false},"featured_media":20483,"comment_status":"open","ping_status":"closed","template":"","meta":[],"etheme_brands":[],"product_cat":[947,1125,1200,948,1067],"product_tag":[1210,1126,1211,1212,1213,1173],"class_list":{"0":"post-20409","1":"product","2":"type-product","3":"status-publish","4":"has-post-thumbnail","6":"product_cat-ingrijire-par","7":"product_cat-masca-de-par","8":"product_cat-par-bio","9":"product_cat-produse-bio","10":"product_cat-tratament","11":"product_tag-masca-antimatreata","12":"product_tag-masca-de-par","13":"product_tag-masca-de-par-antimatreata","14":"product_tag-masca-pentru-matreata","15":"product_tag-matreata","16":"product_tag-produse-naturale","18":"first","19":"instock","20":"shipping-taxable","21":"purchasable","22":"product-type-simple"},"_links":{"self":[{"href":"https:\/\/energystudio-agency.ro\/demo15\/wp-json\/wp\/v2\/product\/20409","targetHints":{"allow":["GET"]}}],"collection":[{"href":"https:\/\/energystudio-agency.ro\/demo15\/wp-json\/wp\/v2\/product"}],"about":[{"href":"https:\/\/energystudio-agency.ro\/demo15\/wp-json\/wp\/v2\/types\/product"}],"replies":[{"embeddable":true,"href":"https:\/\/energystudio-agency.ro\/demo15\/wp-json\/wp\/v2\/comments?post=20409"}],"version-history":[{"count":1,"href":"https:\/\/energystudio-agency.ro\/demo15\/wp-json\/wp\/v2\/product\/20409\/revisions"}],"predecessor-version":[{"id":20484,"href":"https:\/\/energystudio-agency.ro\/demo15\/wp-json\/wp\/v2\/product\/20409\/revisions\/20484"}],"wp:featuredmedia":[{"embeddable":true,"href":"https:\/\/energystudio-agency.ro\/demo15\/wp-json\/wp\/v2\/media\/20483"}],"wp:attachment":[{"href":"https:\/\/energystudio-agency.ro\/demo15\/wp-json\/wp\/v2\/media?parent=20409"}],"wp:term":[{"taxonomy":"brand","embeddable":true,"href":"https:\/\/energystudio-agency.ro\/demo15\/wp-json\/wp\/v2\/etheme_brands?post=20409"},{"taxonomy":"product_cat","embeddable":true,"href":"https:\/\/energystudio-agency.ro\/demo15\/wp-json\/wp\/v2\/product_cat?post=20409"},{"taxonomy":"product_tag","embeddable":true,"href":"https:\/\/energystudio-agency.ro\/demo15\/wp-json\/wp\/v2\/product_tag?post=20409"}],"curies":[{"name":"wp","href":"https:\/\/api.w.org\/{rel}","templated":true}]}}