{"id":20410,"date":"2022-12-13T22:31:23","date_gmt":"2022-12-13T22:31:23","guid":{"rendered":"https:\/\/energystudio-agency.ro\/demo15\/?post_type=product&#038;p=20410"},"modified":"2022-12-13T23:09:02","modified_gmt":"2022-12-13T23:09:02","slug":"sampon-antimatreata-allday-natural-400ml","status":"publish","type":"product","link":"https:\/\/energystudio-agency.ro\/demo15\/shop\/ingrijire-personala-cosmetice\/produse-bio\/par-bio\/sampon-antimatreata-allday-natural-400ml\/","title":{"rendered":"Sampon antimatreata AllDay Natural 400ml"},"content":{"rendered":"<p><strong>Seboreglator &amp; Antifungic Natural<\/strong><\/p>\n<p>-Regleaz\u0103 secre\u021bia de sebum<span class=\"Apple-converted-space\">\u00a0<\/span><\/p>\n<p>-Amelioreaz\u0103 irita\u021biile scalpului<\/p>\n<p>-Previne \u0219i combate m\u0103trea\u021ba<\/p>\n<p><strong>Dermatit\u0103 seboreic\u0103, irita\u021bii ale scalpului, r\u0103d\u0103cini groase<\/strong><\/p>\n<p>\u0218ampon<span class=\"Apple-converted-space\">\u00a0<\/span>antim\u0103trea\u021b\u0103 Alldaynatural, special conceput pentru cur\u0103\u021barea \u0219i \u00eengrijirea natural\u0103 a p\u0103rului \u0219i a scalpului afectate de m\u0103trea\u021b\u0103, r\u0103d\u0103cini grase \u0219i dermatit\u0103 seboreic\u0103.<\/p>\n<p>Con\u021bine un complex de extracte vegetale cu rol sebo-reglator, care ajut\u0103 la restabilirea \u0219i men\u021binerea echilibrului scalpului, precum \u0219i o combina\u021bie de ingrediente active, ce ac\u021bioneaz\u0103 eficient pentru a elimina m\u0103trea\u021ba \u0219i a preveni reapari\u021bia acesteia. Ac\u021biunea purificatoare a extractelor, reface echilibrul natural al scalpului.<\/p>\n<p><strong>Nu con\u021bine sulfa\u021bi, parabeni, silicon sintetic sau uleiuri minerale.\u00a0<\/strong><\/p>\n<p><strong>Utilizare:<\/strong>\u00a0Se aplic\u0103 o cantitate suficient\u0103 de \u0219ampon, se maseaz\u0103 u\u0219or p\u00e2n\u0103 la formarea spumei, se las\u0103 s\u0103 ac\u021bioneze 3-5 minute, apoi se clate\u0219te. Se repet\u0103 dac\u0103 este necesar. \u00cen cazul contactului cu ochii, cl\u0103ti\u021bi cu ap\u0103 din abunden\u021b\u0103. Pentru rezultate optime, folosi\u021bi \u0219amponul \u00eempreun\u0103 cu Masca \u0219i Serul Antim\u0103trea\u021b\u0103.<\/p>\n<p><strong>\u2022Seboreglator \u00a0\u2022Antiinflamator \u00a0\u2022Antimicrobian \u00a0\u2022Antifungic natural<\/strong><\/p>\n<p>Red\u0103 str\u0103lucirea, stimuleaz\u0103 cre\u0219terea \u0219i spore\u0219te vitalitatea podoabei capilare;<span class=\"Apple-converted-space\">\u00a0<\/span><\/p>\n<p>Regleaz\u0103 secre\u021bia de sebum \u0219i amelioreaz\u0103 irita\u021biile scalpului;<\/p>\n<p>Previne \u0219i combate m\u0103trea\u021ba | Produs unisex.<\/p>\n<p>A se p\u0103stra la temperaturi cuprinse \u00eentre 4-25 \u00b0C. Contraindicat persoanelor cu hipersensibilitate la unul din ingrediente. A nu se ingera.<\/p>\n<p><strong>INCI\/Ingrediente:<\/strong>\u00a0aqua, lauryl glucoside, disodium cocoyl glutamate, cocamidopropyl betaine. rosmarinus officinalis (rosemary) leaf extract. nasturtium officinale extract, salvia officinalis leaf extract, niacinamide, biotin. polyquaternium 110, glycerin, benzyl alcohol chlorphenesin, polyquaternium-7, sulfur, peg-30 castor oil, butylene glycol, barosma betulina leaf extract, panthenol, methylpropanediol, 4-terpineol, salycilic acid, salix de alba (willow) bark extract, parfum, citric acid, linalool\u201d, limonene\u201d.<\/p>\n<p>&nbsp;<\/p>\n<p>&nbsp;<\/p>\n","protected":false},"excerpt":{"rendered":"<p>Seboreglator &amp; Antifungic Natural -Regleaz\u0103 secre\u021bia de sebum\u00a0 -Amelioreaz\u0103 irita\u021biile scalpului -Previne \u0219i combate m\u0103trea\u021ba Dermatit\u0103 seboreic\u0103, irita\u021bii ale scalpului, r\u0103d\u0103cini groase \u0218ampon\u00a0antim\u0103trea\u021b\u0103 Alldaynatural, special conceput pentru cur\u0103\u021barea \u0219i \u00eengrijirea natural\u0103 a p\u0103rului \u0219i a scalpului afectate de m\u0103trea\u021b\u0103, r\u0103d\u0103cini grase \u0219i dermatit\u0103 seboreic\u0103. Con\u021bine&#8230;<\/p>\n","protected":false},"featured_media":20485,"comment_status":"open","ping_status":"closed","template":"","meta":[],"etheme_brands":[],"product_cat":[947,1200,948,1076,1067],"product_tag":[1214,1213,1173,1215],"class_list":{"0":"post-20410","1":"product","2":"type-product","3":"status-publish","4":"has-post-thumbnail","6":"product_cat-ingrijire-par","7":"product_cat-par-bio","8":"product_cat-produse-bio","9":"product_cat-sampon","10":"product_cat-tratament","11":"product_tag-antimatreata","12":"product_tag-matreata","13":"product_tag-produse-naturale","14":"product_tag-sampon-de-par-antimatreata","16":"first","17":"instock","18":"shipping-taxable","19":"purchasable","20":"product-type-simple"},"_links":{"self":[{"href":"https:\/\/energystudio-agency.ro\/demo15\/wp-json\/wp\/v2\/product\/20410","targetHints":{"allow":["GET"]}}],"collection":[{"href":"https:\/\/energystudio-agency.ro\/demo15\/wp-json\/wp\/v2\/product"}],"about":[{"href":"https:\/\/energystudio-agency.ro\/demo15\/wp-json\/wp\/v2\/types\/product"}],"replies":[{"embeddable":true,"href":"https:\/\/energystudio-agency.ro\/demo15\/wp-json\/wp\/v2\/comments?post=20410"}],"version-history":[{"count":1,"href":"https:\/\/energystudio-agency.ro\/demo15\/wp-json\/wp\/v2\/product\/20410\/revisions"}],"predecessor-version":[{"id":20486,"href":"https:\/\/energystudio-agency.ro\/demo15\/wp-json\/wp\/v2\/product\/20410\/revisions\/20486"}],"wp:featuredmedia":[{"embeddable":true,"href":"https:\/\/energystudio-agency.ro\/demo15\/wp-json\/wp\/v2\/media\/20485"}],"wp:attachment":[{"href":"https:\/\/energystudio-agency.ro\/demo15\/wp-json\/wp\/v2\/media?parent=20410"}],"wp:term":[{"taxonomy":"brand","embeddable":true,"href":"https:\/\/energystudio-agency.ro\/demo15\/wp-json\/wp\/v2\/etheme_brands?post=20410"},{"taxonomy":"product_cat","embeddable":true,"href":"https:\/\/energystudio-agency.ro\/demo15\/wp-json\/wp\/v2\/product_cat?post=20410"},{"taxonomy":"product_tag","embeddable":true,"href":"https:\/\/energystudio-agency.ro\/demo15\/wp-json\/wp\/v2\/product_tag?post=20410"}],"curies":[{"name":"wp","href":"https:\/\/api.w.org\/{rel}","templated":true}]}}