{"id":20412,"date":"2022-12-13T22:31:24","date_gmt":"2022-12-13T22:31:24","guid":{"rendered":"https:\/\/energystudio-agency.ro\/demo15\/?post_type=product&#038;p=20412"},"modified":"2022-12-13T23:09:00","modified_gmt":"2022-12-13T23:09:00","slug":"masca-de-par-nutritiva-allday-natural-250ml","status":"publish","type":"product","link":"https:\/\/energystudio-agency.ro\/demo15\/shop\/ingrijire-personala-cosmetice\/produse-bio\/par-bio\/masca-de-par-nutritiva-allday-natural-250ml\/","title":{"rendered":"Masca de par nutritiva AllDay Natural 250ml"},"content":{"rendered":"<p><strong>Hidrateaz\u0103, Hr\u0103ne\u0219te &amp; Fortifiaz\u0103<\/strong><\/p>\n<p><strong>P\u0103r agresat termic sau decolorat, fir de p\u0103r aspru<\/strong><\/p>\n<p>&nbsp;<\/p>\n<p>Masc\u0103 nutritiv\u0103 Alldaynatural, \u00eembog\u0103\u021bit\u0103 cu active vegetale pentru hr\u0103nirea \u00een profunzime a p\u0103rului uscat \u0219i degradat, ce fortifiaz\u0103 fibra capilar\u0103, oferind p\u0103rului un aspect m\u0103t\u0103sos \u0219i str\u0103lucitor. Are un efect intens hidratant \u0219i ac\u021bioneaz\u0103 eficient la r\u0103d\u0103cin\u0103 pentru hr\u0103nirea \u0219i \u00eembun\u0103t\u0103\u021birea structurii cuticulelor, regener\u00e2nd structura p\u0103rului pe \u00eentreaga sa lungime. Con\u021bine o combina\u021bie de ingrediente naturale ce ac\u021bioneaz\u0103 eficient la revitalizarea p\u0103rului, acesta devenind moale \u0219i fin.<\/p>\n<p>Nu con\u021bine sulfa\u021bi, parabeni, silicon sintetic sau uleiuri minerale.<\/p>\n<p>Utilizare: Se spal\u0103 p\u0103rul cu \u0218amponul Nutritiv Alldaynatural \u0219i se usuc\u0103 cu un prosop. Masca se aplic\u0103 pe toat\u0103 lungimea, inclusiv la r\u0103d\u0103cini, dup\u0103 care se maseaz\u0103 u\u0219or pielea scalpului timp de 3-5 minute. La final se cl\u0103te\u0219te bine cu ap\u0103 c\u0103ldu\u021b\u0103, nu fierbinte. Utiliza\u021bi 1-2 ori pe s\u0103pt\u0103m\u00e2n\u0103, iar pentru cele mai bune rezultate, folosi\u021bi serul din aceea\u0219i gam\u0103, de 2-4 ori pe s\u0103pt\u0103m\u00e2n\u0103.<\/p>\n<p><strong>\u2022<\/strong>Nutritiv \u00a0<strong>\u2022<\/strong>Hidratant \u00a0<strong>\u2022<\/strong>Reparator \u00a0<strong>\u2022<\/strong>Protector culoare<\/p>\n<p>Hr\u0103ne\u0219te p\u0103rul de la r\u0103d\u0103cin\u0103 p\u00e2n\u0103 la v\u00e2rf \u0219i \u00eel protejeaz\u0103 de agresiunile mediului;<\/p>\n<p>Red\u0103 str\u0103lucirea firului de p\u0103r \u0219i \u00eel fortifiaz\u0103;<\/p>\n<p>Men\u021bine p\u0103rul puternic, catifelat \u0219i u\u0219or de piept\u0103nat | Produs unisex.<\/p>\n<p>A se p\u0103stra la temperaturi cuprinse \u00eentre 4-25\u00b0C. Contraindicat persoanelor cu hipersensibilitate la unul din ingrediente. A nu se ingera.<\/p>\n<p>Inci\/Ingrediente: aqua, cetearyl alcohol, stearalkonium chloride, behen-trimonium chloride, peg-40 hydrogenated castor oil, glycerin, humulus lupulus extract, aloe barbadensis leaf juice, hamamelis virginiana leaf extract, equisetum arvense extract, salvia officinalis leaf extract, centella asiatica extract, citrus limon peel extract, pinus sylvestris bud extract, propanediol, phyllanthus emblica fruit extract, fucus vesiculosus extract, hedera helix (ivy) leaf extract, citrus aurantium amara (bitter orange) peel extract, rosmarinus officinalis (rosemary) leaf extract, cocos nucifera seed butter, provitamin b5, niacin, biotin, potassium sorbate, sodium benzoate, panthenol, argania spinosa kernel oil, benzyl alcohol, chlorphenesin, parfum, citric acid, edta, linalool, limonene.<\/p>\n<p>&nbsp;<\/p>\n","protected":false},"excerpt":{"rendered":"<p>Hidrateaz\u0103, Hr\u0103ne\u0219te &amp; Fortifiaz\u0103 P\u0103r agresat termic sau decolorat, fir de p\u0103r aspru &nbsp; Masc\u0103 nutritiv\u0103 Alldaynatural, \u00eembog\u0103\u021bit\u0103 cu active vegetale pentru hr\u0103nirea \u00een profunzime a p\u0103rului uscat \u0219i degradat, ce fortifiaz\u0103 fibra capilar\u0103, oferind p\u0103rului un aspect m\u0103t\u0103sos \u0219i str\u0103lucitor. Are un efect intens&#8230;<\/p>\n","protected":false},"featured_media":20489,"comment_status":"open","ping_status":"closed","template":"","meta":[],"etheme_brands":[],"product_cat":[947,1125,1200,948,1067],"product_tag":[1126,1218,1219,1220,1173],"class_list":{"0":"post-20412","1":"product","2":"type-product","3":"status-publish","4":"has-post-thumbnail","6":"product_cat-ingrijire-par","7":"product_cat-masca-de-par","8":"product_cat-par-bio","9":"product_cat-produse-bio","10":"product_cat-tratament","11":"product_tag-masca-de-par","12":"product_tag-masca-de-par-nutritiva","13":"product_tag-masca-de-par-reparatorie","14":"product_tag-nutritiva","15":"product_tag-produse-naturale","17":"first","18":"instock","19":"shipping-taxable","20":"purchasable","21":"product-type-simple"},"_links":{"self":[{"href":"https:\/\/energystudio-agency.ro\/demo15\/wp-json\/wp\/v2\/product\/20412","targetHints":{"allow":["GET"]}}],"collection":[{"href":"https:\/\/energystudio-agency.ro\/demo15\/wp-json\/wp\/v2\/product"}],"about":[{"href":"https:\/\/energystudio-agency.ro\/demo15\/wp-json\/wp\/v2\/types\/product"}],"replies":[{"embeddable":true,"href":"https:\/\/energystudio-agency.ro\/demo15\/wp-json\/wp\/v2\/comments?post=20412"}],"version-history":[{"count":1,"href":"https:\/\/energystudio-agency.ro\/demo15\/wp-json\/wp\/v2\/product\/20412\/revisions"}],"predecessor-version":[{"id":20490,"href":"https:\/\/energystudio-agency.ro\/demo15\/wp-json\/wp\/v2\/product\/20412\/revisions\/20490"}],"wp:featuredmedia":[{"embeddable":true,"href":"https:\/\/energystudio-agency.ro\/demo15\/wp-json\/wp\/v2\/media\/20489"}],"wp:attachment":[{"href":"https:\/\/energystudio-agency.ro\/demo15\/wp-json\/wp\/v2\/media?parent=20412"}],"wp:term":[{"taxonomy":"brand","embeddable":true,"href":"https:\/\/energystudio-agency.ro\/demo15\/wp-json\/wp\/v2\/etheme_brands?post=20412"},{"taxonomy":"product_cat","embeddable":true,"href":"https:\/\/energystudio-agency.ro\/demo15\/wp-json\/wp\/v2\/product_cat?post=20412"},{"taxonomy":"product_tag","embeddable":true,"href":"https:\/\/energystudio-agency.ro\/demo15\/wp-json\/wp\/v2\/product_tag?post=20412"}],"curies":[{"name":"wp","href":"https:\/\/api.w.org\/{rel}","templated":true}]}}