{"id":20413,"date":"2022-12-13T22:31:24","date_gmt":"2022-12-13T22:31:24","guid":{"rendered":"https:\/\/energystudio-agency.ro\/demo15\/?post_type=product&#038;p=20413"},"modified":"2022-12-13T23:09:01","modified_gmt":"2022-12-13T23:09:01","slug":"sampon-nutritiv-allday-natural-400ml","status":"publish","type":"product","link":"https:\/\/energystudio-agency.ro\/demo15\/shop\/ingrijire-personala-cosmetice\/produse-bio\/par-bio\/sampon-nutritiv-allday-natural-400ml\/","title":{"rendered":"Sampon nutritiv AllDay Natural 400ml"},"content":{"rendered":"<p><strong>Hidrateaz\u0103, Hr\u0103ne\u0219te &amp; Fortifiaz\u0103<\/strong><\/p>\n<p>-Efect intens nutritiv<\/p>\n<p>-Protejeaz\u0103 culoarea p\u0103rului<\/p>\n<p>-Ofer\u0103 str\u0103lucire &amp; extravolum<\/p>\n<p><strong>P\u0103r agresat termic sau decolorat, fir de par aspur.<\/strong><\/p>\n<p>&nbsp;<\/p>\n<p>\u0218ampon nutritiv Alldaynatural, special conceput pentru cur\u0103\u021barea \u0219i \u00eengrijirea natural\u0103 a p\u0103rului \u0219i a scalpului uscat \u0219i degradat, red\u00e2nd fibrei capilare structura, str\u0103lucirea \u0219i catifelarea.<\/p>\n<p>Con\u021bine un complex de extracte vegetale cu rol nutritiv, care ajut\u0103 la hidratarea intens\u0103, precum \u0219i o combina\u021bie de ingrediente active, ce ac\u021bioneaz\u0103 eficient la r\u0103d\u0103cin\u0103, pentru fortifierea cuticulelor. Ac\u021biunea hr\u0103nitoare a extractelor, reface echilibrul natural al scalpului.<\/p>\n<p><strong>Nu con\u021bine sulfa\u021bi, parabeni, silicon sintetic sa uleiuri minerale.<\/strong><\/p>\n<p><strong>Utilizare:<\/strong>\u00a0Se aplic\u0103 o cantitate suficient\u0103 de \u0219ampon, se maseaz\u0103 u\u0219or p\u00e2n\u0103 la formarea spumei, se las\u0103 s\u0103 ac\u021bioneze 3-5 minute \u0219i apoi se cl\u0103te\u0219te. Se repet\u0103 dac\u0103 este necesar. \u00cen cazul contactului cu ochii, cl\u0103ti\u021bi cu ap\u0103 din abunden\u021b\u0103. Pentru rezultate optime, folosi\u021bi \u0219amponul \u00eempreun\u0103 cu Masca \u0219i Serul Nutritiv.<\/p>\n<p><strong>\u2022Nutritiv \u00a0\u2022Hidratant \u00a0\u2022Reparator \u00a0\u2022Protector culoare<\/strong><\/p>\n<p>Hr\u0103ne\u0219te p\u0103rul de la r\u0103d\u0103cin\u0103 p\u00e2n\u0103 la v\u00e2rf \u0219i \u00eel protejeaz\u0103 de agresiunile mediului;<span class=\"Apple-converted-space\">\u00a0<\/span><\/p>\n<p>Red\u0103 str\u0103lucirea firului de p\u0103r \u0219i \u00eel fortifiaz\u0103;<\/p>\n<p>Men\u021bine p\u0103rul puternic, catifelat \u0219i u\u0219or de piept\u0103nat | Produs unisex.<\/p>\n<p>A se p\u0103stra la temperaturi cuprinse \u00eentre 4-25\u00b0C. Contraindicat persoanelor cu hipersensibilitate la unul din ingrediente. A nu se ingera.<\/p>\n<p><strong>INCI\/Ingrediente:<\/strong>\u00a0aqua, lauryl glucoside, disodium cocoyl glutamate, cocamidopropyl betaine, glycerin, humulus lupulus extract, aloe barbadensis leaf juice, hamamelis virginiana leaf extract, equisetum arvense extract, salvia officinalis leaf extract, centella asiatica extract, citrus limon peel extract, pinus sylvestris bud extract, propanediol, phyllanthus emblica fruit extract, fucus vesiculosus extract, hedera helix(ivy) leaf extract, citrus aurantium amara (bitter orange) peel extract, rosmarinus officinalis (rosemary) leaf extract, polyquaternium 110, benzyl alcohol, chlorphenesin, polyquaternium-7, panthenol, provitamin b5, niacin, biotin, potassium sorbate, sodium benzoate, parfum, citric acid, linalool, limonene.<\/p>\n<p>&nbsp;<\/p>\n","protected":false},"excerpt":{"rendered":"<p>Hidrateaz\u0103, Hr\u0103ne\u0219te &amp; Fortifiaz\u0103 -Efect intens nutritiv -Protejeaz\u0103 culoarea p\u0103rului -Ofer\u0103 str\u0103lucire &amp; extravolum P\u0103r agresat termic sau decolorat, fir de par aspur. &nbsp; \u0218ampon nutritiv Alldaynatural, special conceput pentru cur\u0103\u021barea \u0219i \u00eengrijirea natural\u0103 a p\u0103rului \u0219i a scalpului uscat \u0219i degradat, red\u00e2nd fibrei capilare&#8230;<\/p>\n","protected":false},"featured_media":20491,"comment_status":"open","ping_status":"closed","template":"","meta":[],"etheme_brands":[],"product_cat":[947,1200,948,1076,1067],"product_tag":[1173,1221,1222,1223,1224,1225],"class_list":{"0":"post-20413","1":"product","2":"type-product","3":"status-publish","4":"has-post-thumbnail","6":"product_cat-ingrijire-par","7":"product_cat-par-bio","8":"product_cat-produse-bio","9":"product_cat-sampon","10":"product_cat-tratament","11":"product_tag-produse-naturale","12":"product_tag-protejeaza-culoarea-parului","13":"product_tag-sampon-de-par","14":"product_tag-sampon-hidratant","15":"product_tag-sampon-nutritiv","16":"product_tag-sampon-regenerant","18":"first","19":"instock","20":"shipping-taxable","21":"purchasable","22":"product-type-simple"},"_links":{"self":[{"href":"https:\/\/energystudio-agency.ro\/demo15\/wp-json\/wp\/v2\/product\/20413","targetHints":{"allow":["GET"]}}],"collection":[{"href":"https:\/\/energystudio-agency.ro\/demo15\/wp-json\/wp\/v2\/product"}],"about":[{"href":"https:\/\/energystudio-agency.ro\/demo15\/wp-json\/wp\/v2\/types\/product"}],"replies":[{"embeddable":true,"href":"https:\/\/energystudio-agency.ro\/demo15\/wp-json\/wp\/v2\/comments?post=20413"}],"version-history":[{"count":1,"href":"https:\/\/energystudio-agency.ro\/demo15\/wp-json\/wp\/v2\/product\/20413\/revisions"}],"predecessor-version":[{"id":20492,"href":"https:\/\/energystudio-agency.ro\/demo15\/wp-json\/wp\/v2\/product\/20413\/revisions\/20492"}],"wp:featuredmedia":[{"embeddable":true,"href":"https:\/\/energystudio-agency.ro\/demo15\/wp-json\/wp\/v2\/media\/20491"}],"wp:attachment":[{"href":"https:\/\/energystudio-agency.ro\/demo15\/wp-json\/wp\/v2\/media?parent=20413"}],"wp:term":[{"taxonomy":"brand","embeddable":true,"href":"https:\/\/energystudio-agency.ro\/demo15\/wp-json\/wp\/v2\/etheme_brands?post=20413"},{"taxonomy":"product_cat","embeddable":true,"href":"https:\/\/energystudio-agency.ro\/demo15\/wp-json\/wp\/v2\/product_cat?post=20413"},{"taxonomy":"product_tag","embeddable":true,"href":"https:\/\/energystudio-agency.ro\/demo15\/wp-json\/wp\/v2\/product_tag?post=20413"}],"curies":[{"name":"wp","href":"https:\/\/api.w.org\/{rel}","templated":true}]}}