{"id":20416,"date":"2022-12-13T22:31:24","date_gmt":"2022-12-13T22:31:24","guid":{"rendered":"https:\/\/energystudio-agency.ro\/demo15\/?post_type=product&#038;p=20416"},"modified":"2022-12-13T23:09:01","modified_gmt":"2022-12-13T23:09:01","slug":"unt-de-corp-cu-cirese-si-miere-allday-natural-150ml","status":"publish","type":"product","link":"https:\/\/energystudio-agency.ro\/demo15\/shop\/ingrijire-personala-cosmetice\/produse-bio\/cosmetice-naturale\/unt-de-corp-cu-cirese-si-miere-allday-natural-150ml\/","title":{"rendered":"Unt de corp cu cirese si miere AllDay Natural 150ml"},"content":{"rendered":"<p>Piele fin\u0103 \u0219i hidratant\u0103 dup\u0103 fiecare folosire<\/p>\n<p>Creat din ingrediente 100% naturale, o combina\u021bie de unturi \u0219i uleiuri vegetale (shea, cacao, cocos, macadamia, migdale, floarea-soarelui, soia, s\u00e2mburi de struguri, m\u0103sline), \u00eembog\u0103\u021bit\u0103 cu vitaminele A \u0219i E, fiind ideal pentru \u00eengrijirea \u0219i \u00eentre\u021binerea pielii aspre \u0219i uscate. Textura aerat\u0103 ce se tope\u0219te imediat la contactul cu pielea, asigur\u0103 hidratare intens\u0103, calmarea \u0219i protec\u021bia pielii uscate ce \u201c\u021bine\u201c \u0219i provoac\u0103 m\u00e2nc\u0103rimi. Pielea ta va r\u0103m\u00e2ne catifelat\u0103 mult timp, deoarece untul are propriet\u0103\u021bi de hidratare de 24 de ore.<\/p>\n<p>&nbsp;<\/p>\n<p>&nbsp;<\/p>\n","protected":false},"excerpt":{"rendered":"<p>Piele fin\u0103 \u0219i hidratant\u0103 dup\u0103 fiecare folosire Creat din ingrediente 100% naturale, o combina\u021bie de unturi \u0219i uleiuri vegetale (shea, cacao, cocos, macadamia, migdale, floarea-soarelui, soia, s\u00e2mburi de struguri, m\u0103sline), \u00eembog\u0103\u021bit\u0103 cu vitaminele A \u0219i E, fiind ideal pentru \u00eengrijirea \u0219i \u00eentre\u021binerea pielii aspre \u0219i&#8230;<\/p>\n","protected":false},"featured_media":20497,"comment_status":"open","ping_status":"closed","template":"","meta":[],"etheme_brands":[],"product_cat":[1160,863,820,948,1230],"product_tag":[864,857,1173,1232,1234,1235],"class_list":{"0":"post-20416","1":"product","2":"type-product","3":"status-publish","4":"has-post-thumbnail","6":"product_cat-cosmetice-naturale","7":"product_cat-hidratare-corp","8":"product_cat-ingrijire-corp","9":"product_cat-produse-bio","10":"product_cat-unt-de-corp","11":"product_tag-hidratare-corp","12":"product_tag-masca-de-corp","13":"product_tag-produse-naturale","14":"product_tag-unt-de-corp","15":"product_tag-unt-de-corp-cu-cirese","16":"product_tag-unt-de-corp-cu-miere","18":"first","19":"instock","20":"shipping-taxable","21":"purchasable","22":"product-type-simple"},"_links":{"self":[{"href":"https:\/\/energystudio-agency.ro\/demo15\/wp-json\/wp\/v2\/product\/20416","targetHints":{"allow":["GET"]}}],"collection":[{"href":"https:\/\/energystudio-agency.ro\/demo15\/wp-json\/wp\/v2\/product"}],"about":[{"href":"https:\/\/energystudio-agency.ro\/demo15\/wp-json\/wp\/v2\/types\/product"}],"replies":[{"embeddable":true,"href":"https:\/\/energystudio-agency.ro\/demo15\/wp-json\/wp\/v2\/comments?post=20416"}],"version-history":[{"count":1,"href":"https:\/\/energystudio-agency.ro\/demo15\/wp-json\/wp\/v2\/product\/20416\/revisions"}],"predecessor-version":[{"id":20498,"href":"https:\/\/energystudio-agency.ro\/demo15\/wp-json\/wp\/v2\/product\/20416\/revisions\/20498"}],"wp:featuredmedia":[{"embeddable":true,"href":"https:\/\/energystudio-agency.ro\/demo15\/wp-json\/wp\/v2\/media\/20497"}],"wp:attachment":[{"href":"https:\/\/energystudio-agency.ro\/demo15\/wp-json\/wp\/v2\/media?parent=20416"}],"wp:term":[{"taxonomy":"brand","embeddable":true,"href":"https:\/\/energystudio-agency.ro\/demo15\/wp-json\/wp\/v2\/etheme_brands?post=20416"},{"taxonomy":"product_cat","embeddable":true,"href":"https:\/\/energystudio-agency.ro\/demo15\/wp-json\/wp\/v2\/product_cat?post=20416"},{"taxonomy":"product_tag","embeddable":true,"href":"https:\/\/energystudio-agency.ro\/demo15\/wp-json\/wp\/v2\/product_tag?post=20416"}],"curies":[{"name":"wp","href":"https:\/\/api.w.org\/{rel}","templated":true}]}}