{"id":20480,"date":"2022-12-13T22:31:48","date_gmt":"2022-12-13T22:31:48","guid":{"rendered":"https:\/\/energystudio-agency.ro\/demo15\/?post_type=product&#038;p=20480"},"modified":"2022-12-13T23:08:56","modified_gmt":"2022-12-13T23:08:56","slug":"pasta-de-dinti-be-you-verde-curaprox","status":"publish","type":"product","link":"https:\/\/energystudio-agency.ro\/demo15\/shop\/ingrijire-personala-cosmetice\/igiena-orala\/pasta-de-dinti\/pasta-de-dinti-be-you-verde-curaprox\/","title":{"rendered":"Past\u0103 de din\u021bi BE YOU VERDE CURAPROX"},"content":{"rendered":"<p>TONICUL TAU DE FIECARE ZI &#8211; PASTA DE DINTI BE YOU!<\/p>\n<p>Ce poate face o zi sa fie numai buna de trait de la primele ei momente? Cafeaua, dusul, o imbratisare, un sarut? A, da, un sarut n-ar fi rau deloc, mai ales ca acum ai o pasta de dinti mai ceva ca un parfum cu feromoni. BE YOU iti striga vesel de pe raftul din baie si chiar asta vei face: vei fi tu, in cea mai buna stare de spirit, cu cel mai stralucitor si aromat zambet si cu cea mai bine ingrijita dantura. Ziua poate incepe, in ce culoare si cu ce gust alegi tu!<\/p>\n<p>Cele sase paste de dinti elvetiene din noua gama BE YOU de la CURAPROX vin \u00een sase culori exuberante, fiecare cu aroma ei seducatoare, si transforma rutina periajului zilnic intr-un moment de exaltare juvenila.<\/p>\n<p>CURAPROX &#8211; preventie si igiena orala la superlativ, formule elaborate, efect bland de albire enzimatica, perle cu mentol pentru prospetime de durata, solutia completa. Pasul inaintea tuturor. Asta inseamna BE YOU si pentru tine!<br \/>\nAlege BE YOU si culege toate beneficiile!<\/p>\n<p>\u2218 Protejeaza impotriva cariilor si a sensibilitatii dentare<br \/>\n\u2218 Sprijina fluxul de saliva<br \/>\n\u2218 Previne aparitia aftelor<br \/>\n\u2218 Reduce placa dentara<br \/>\n\u2218 Rrotejeaza si ingrijeste gingiile<br \/>\n\u2218 Albeste delicat<\/p>\n<p>Explorer &#8211; Mar verde si Aloe<\/p>\n<p>Tinere\u021be \u0219i vigoare, acestea sunt simbolurile care s\u0103-i inspire \u0219i s\u0103-i \u00eenso\u021beasc\u0103 de-a lungul unei zile pe cei cu aventura \u00een s\u00e2nge. Mesajul? \u00cendr\u0103zne\u0219te, BE YOU!<br \/>\nFormula si beneficii:<\/p>\n<p>\u2218 950 ppm fluorura rapida &#8211; pentru a preveni cariile dentare.<br \/>\n\u2218 Hidroxilapatita &#8211; pentru remineralizerea dintilor, sigilarea canaliculilor dentinei si reducerea sensibilitatii la durere in cazul radacinilor dentare expuse.<br \/>\n\u2218 Glucozoxidaza &#8211; pentru sustinerea procesului enzimatic natural care elimina bacteriile, armonizarea florei orale si stimularea secretiei salivare.<br \/>\n\u2218 Xilitol &#8211; pentru proprietatile antibacteriene si intarirea smaltului dentar.<br \/>\n\u2218 Extracte de echinacea, gheara diavolului, buricul-apei sau de portocale amare &#8211; pentru efectul antiinflamator, bactericid, de calmare \u0219i regenerare a mucoasei \u0219i a gingiilor dup\u0103 tratamente sau interven\u021bii chirurgicale.<br \/>\n\u2218 Pantenolul (provitamina B5) &#8211; pentru conservarea umiditatii mucoasei din cavitatea bucala, generarea de noi membrane celulare (vindecarea tesuturilor) si reducerea inflamatiilor.<br \/>\n\u2218 Agent de albire in procent redus.<\/p>\n<p>NU contine SLS, un agent de spumare foarte agresiv.<\/p>\n<p>NU contine Triclosan.<\/p>\n<p>NU contine microplastic.<\/p>\n<p>NU contine ingrediente care contravin stilului de viata VEGAN.<br \/>\nPachetul contine:<\/p>\n<p>un tub de pasta de 60 ml.<\/p>\n","protected":false},"excerpt":{"rendered":"<p>TONICUL TAU DE FIECARE ZI &#8211; PASTA DE DINTI BE YOU! Ce poate face o zi sa fie numai buna de trait de la primele ei momente? Cafeaua, dusul, o imbratisare, un sarut? A, da, un sarut n-ar fi rau deloc, mai ales ca acum&#8230;<\/p>\n","protected":false},"featured_media":20578,"comment_status":"open","ping_status":"closed","template":"","meta":[],"etheme_brands":[],"product_cat":[1243,1253],"product_tag":[1251,1248,1256,1268,1269],"class_list":{"0":"post-20480","1":"product","2":"type-product","3":"status-publish","4":"has-post-thumbnail","6":"product_cat-igiena-orala","7":"product_cat-pasta-de-dinti","8":"product_tag-igiena-orala","9":"product_tag-pasta-de-dinti","10":"product_tag-pasta-de-dinti-care-albeste","11":"product_tag-pasta-de-dinti-cu-gust-de-mar-verde","12":"product_tag-pasta-de-dinti-verde","14":"first","15":"instock","16":"shipping-taxable","17":"purchasable","18":"product-type-simple"},"_links":{"self":[{"href":"https:\/\/energystudio-agency.ro\/demo15\/wp-json\/wp\/v2\/product\/20480","targetHints":{"allow":["GET"]}}],"collection":[{"href":"https:\/\/energystudio-agency.ro\/demo15\/wp-json\/wp\/v2\/product"}],"about":[{"href":"https:\/\/energystudio-agency.ro\/demo15\/wp-json\/wp\/v2\/types\/product"}],"replies":[{"embeddable":true,"href":"https:\/\/energystudio-agency.ro\/demo15\/wp-json\/wp\/v2\/comments?post=20480"}],"version-history":[{"count":1,"href":"https:\/\/energystudio-agency.ro\/demo15\/wp-json\/wp\/v2\/product\/20480\/revisions"}],"predecessor-version":[{"id":20584,"href":"https:\/\/energystudio-agency.ro\/demo15\/wp-json\/wp\/v2\/product\/20480\/revisions\/20584"}],"wp:featuredmedia":[{"embeddable":true,"href":"https:\/\/energystudio-agency.ro\/demo15\/wp-json\/wp\/v2\/media\/20578"}],"wp:attachment":[{"href":"https:\/\/energystudio-agency.ro\/demo15\/wp-json\/wp\/v2\/media?parent=20480"}],"wp:term":[{"taxonomy":"brand","embeddable":true,"href":"https:\/\/energystudio-agency.ro\/demo15\/wp-json\/wp\/v2\/etheme_brands?post=20480"},{"taxonomy":"product_cat","embeddable":true,"href":"https:\/\/energystudio-agency.ro\/demo15\/wp-json\/wp\/v2\/product_cat?post=20480"},{"taxonomy":"product_tag","embeddable":true,"href":"https:\/\/energystudio-agency.ro\/demo15\/wp-json\/wp\/v2\/product_tag?post=20480"}],"curies":[{"name":"wp","href":"https:\/\/api.w.org\/{rel}","templated":true}]}}