{"id":20606,"date":"2022-12-13T22:33:00","date_gmt":"2022-12-13T22:33:00","guid":{"rendered":"https:\/\/energystudio-agency.ro\/demo15\/?post_type=product&#038;p=20606"},"modified":"2022-12-13T23:08:53","modified_gmt":"2022-12-13T23:08:53","slug":"sapun-cu-cafea-scortisoara-si-tarate-100g-alldaynatural","status":"publish","type":"product","link":"https:\/\/energystudio-agency.ro\/demo15\/shop\/ingrijire-personala-cosmetice\/sapun\/sapun-solid\/sapun-cu-cafea-scortisoara-si-tarate-100g-alldaynatural\/","title":{"rendered":"S\u0102PUN CU CAFEA, SCOR\u0162I\u015eOAR\u0102 \u0218I T\u0102R\u00c2\u0162E 100g AllDayNatural"},"content":{"rendered":"<div class=\"vc_row wpb_row vc_row-fluid vc_row-o-content-middle vc_row-flex\">\n<div class=\"wpb_column vc_column_container vc_col-sm-8\">\n<div class=\"vc_column-inner\">\n<div class=\"wpb_wrapper\">\n<h2 class=\"vc_custom_heading\">BENEFICII:<\/h2>\n<div class=\"wpb_text_column wpb_content_element \">\n<div class=\"wpb_wrapper\">\n<p>Spre deosebire de majoritatea s\u0103punurilor naturale\/handmade, s\u0103punurile noastre \u00eenlocuiesc uleiurile de floarea soarelui \u0219i de palmier cu cantit\u0103\u021bi generoase de unturi de cacao \u0219i shea \u00eencorporate \u00een re\u021beta de baz\u0103, nu doar ca aditivi. Prin urmare, gradul de hidratare pe care \u00eel ofer\u0103 este superior.<\/p>\n<\/div>\n<\/div>\n<\/div>\n<\/div>\n<\/div>\n<\/div>\n<div class=\"vc_row wpb_row vc_row-fluid\">\n<div class=\"wpb_column vc_column_container vc_col-sm-12\">\n<div class=\"vc_column-inner\">\n<div class=\"wpb_wrapper\">\n<div class=\"vc_empty_space\"><\/div>\n<\/div>\n<\/div>\n<\/div>\n<\/div>\n<div class=\"vc_row wpb_row vc_row-fluid vc_row-o-content-middle vc_row-flex\">\n<div class=\"wpb_column vc_column_container vc_col-sm-8\">\n<div class=\"vc_column-inner\">\n<div class=\"wpb_wrapper\">\n<h2 class=\"vc_custom_heading\">MOD DE FOLOSIRE:<\/h2>\n<div class=\"wpb_text_column wpb_content_element \">\n<div class=\"wpb_wrapper\">\n<p>S\u0103punul exfoliant ajut\u0103 pielea s\u0103 se cure\u0163e \u015fi s\u0103 se regenereze \u00eendep\u0103rt\u00e2nd celulele moarte, stimul\u00e2nd producerea de celule noi \u015fi cre\u015fterea stratului de colagen ce d\u0103 elasticitate pielii. Pielea devine foarte neted\u0103 \u015fi curat\u0103. Nu este foarte abraziv put\u00e2nd fi folosit \u015fi pentru ten.<\/p>\n<p><strong>Depozitare:<\/strong>\u00a0A se feri de umiditate \u015fi c\u0103ldur\u0103.<\/p>\n<p><strong>Cantitate:<\/strong>\u00a0100 g+\/ -10g<\/p>\n<p><strong>Acest s\u0103pun este testat dermatologic, beneficiaz\u0103 de analize fizico-chimice \u0219i microbiologice acordate de un laborator omologat de Ministerul S\u0103n\u0103t\u0103\u021bii. Produsul este notificat EU, \u00eendepline\u0219te Directivele Europene (cf. Regulamentului CE 1223\/2009).<\/strong><\/p>\n<h2 class=\"vc_custom_heading\">INGREDIENTE:<\/h2>\n<div class=\"wpb_text_column wpb_content_element \">\n<div class=\"wpb_wrapper\">\n<p>Sodium olivate\/ulei de m\u0103sline\/sodium cacao\/unt de cacao\/sodium cocoate\/ulei de cocos\/sodium butterate\/unt de shea\/coffee arabica\/ cafea\/cinnamomum\/scor\u0163i\u015foar\u0103\/t\u0103r\u00e2\u0163e de ov\u0103z\/lavandula augustifolia\/ulei esen\u0163ial de lavand\u0103\/.<\/p>\n<\/div>\n<\/div>\n<\/div>\n<\/div>\n<\/div>\n<\/div>\n<\/div>\n<\/div>\n","protected":false},"excerpt":{"rendered":"<p>BENEFICII: Spre deosebire de majoritatea s\u0103punurilor naturale\/handmade, s\u0103punurile noastre \u00eenlocuiesc uleiurile de floarea soarelui \u0219i de palmier cu cantit\u0103\u021bi generoase de unturi de cacao \u0219i shea \u00eencorporate \u00een re\u021beta de baz\u0103, nu doar ca aditivi. Prin urmare, gradul de hidratare pe care \u00eel ofer\u0103 este&#8230;<\/p>\n","protected":false},"featured_media":20682,"comment_status":"open","ping_status":"closed","template":"","meta":[],"etheme_brands":[],"product_cat":[1315,948,1316,1317],"product_tag":[1173,1326,1327,1328,1322,1323,1329],"class_list":{"0":"post-20606","1":"product","2":"type-product","3":"status-publish","4":"has-post-thumbnail","6":"product_cat-igiena-bio","7":"product_cat-produse-bio","8":"product_cat-sapun","9":"product_cat-sapun-solid","10":"product_tag-produse-naturale","11":"product_tag-sapun-cu-cafea","12":"product_tag-sapun-cu-scortisoara","13":"product_tag-sapun-cu-tarate","14":"product_tag-sapun-de-maini","15":"product_tag-sapun-natural","16":"product_tag-sapun-solid","18":"first","19":"instock","20":"shipping-taxable","21":"purchasable","22":"product-type-simple"},"_links":{"self":[{"href":"https:\/\/energystudio-agency.ro\/demo15\/wp-json\/wp\/v2\/product\/20606","targetHints":{"allow":["GET"]}}],"collection":[{"href":"https:\/\/energystudio-agency.ro\/demo15\/wp-json\/wp\/v2\/product"}],"about":[{"href":"https:\/\/energystudio-agency.ro\/demo15\/wp-json\/wp\/v2\/types\/product"}],"replies":[{"embeddable":true,"href":"https:\/\/energystudio-agency.ro\/demo15\/wp-json\/wp\/v2\/comments?post=20606"}],"version-history":[{"count":1,"href":"https:\/\/energystudio-agency.ro\/demo15\/wp-json\/wp\/v2\/product\/20606\/revisions"}],"predecessor-version":[{"id":20685,"href":"https:\/\/energystudio-agency.ro\/demo15\/wp-json\/wp\/v2\/product\/20606\/revisions\/20685"}],"wp:featuredmedia":[{"embeddable":true,"href":"https:\/\/energystudio-agency.ro\/demo15\/wp-json\/wp\/v2\/media\/20682"}],"wp:attachment":[{"href":"https:\/\/energystudio-agency.ro\/demo15\/wp-json\/wp\/v2\/media?parent=20606"}],"wp:term":[{"taxonomy":"brand","embeddable":true,"href":"https:\/\/energystudio-agency.ro\/demo15\/wp-json\/wp\/v2\/etheme_brands?post=20606"},{"taxonomy":"product_cat","embeddable":true,"href":"https:\/\/energystudio-agency.ro\/demo15\/wp-json\/wp\/v2\/product_cat?post=20606"},{"taxonomy":"product_tag","embeddable":true,"href":"https:\/\/energystudio-agency.ro\/demo15\/wp-json\/wp\/v2\/product_tag?post=20606"}],"curies":[{"name":"wp","href":"https:\/\/api.w.org\/{rel}","templated":true}]}}