{"id":20607,"date":"2022-12-13T22:33:00","date_gmt":"2022-12-13T22:33:00","guid":{"rendered":"https:\/\/energystudio-agency.ro\/demo15\/?post_type=product&#038;p=20607"},"modified":"2022-12-13T23:08:52","modified_gmt":"2022-12-13T23:08:52","slug":"sapun-cu-menta-si-argila-verde-100g-alldaynatural","status":"publish","type":"product","link":"https:\/\/energystudio-agency.ro\/demo15\/shop\/ingrijire-personala-cosmetice\/sapun\/sapun-solid\/sapun-cu-menta-si-argila-verde-100g-alldaynatural\/","title":{"rendered":"S\u0102PUN CU MENT\u0102 \u0218I ARGIL\u0102 VERDE 100g AllDayNatural"},"content":{"rendered":"<div class=\"vc_row wpb_row vc_row-fluid vc_row-o-content-middle vc_row-flex\">\n<div class=\"wpb_column vc_column_container vc_col-sm-8\">\n<div class=\"vc_column-inner\">\n<div class=\"wpb_wrapper\">\n<h2 class=\"vc_custom_heading\">BENEFICII:<\/h2>\n<div class=\"wpb_text_column wpb_content_element \">\n<div class=\"wpb_wrapper\">\n<p>Spre deosebire de majoritatea s\u0103punurilor naturale\/handmade, s\u0103punurile noastre \u00eenlocuiesc uleiurile de floarea soarelui \u0219i de palmier cu cantit\u0103\u021bi generoase de unturi de cacao \u0219i shea \u00eencorporate \u00een re\u021beta de baz\u0103, nu doar ca aditivi. Prin urmare, gradul de hidratare pe care \u00eel ofer\u0103 este superior.<\/p>\n<\/div>\n<\/div>\n<\/div>\n<\/div>\n<\/div>\n<\/div>\n<div class=\"vc_row wpb_row vc_row-fluid\">\n<div class=\"wpb_column vc_column_container vc_col-sm-12\">\n<div class=\"vc_column-inner\">\n<div class=\"wpb_wrapper\">\n<div class=\"vc_empty_space\"><\/div>\n<\/div>\n<\/div>\n<\/div>\n<\/div>\n<div class=\"vc_row wpb_row vc_row-fluid vc_row-o-content-middle vc_row-flex\">\n<div class=\"wpb_column vc_column_container vc_col-sm-8\">\n<div class=\"vc_column-inner\">\n<div class=\"wpb_wrapper\">\n<h2 class=\"vc_custom_heading\">MOD DE FOLOSIRE:<\/h2>\n<div class=\"wpb_text_column wpb_content_element \">\n<div class=\"wpb_wrapper\">\n<p>Un s\u0103pun pentru ten \u015fi corp, protector al pielii, revigorant, r\u0103coritor, cu puternic efect terapeutic, datorit\u0103 aromei de ment\u0103. Reface \u0163esuturile \u015fi este un excelent hidratant, calm\u00e2nd irita\u0163iile \u015fi ro\u015fea\u0163a a pielii.<\/p>\n<p><strong>Depozitare:<\/strong>\u00a0A se feri de umiditate \u015fi c\u0103ldur\u0103.<\/p>\n<p><strong>Cantitate:<\/strong>\u00a0100 g+\/ -10g<\/p>\n<p><strong>Acest s\u0103pun este testat dermatologic, beneficiaz\u0103 de analize fizico-chimice \u0219i microbiologice acordate de un laborator omologat de Ministerul S\u0103n\u0103t\u0103\u021bii. Produsul este notificat EU, \u00eendepline\u0219te Directivele Europene (cf. Regulamentului CE 1223\/2009).<\/strong><\/p>\n<\/div>\n<\/div>\n<\/div>\n<\/div>\n<\/div>\n<div class=\"wpb_column vc_column_container vc_col-sm-4\">\n<div class=\"vc_column-inner\">\n<div class=\"wpb_wrapper\">\n<h2 class=\"vc_custom_heading\">INGREDIENTE:<\/h2>\n<div class=\"wpb_text_column wpb_content_element \">\n<div class=\"wpb_wrapper\">\n<p>Sodium olivate\/ulei de m\u0103sline\/sodium cacao\/sodium cocoate\/ulei de cocos\/sodium butterate\/unt de shea\/montmorillonite\/argil\u0103 verde\/mentha piperita\/ulei esen\u0163ial de ment\u0103\/rosmarinus officinalis\/ulei esen\u0163ial de rozmarin.<\/p>\n<\/div>\n<\/div>\n<\/div>\n<\/div>\n<\/div>\n<\/div>\n","protected":false},"excerpt":{"rendered":"<p>BENEFICII: Spre deosebire de majoritatea s\u0103punurilor naturale\/handmade, s\u0103punurile noastre \u00eenlocuiesc uleiurile de floarea soarelui \u0219i de palmier cu cantit\u0103\u021bi generoase de unturi de cacao \u0219i shea \u00eencorporate \u00een re\u021beta de baz\u0103, nu doar ca aditivi. Prin urmare, gradul de hidratare pe care \u00eel ofer\u0103 este&#8230;<\/p>\n","protected":false},"featured_media":20686,"comment_status":"open","ping_status":"closed","template":"","meta":[],"etheme_brands":[],"product_cat":[1315,948,1316,1317],"product_tag":[1173,1330,1331,1322,1323,1329],"class_list":{"0":"post-20607","1":"product","2":"type-product","3":"status-publish","4":"has-post-thumbnail","6":"product_cat-igiena-bio","7":"product_cat-produse-bio","8":"product_cat-sapun","9":"product_cat-sapun-solid","10":"product_tag-produse-naturale","11":"product_tag-sapun-cu-argila-verde","12":"product_tag-sapun-cu-menta","13":"product_tag-sapun-de-maini","14":"product_tag-sapun-natural","15":"product_tag-sapun-solid","17":"first","18":"instock","19":"shipping-taxable","20":"purchasable","21":"product-type-simple"},"_links":{"self":[{"href":"https:\/\/energystudio-agency.ro\/demo15\/wp-json\/wp\/v2\/product\/20607","targetHints":{"allow":["GET"]}}],"collection":[{"href":"https:\/\/energystudio-agency.ro\/demo15\/wp-json\/wp\/v2\/product"}],"about":[{"href":"https:\/\/energystudio-agency.ro\/demo15\/wp-json\/wp\/v2\/types\/product"}],"replies":[{"embeddable":true,"href":"https:\/\/energystudio-agency.ro\/demo15\/wp-json\/wp\/v2\/comments?post=20607"}],"version-history":[{"count":1,"href":"https:\/\/energystudio-agency.ro\/demo15\/wp-json\/wp\/v2\/product\/20607\/revisions"}],"predecessor-version":[{"id":20689,"href":"https:\/\/energystudio-agency.ro\/demo15\/wp-json\/wp\/v2\/product\/20607\/revisions\/20689"}],"wp:featuredmedia":[{"embeddable":true,"href":"https:\/\/energystudio-agency.ro\/demo15\/wp-json\/wp\/v2\/media\/20686"}],"wp:attachment":[{"href":"https:\/\/energystudio-agency.ro\/demo15\/wp-json\/wp\/v2\/media?parent=20607"}],"wp:term":[{"taxonomy":"brand","embeddable":true,"href":"https:\/\/energystudio-agency.ro\/demo15\/wp-json\/wp\/v2\/etheme_brands?post=20607"},{"taxonomy":"product_cat","embeddable":true,"href":"https:\/\/energystudio-agency.ro\/demo15\/wp-json\/wp\/v2\/product_cat?post=20607"},{"taxonomy":"product_tag","embeddable":true,"href":"https:\/\/energystudio-agency.ro\/demo15\/wp-json\/wp\/v2\/product_tag?post=20607"}],"curies":[{"name":"wp","href":"https:\/\/api.w.org\/{rel}","templated":true}]}}