{"id":20610,"date":"2022-12-13T22:33:01","date_gmt":"2022-12-13T22:33:01","guid":{"rendered":"https:\/\/energystudio-agency.ro\/demo15\/?post_type=product&#038;p=20610"},"modified":"2022-12-13T23:08:51","modified_gmt":"2022-12-13T23:08:51","slug":"sapun-delicat-100g-alldaynatural","status":"publish","type":"product","link":"https:\/\/energystudio-agency.ro\/demo15\/shop\/ingrijire-personala-cosmetice\/sapun\/sapun-solid\/sapun-delicat-100g-alldaynatural\/","title":{"rendered":"S\u0102PUN DELICAT 100g AllDayNatural"},"content":{"rendered":"<div class=\"vc_row wpb_row vc_row-fluid vc_row-o-content-middle vc_row-flex\">\n<div class=\"wpb_column vc_column_container vc_col-sm-8\">\n<div class=\"vc_column-inner\">\n<div class=\"wpb_wrapper\">\n<h2 class=\"vc_custom_heading\">BENEFICII:<\/h2>\n<div class=\"wpb_text_column wpb_content_element \">\n<div class=\"wpb_wrapper\">\n<p>Spre deosebire de majoritatea s\u0103punurilor naturale\/handmade, s\u0103punurile noastre \u00eenlocuiesc uleiurile de floarea soarelui \u0219i de palmier cu cantit\u0103\u021bi generoase de unturi de cacao \u0219i shea \u00eencorporate \u00een re\u021beta de baz\u0103, nu doar ca aditivi. Prin urmare, gradul de hidratare pe care \u00eel ofer\u0103 este superior.<\/p>\n<\/div>\n<\/div>\n<\/div>\n<\/div>\n<\/div>\n<\/div>\n<div class=\"vc_row wpb_row vc_row-fluid\">\n<div class=\"wpb_column vc_column_container vc_col-sm-12\">\n<div class=\"vc_column-inner\">\n<div class=\"wpb_wrapper\">\n<div class=\"vc_empty_space\"><\/div>\n<\/div>\n<\/div>\n<\/div>\n<\/div>\n<div class=\"vc_row wpb_row vc_row-fluid vc_row-o-content-middle vc_row-flex\">\n<div class=\"wpb_column vc_column_container vc_col-sm-8\">\n<div class=\"vc_column-inner\">\n<div class=\"wpb_wrapper\">\n<h2 class=\"vc_custom_heading\">MOD DE FOLOSIRE:<\/h2>\n<div class=\"wpb_text_column wpb_content_element \">\n<div class=\"wpb_wrapper\">\n<p><em>Ingredientele 100% naturale<\/em>\u00a0din acest s\u0103pun ofer\u0103 hidratare profund\u0103 pentru cea mai sensibil\u0103 piele a mamei \u015fi a bebelu\u015fului, precum \u015fi pentru<br \/>\npielea uscat\u0103 \u015fi matur\u0103. Cur\u0103\u0163\u0103 cu grij\u0103, calmeaz\u0103, protejeaz\u0103, hr\u0103ne\u015fte \u015fi men\u0163ine echilibrul optim de hidratare a pielii copilului sau adultului.<br \/>\nF\u0103r\u0103 miros, nu con\u0163ine parfum \u015fi nici uleiuri esen\u0163iale.<\/p>\n<p><strong>Depozitare:<\/strong>\u00a0A se feri de umiditate \u015fi c\u0103ldur\u0103.<\/p>\n<p><strong>Cantitate:<\/strong>\u00a0100 g+\/ -10g<\/p>\n<p><strong>Acest s\u0103pun este testat dermatologic, beneficiaz\u0103 de analize fizico-chimice \u0219i microbiologice acordate de un laborator omologat de Ministerul S\u0103n\u0103t\u0103\u021b<\/strong><strong>ii. Produsul este notificat EU, \u00eendepline\u0219te Directivele Europene (cf. Regulamentului CE 1223\/2009).<\/strong><\/p>\n<h2 class=\"vc_custom_heading\">INGREDIENTE:<\/h2>\n<div class=\"wpb_text_column wpb_content_element \">\n<div class=\"wpb_wrapper\">\n<p>Sodium olivate\/ulei de m\u0103sline\/, sodium cacao\/unt de cacao\/, sodium cocoate\/ulei de cocos\/, sodium butterate\/unt de shea.<\/p>\n<\/div>\n<\/div>\n<\/div>\n<\/div>\n<\/div>\n<\/div>\n<\/div>\n<\/div>\n","protected":false},"excerpt":{"rendered":"<p>BENEFICII: Spre deosebire de majoritatea s\u0103punurilor naturale\/handmade, s\u0103punurile noastre \u00eenlocuiesc uleiurile de floarea soarelui \u0219i de palmier cu cantit\u0103\u021bi generoase de unturi de cacao \u0219i shea \u00eencorporate \u00een re\u021beta de baz\u0103, nu doar ca aditivi. Prin urmare, gradul de hidratare pe care \u00eel ofer\u0103 este&#8230;<\/p>\n","protected":false},"featured_media":20698,"comment_status":"open","ping_status":"closed","template":"","meta":[],"etheme_brands":[],"product_cat":[1315,948,1316,1317],"product_tag":[1173,1336,1323,1329],"class_list":{"0":"post-20610","1":"product","2":"type-product","3":"status-publish","4":"has-post-thumbnail","6":"product_cat-igiena-bio","7":"product_cat-produse-bio","8":"product_cat-sapun","9":"product_cat-sapun-solid","10":"product_tag-produse-naturale","11":"product_tag-sapun-delicat","12":"product_tag-sapun-natural","13":"product_tag-sapun-solid","15":"first","16":"instock","17":"shipping-taxable","18":"purchasable","19":"product-type-simple"},"_links":{"self":[{"href":"https:\/\/energystudio-agency.ro\/demo15\/wp-json\/wp\/v2\/product\/20610","targetHints":{"allow":["GET"]}}],"collection":[{"href":"https:\/\/energystudio-agency.ro\/demo15\/wp-json\/wp\/v2\/product"}],"about":[{"href":"https:\/\/energystudio-agency.ro\/demo15\/wp-json\/wp\/v2\/types\/product"}],"replies":[{"embeddable":true,"href":"https:\/\/energystudio-agency.ro\/demo15\/wp-json\/wp\/v2\/comments?post=20610"}],"version-history":[{"count":1,"href":"https:\/\/energystudio-agency.ro\/demo15\/wp-json\/wp\/v2\/product\/20610\/revisions"}],"predecessor-version":[{"id":20701,"href":"https:\/\/energystudio-agency.ro\/demo15\/wp-json\/wp\/v2\/product\/20610\/revisions\/20701"}],"wp:featuredmedia":[{"embeddable":true,"href":"https:\/\/energystudio-agency.ro\/demo15\/wp-json\/wp\/v2\/media\/20698"}],"wp:attachment":[{"href":"https:\/\/energystudio-agency.ro\/demo15\/wp-json\/wp\/v2\/media?parent=20610"}],"wp:term":[{"taxonomy":"brand","embeddable":true,"href":"https:\/\/energystudio-agency.ro\/demo15\/wp-json\/wp\/v2\/etheme_brands?post=20610"},{"taxonomy":"product_cat","embeddable":true,"href":"https:\/\/energystudio-agency.ro\/demo15\/wp-json\/wp\/v2\/product_cat?post=20610"},{"taxonomy":"product_tag","embeddable":true,"href":"https:\/\/energystudio-agency.ro\/demo15\/wp-json\/wp\/v2\/product_tag?post=20610"}],"curies":[{"name":"wp","href":"https:\/\/api.w.org\/{rel}","templated":true}]}}