{"id":20611,"date":"2022-12-13T22:33:01","date_gmt":"2022-12-13T22:33:01","guid":{"rendered":"https:\/\/energystudio-agency.ro\/demo15\/?post_type=product&#038;p=20611"},"modified":"2022-12-13T23:08:51","modified_gmt":"2022-12-13T23:08:51","slug":"sapun-facial-cu-carbune-activ-si-turmeric-100g-alldaynatural","status":"publish","type":"product","link":"https:\/\/energystudio-agency.ro\/demo15\/shop\/ingrijire-personala-cosmetice\/sapun\/sapun-solid\/sapun-facial-cu-carbune-activ-si-turmeric-100g-alldaynatural\/","title":{"rendered":"S\u0102PUN FACIAL CU C\u0102RBUNE ACTIV \u0218I TURMERIC 100g AllDayNatural"},"content":{"rendered":"<div class=\"vc_row wpb_row vc_row-fluid vc_row-o-content-middle vc_row-flex\">\n<div class=\"wpb_column vc_column_container vc_col-sm-8\">\n<div class=\"vc_column-inner\">\n<div class=\"wpb_wrapper\">\n<h2 class=\"vc_custom_heading\">BENEFICII:<\/h2>\n<div class=\"wpb_text_column wpb_content_element \">\n<div class=\"wpb_wrapper\">\n<p>Spre deosebire de majoritatea sapunurilor naturale\/handmade, s\u0103punurile noastre \u00eenlocuiesc uleiurile de floarea soarelui \u0219i de palmier cu cantit\u0103\u021bi generoase de unturi de cacao \u0219i shea \u00eencorporate \u00een re\u021beta de baz\u0103, nu doar ca aditivi. Prin urmare, gradul de hidratare pe care \u00eel ofer\u0103 este superior.<\/p>\n<\/div>\n<\/div>\n<\/div>\n<\/div>\n<\/div>\n<\/div>\n<div class=\"vc_row wpb_row vc_row-fluid\">\n<div class=\"wpb_column vc_column_container vc_col-sm-12\">\n<div class=\"vc_column-inner\">\n<div class=\"wpb_wrapper\">\n<div class=\"vc_empty_space\"><\/div>\n<\/div>\n<\/div>\n<\/div>\n<\/div>\n<div class=\"vc_row wpb_row vc_row-fluid vc_row-o-content-middle vc_row-flex\">\n<div class=\"wpb_column vc_column_container vc_col-sm-8\">\n<div class=\"vc_column-inner\">\n<div class=\"wpb_wrapper\">\n<h2 class=\"vc_custom_heading\">MOD DE FOLOSIRE:<\/h2>\n<div class=\"wpb_text_column wpb_content_element \">\n<div class=\"wpb_wrapper\">\n<p>S\u0103punul cu c\u0103rbune activ \u015fi turmeric ofer\u0103 numeroase beneficii tenului: poate fi un demachiant u\u015for, excelent pentru cur\u0103\u0163area \u00een profunzime a tenului, fiind \u00een acela\u015fi timp un tratament delicat a tenului acneic, gras \u015fi mixt. Este potrivit \u015fi pentru tenul b\u0103rba\u0163ilor care este de obicei mai gras.<\/p>\n<p><strong>Depozitare:<\/strong>\u00a0A se feri de umiditate \u015fi c\u0103ldur\u0103.<\/p>\n<p><strong>Cantitate:<\/strong>\u00a0100 g+\/ -10g<\/p>\n<p><strong>Acest s\u0103pun este testat dermatologic, beneficiaz\u0103 de analize fizico-chimice \u0219i microbiologice acordate de un laborator omologat de Ministerul S\u0103n\u0103t\u0103\u021bii. Produsul este notificat EU, \u00eendepline\u0219te Directivele Europene (cf. Regulamentului CE 1223\/2009).<\/strong><\/p>\n<h2 class=\"vc_custom_heading\">INGREDIENTE:<\/h2>\n<div class=\"wpb_text_column wpb_content_element \">\n<div class=\"wpb_wrapper\">\n<p>Sodium olivate\/ulei de m\u0103sline\/,sodium cacao\/unt de cacao\/, sodium cocoate\/ulei de cocos\/,sodium butterate\/unt de shea, carbo activatus\/ carbune activ, curcuma\/turmeric, melaleuca alternifolia leaf oil \/ulei esential de tea tree, cananga odorata flower oil \/ulei esential de ylang-ylang.<\/p>\n<\/div>\n<\/div>\n<\/div>\n<\/div>\n<\/div>\n<\/div>\n<\/div>\n<\/div>\n","protected":false},"excerpt":{"rendered":"<p>BENEFICII: Spre deosebire de majoritatea sapunurilor naturale\/handmade, s\u0103punurile noastre \u00eenlocuiesc uleiurile de floarea soarelui \u0219i de palmier cu cantit\u0103\u021bi generoase de unturi de cacao \u0219i shea \u00eencorporate \u00een re\u021beta de baz\u0103, nu doar ca aditivi. Prin urmare, gradul de hidratare pe care \u00eel ofer\u0103 este&#8230;<\/p>\n","protected":false},"featured_media":20702,"comment_status":"open","ping_status":"closed","template":"","meta":[],"etheme_brands":[],"product_cat":[1160,1315,948,1316,1317],"product_tag":[1173,1337,1335,1338,1323,1329,1339],"class_list":{"0":"post-20611","1":"product","2":"type-product","3":"status-publish","4":"has-post-thumbnail","6":"product_cat-cosmetice-naturale","7":"product_cat-igiena-bio","8":"product_cat-produse-bio","9":"product_cat-sapun","10":"product_cat-sapun-solid","11":"product_tag-produse-naturale","12":"product_tag-sapun-cu-carbune-activ","13":"product_tag-sapun-cu-turmeric","14":"product_tag-sapun-facial","15":"product_tag-sapun-natural","16":"product_tag-sapun-solid","17":"product_tag-sapun-vegetal","19":"first","20":"instock","21":"shipping-taxable","22":"purchasable","23":"product-type-simple"},"_links":{"self":[{"href":"https:\/\/energystudio-agency.ro\/demo15\/wp-json\/wp\/v2\/product\/20611","targetHints":{"allow":["GET"]}}],"collection":[{"href":"https:\/\/energystudio-agency.ro\/demo15\/wp-json\/wp\/v2\/product"}],"about":[{"href":"https:\/\/energystudio-agency.ro\/demo15\/wp-json\/wp\/v2\/types\/product"}],"replies":[{"embeddable":true,"href":"https:\/\/energystudio-agency.ro\/demo15\/wp-json\/wp\/v2\/comments?post=20611"}],"version-history":[{"count":1,"href":"https:\/\/energystudio-agency.ro\/demo15\/wp-json\/wp\/v2\/product\/20611\/revisions"}],"predecessor-version":[{"id":20705,"href":"https:\/\/energystudio-agency.ro\/demo15\/wp-json\/wp\/v2\/product\/20611\/revisions\/20705"}],"wp:featuredmedia":[{"embeddable":true,"href":"https:\/\/energystudio-agency.ro\/demo15\/wp-json\/wp\/v2\/media\/20702"}],"wp:attachment":[{"href":"https:\/\/energystudio-agency.ro\/demo15\/wp-json\/wp\/v2\/media?parent=20611"}],"wp:term":[{"taxonomy":"brand","embeddable":true,"href":"https:\/\/energystudio-agency.ro\/demo15\/wp-json\/wp\/v2\/etheme_brands?post=20611"},{"taxonomy":"product_cat","embeddable":true,"href":"https:\/\/energystudio-agency.ro\/demo15\/wp-json\/wp\/v2\/product_cat?post=20611"},{"taxonomy":"product_tag","embeddable":true,"href":"https:\/\/energystudio-agency.ro\/demo15\/wp-json\/wp\/v2\/product_tag?post=20611"}],"curies":[{"name":"wp","href":"https:\/\/api.w.org\/{rel}","templated":true}]}}