{"id":20612,"date":"2022-12-13T22:33:01","date_gmt":"2022-12-13T22:33:01","guid":{"rendered":"https:\/\/energystudio-agency.ro\/demo15\/?post_type=product&#038;p=20612"},"modified":"2022-12-13T23:08:51","modified_gmt":"2022-12-13T23:08:51","slug":"sapun-lichid-vegetal-250ml-alldaynatural","status":"publish","type":"product","link":"https:\/\/energystudio-agency.ro\/demo15\/shop\/ingrijire-personala-cosmetice\/produse-bio\/igiena-bio\/sapun-lichid-vegetal-250ml-alldaynatural\/","title":{"rendered":"S\u0102PUN LICHID VEGETAL 250ml AllDayNatural"},"content":{"rendered":"<p>S\u0103punul lichid vegetal Alldaynatural, cur\u0103\u021b\u0103 \u0219i igienizeaz\u0103 \u00een mod eficient, \u00een timp ce este delicat cu pielea m\u00e2inilor sensibile, uscate \u0219i predispuse la irita\u021bii, red\u00e2nd senza\u021bia de confort, hidratare<span class=\"Apple-converted-space\">\u00a0<\/span>\u0219i catifelare. Formula sa bl\u00e2nd\u0103, vegetal\u0103 combin\u0103 10 ac\u021biuni sinergetice de plante medicinale \u0219i o concentra\u021bie ridicat\u0103 de glicerin\u0103 vegetal\u0103 pentru protec\u021bia \u00eempotriva usc\u0103rii excesive a pielii m\u00e2inilor. Parfumul delicat completeaz\u0103 formula bl\u00e2nd\u0103 a s\u0103punului.<\/p>\n<p>&nbsp;<\/p>\n<p><strong>Con\u021bine:<\/strong>\u00a0glicerin\u0103 vegetal\u0103 \u0219i extracte de mu\u0219e\u021bel, hamei, aloe vera, flori de nuc, coada calului, salvie, centella asiatic\u0103, l\u0103m\u00e2ie \u0219i pin.<\/p>\n","protected":false},"excerpt":{"rendered":"<p>S\u0103punul lichid vegetal Alldaynatural, cur\u0103\u021b\u0103 \u0219i igienizeaz\u0103 \u00een mod eficient, \u00een timp ce este delicat cu pielea m\u00e2inilor sensibile, uscate \u0219i predispuse la irita\u021bii, red\u00e2nd senza\u021bia de confort, hidratare\u00a0\u0219i catifelare. Formula sa bl\u00e2nd\u0103, vegetal\u0103 combin\u0103 10 ac\u021biuni sinergetice de plante medicinale \u0219i o concentra\u021bie ridicat\u0103&#8230;<\/p>\n","protected":false},"featured_media":20706,"comment_status":"open","ping_status":"closed","template":"","meta":[],"etheme_brands":[],"product_cat":[1315,948,1316],"product_tag":[1173,1341,1342,1343],"class_list":{"0":"post-20612","1":"product","2":"type-product","3":"status-publish","4":"has-post-thumbnail","6":"product_cat-igiena-bio","7":"product_cat-produse-bio","8":"product_cat-sapun","9":"product_tag-produse-naturale","10":"product_tag-sapun-hidratant","11":"product_tag-sapun-lichid","12":"product_tag-sapun-lichid-vegetal","14":"first","15":"instock","16":"shipping-taxable","17":"purchasable","18":"product-type-simple"},"_links":{"self":[{"href":"https:\/\/energystudio-agency.ro\/demo15\/wp-json\/wp\/v2\/product\/20612","targetHints":{"allow":["GET"]}}],"collection":[{"href":"https:\/\/energystudio-agency.ro\/demo15\/wp-json\/wp\/v2\/product"}],"about":[{"href":"https:\/\/energystudio-agency.ro\/demo15\/wp-json\/wp\/v2\/types\/product"}],"replies":[{"embeddable":true,"href":"https:\/\/energystudio-agency.ro\/demo15\/wp-json\/wp\/v2\/comments?post=20612"}],"version-history":[{"count":1,"href":"https:\/\/energystudio-agency.ro\/demo15\/wp-json\/wp\/v2\/product\/20612\/revisions"}],"predecessor-version":[{"id":20707,"href":"https:\/\/energystudio-agency.ro\/demo15\/wp-json\/wp\/v2\/product\/20612\/revisions\/20707"}],"wp:featuredmedia":[{"embeddable":true,"href":"https:\/\/energystudio-agency.ro\/demo15\/wp-json\/wp\/v2\/media\/20706"}],"wp:attachment":[{"href":"https:\/\/energystudio-agency.ro\/demo15\/wp-json\/wp\/v2\/media?parent=20612"}],"wp:term":[{"taxonomy":"brand","embeddable":true,"href":"https:\/\/energystudio-agency.ro\/demo15\/wp-json\/wp\/v2\/etheme_brands?post=20612"},{"taxonomy":"product_cat","embeddable":true,"href":"https:\/\/energystudio-agency.ro\/demo15\/wp-json\/wp\/v2\/product_cat?post=20612"},{"taxonomy":"product_tag","embeddable":true,"href":"https:\/\/energystudio-agency.ro\/demo15\/wp-json\/wp\/v2\/product_tag?post=20612"}],"curies":[{"name":"wp","href":"https:\/\/api.w.org\/{rel}","templated":true}]}}