{"id":23495,"date":"2022-12-14T13:49:29","date_gmt":"2022-12-14T13:49:29","guid":{"rendered":"https:\/\/energystudio-agency.ro\/demo15\/?post_type=product&#038;p=23495"},"modified":"2022-12-14T14:06:44","modified_gmt":"2022-12-14T14:06:44","slug":"televizor-lg-50up80003lr-2021-126cm-led-smart-tv-4k-negru-plat-webos-%ce%b15-ai-processor-4k-hdr10-hlg-50-hz","status":"publish","type":"product","link":"https:\/\/energystudio-agency.ro\/demo15\/shop\/tvaudio-video-foto\/televizoare\/televizor-lg-50up80003lr-2021-126cm-led-smart-tv-4k-negru-plat-webos-%ce%b15-ai-processor-4k-hdr10-hlg-50-hz\/","title":{"rendered":"Televizor, LG 50UP80003LR, 2021, 126CM, LED, Smart TV, 4K, Negru, Plat, webOS \u03b15 AI Processor 4K, HDR10\/HLG, 50 Hz"},"content":{"rendered":"<div class=\"inpage_selector_feature\">\n<div class=\"flix-std-row flix-C0042 flix-align-center flix-align-center flix-bg-white flix-full-size \">\n<div class=\"flix-std-clmn-lg-12 flix-std-clmn-md-12 \">\n<div class=\"flix-std-content\">\n<div class=\"flix-std-feattitle\" role=\"heading\">\u00cenfrumuse\u021beaz\u0103-\u021bi camera<\/div>\n<div class=\"flix-std-desc\">Ad\u0103uga\u021bi televizorul LG UHD \u00een decora\u021bia camerei tale. Un panou sub\u021bire \u0219i ram\u0103, cu un design pl\u0103cut, pun \u00een valoare orice interior.<\/div>\n<\/div>\n<div class=\"flix-C0042-imgwrapper\"><img decoding=\"async\" class=\"flix-img-responsive\" src=\"https:\/\/media.flixcar.com\/delivery\/static\/inpage\/9\/images\/loading.gif\" alt=\"\u00cenfrumuse\u021beaz\u0103-\u021bi camera\" \/><\/div>\n<\/div>\n<\/div>\n<\/div>\n<div class=\"inpage_selector_feature clearfix\">\n<div class=\"fl1xcarousel-wrapper\">\n<div class=\"fl1xcarousel\">\n<ul>\n<li>\n<div class=\"flix-std-row flix-C0055  flix-align-left flix-text-black flix-align-top flix-type-wide\">\n<div class=\"flix-background-image \"><img decoding=\"async\" class=\"flix-img-responsive\" src=\"https:\/\/media.flixcar.com\/delivery\/static\/inpage\/9\/images\/loading.gif\" alt=\"\" \/><\/div>\n<\/div>\n<\/li>\n<\/ul>\n<\/div>\n<\/div>\n<\/div>\n<div class=\"inpage_selector_feature\">\n<div class=\"flix-std-row flix-C0042 flix-align-center flix-align-center flix-bg-white flix-full-size \">\n<div class=\"flix-std-clmn-lg-12 flix-std-clmn-md-12 \">\n<div class=\"flix-std-content\"><\/div>\n<div class=\"flix-C0042-imgwrapper\">\n<div class=\"fullJwPlayerWarp fullPlaylist-0\">\n<div class=\"flix-videodiv inpage_selector_video\"><\/div>\n<\/div>\n<\/div>\n<\/div>\n<\/div>\n<\/div>\n<div class=\"inpage_selector_feature\">\n<div class=\"flix-std-row flix-C0042 flix-align-center flix-align-center flix-bg-white flix-full-size \">\n<div class=\"flix-std-clmn-lg-12 flix-std-clmn-md-12 \">\n<div class=\"flix-std-content\">\n<div class=\"flix-std-smalltitle\" role=\"heading\">Procesor \u03b15 AI 4K<\/div>\n<div class=\"flix-std-feattitle\" role=\"heading\">\u00cembun\u0103t\u0103\u021bi\u021bi tot ce vede\u021bi \u0219i auzi\u021bi.<\/div>\n<div class=\"flix-std-desc\">Procesorul elimin\u0103 zgomotul con\u021binutului video \u0219i creeaz\u0103 culori \u0219i un contrast mai vibrant. Imaginile la rezolu\u021bie mic\u0103 sunt \u00eembun\u0103t\u0103\u021bite \u0219i reproduse aproape la calitatea 4K. De asemenea \u0219tie c\u00e2nd, unde \u0219i cum s\u0103 \u00eembun\u0103t\u0103\u021beasc\u0103 calitatea sunetului, cre\u00e2nd un sunet ambiental virtual pentru o experien\u021b\u0103 mai captivant\u0103 \u0219i mai cinematografic\u0103.<\/div>\n<\/div>\n<div class=\"flix-C0042-imgwrapper flix-videoHtmldiv\"><video class=\"flix-videoHtml flix-hide-formobile flix-show-active\" poster=\"https:\/\/media.flixcar.com\/f360cdn\/LG_Electronics-86169561-TV-UHD-07-a5-4K-Desktop-new5.jpg\" autoplay=\"autoplay\" loop=\"loop\" muted=\"\" width=\"300\" height=\"150\"><\/video><\/p>\n<div class=\"flix-videoHtml-text-area\">\n<div class=\"flix-videoHtml-active flixkeycode flix-videoHtml-pause\" role=\"button\">Play Video<\/div>\n<\/div>\n<\/div>\n<\/div>\n<div class=\"flix-std-clmn-lg-12  \">\n<div class=\"flix-std-clmn-lg-8 flix-std-clmn-lg-push-2 flix-std-clmn-md-12 flix-std-clmn-md-push-0\"><\/div>\n<div class=\" flix-text-center  \">\n<div class=\"flix-std-clmn-lg-8 flix-std-clmn-lg-push-2 flix-std-clmn-md-12 flix-std-clmn-md-push-0\">\n<div class=\"flix-std-content \"><\/div>\n<\/div>\n<div class=\"flix-std-clmn-lg-10 flix-std-clmn-lg-push-1 flix-std-clmn-md-12 flix-std-clmn-md-push-0\">\n<div class=\"flix-C0071-imgwrapper\"><\/div>\n<\/div>\n<\/div>\n<\/div>\n<div class=\"flix-std-clmn-lg-12 flix-std-clmn-md-12 \">\n<div class=\"flix-std-content\">\n<div class=\"flix-footnote flix-std-desc\">*Imagini ale ecranului simulate.<\/div>\n<\/div>\n<\/div>\n<\/div>\n<\/div>\n<div class=\"inpage_selector_feature\">\n<div class=\"\">\n<div class=\"flix-std-row flix-C0043  flix-text-left   \">\n<div class=\" flix-std-clmn-lg-6 flix-std-clmn-lg-push-6 flix-std-clmn-md-12 flix-std-clmn-md-push-0   flix-std-video\"><img decoding=\"async\" class=\"flix-img-responsive\" src=\"https:\/\/media.flixcar.com\/delivery\/static\/inpage\/9\/images\/loading.gif\" alt=\"\" \/><\/div>\n<div class=\" flix-std-clmn-lg-6 flix-std-clmn-lg-pull-6 flix-std-clmn-md-12 flix-std-clmn-md-pull-0 \">\n<div class=\"flix-std-content\">\n<div class=\"flix-std-smalltitle\" role=\"heading\">\u00cembun\u0103t\u0103\u021bire 4K<\/div>\n<div class=\"flix-std-feattitle\" role=\"heading\">Vezi totul \u00een 4K.<\/div>\n<div class=\"flix-std-desc\">Televizorul LG UHD transform\u0103 con\u021binutul 2K \u00een cea mai realist\u0103 imagine 4K \u00eembun\u0103t\u0103\u021bind detaliile \u0219i culorile. Bucura\u021bi-v\u0103 de subtitr\u0103ri \u0219i imagini mult mai clare, cu zgomot redus \u0219i claritate sporit\u0103.<\/div>\n<\/div>\n<\/div>\n<\/div>\n<\/div>\n<\/div>\n<div class=\"inpage_selector_feature\">\n<div class=\"\">\n<div class=\"flix-std-row flix-C0043  flix-text-left   \">\n<div class=\"flix-std-clmn-lg-6 flix-std-clmn-md-12  flix-std-video\"><img decoding=\"async\" class=\"flix-img-responsive\" src=\"https:\/\/media.flixcar.com\/delivery\/static\/inpage\/9\/images\/loading.gif\" alt=\"\" \/><\/div>\n<div class=\" flix-std-clmn-lg-6 flix-std-clmn-md-12 \">\n<div class=\"flix-std-content\">\n<div class=\"flix-std-smalltitle\" role=\"heading\">Controlul luminozit\u0103\u021bii prin intermediul AI<\/div>\n<div class=\"flix-std-feattitle\" role=\"heading\">O idee genial\u0103 pentru un televizor mai bun.<\/div>\n<div class=\"flix-std-desc\">Senzorul de lumina m\u0103soar\u0103 luminozitatea camerei, astfel procesorul regleaz\u0103 cu precizie dinamica culorilor pentru a ob\u021bine o luminozitate optim\u0103 a ecranului. Controlul inteligent al ilumin\u0103rii \u0219i algoritmul de control al pixelilor \u00eembun\u0103t\u0103\u021besc contrastul pentru a ob\u021bine imagini mai bune \u00een scenele \u00eentunecate. Con\u021binutul HDR este \u00eembun\u0103t\u0103\u021bit prin intermediul ajust\u0103rii luminozit\u0103\u021bii care transform\u0103 scenele mai \u00eentunecate \u00een imagini cu un contrast perfect, accentu\u00e2nd detaliile \u0219i culorile.<\/div>\n<\/div>\n<\/div>\n<\/div>\n<\/div>\n<\/div>\n<div class=\"inpage_selector_feature\">\n<div class=\"\">\n<div class=\"flix-std-row flix-C0043  flix-text-left   \">\n<div class=\" flix-std-clmn-lg-6 flix-std-clmn-lg-push-6 flix-std-clmn-md-12 flix-std-clmn-md-push-0   flix-std-video\"><img decoding=\"async\" class=\"flix-img-responsive\" src=\"https:\/\/media.flixcar.com\/delivery\/static\/inpage\/9\/images\/loading.gif\" alt=\"\" \/><\/div>\n<div class=\" flix-std-clmn-lg-6 flix-std-clmn-lg-pull-6 flix-std-clmn-md-12 flix-std-clmn-md-pull-0 \">\n<div class=\"flix-std-content\">\n<div class=\"flix-std-smalltitle\" role=\"heading\">Sunet prin AI<\/div>\n<div class=\"flix-std-feattitle\" role=\"heading\">Un sunet pentru toate genurile muzicale.<\/div>\n<div class=\"flix-std-desc\">\u00cenv\u0103\u021b\u00e2nd din peste 17 milioane de puncte de informa\u021bii audio, procesorul identific\u0103 vocile, sunetele \u0219i frecven\u021bele, astfel optimizeaz\u0103 sunetul pentru fiecare gen muzical, pentru o experien\u021b\u0103 audio imersiv\u0103.<\/div>\n<\/div>\n<\/div>\n<\/div>\n<\/div>\n<\/div>\n<div class=\"inpage_selector_feature\">\n<div class=\"flix-std-row flix-C0042 flix-align-center flix-align-center flix-bg-white flix-full-size \">\n<div class=\"flix-std-clmn-lg-12 flix-std-clmn-md-12 \">\n<div class=\"flix-std-content\">\n<div class=\"flix-std-smalltitle\" role=\"heading\">ThinQ AI<\/div>\n<div class=\"flix-std-feattitle\" role=\"heading\">Crezi c\u0103 \u0219tii ce \u00eenseamn\u0103 smart?<br \/>\nVei vedea c\u0103 nu.<\/div>\n<div class=\"flix-std-desc\">LG ThinQ este aici pentru a \u00eembun\u0103t\u0103\u021bi la maxim experien\u021ba oferit\u0103 de un televizor. Alege asistentul vocal preferat \u0219i controleaz\u0103 televizorul prin comenzi vocale, cu un ecran de pornire complet nou, pentru confort \u0219i control sporite.<\/div>\n<\/div>\n<div class=\"flix-C0042-imgwrapper \"><img decoding=\"async\" class=\"flix-img-responsive\" src=\"https:\/\/media.flixcar.com\/delivery\/static\/inpage\/9\/images\/loading.gif\" alt=\"ThinQ AI\" \/><\/div>\n<\/div>\n<\/div>\n<\/div>\n<div class=\"inpage_selector_feature\">\n<div class=\"\">\n<div class=\"flix-std-row flix-C0043  flix-text-left   \">\n<div class=\" flix-std-clmn-lg-6 flix-std-clmn-lg-push-6 flix-std-clmn-md-12 flix-std-clmn-md-push-0   flix-std-video\"><img decoding=\"async\" class=\"flix-img-responsive\" src=\"https:\/\/media.flixcar.com\/delivery\/static\/inpage\/9\/images\/loading.gif\" alt=\"\" \/><\/div>\n<div class=\" flix-std-clmn-lg-6 flix-std-clmn-lg-pull-6 flix-std-clmn-md-12 flix-std-clmn-md-pull-0 \">\n<div class=\"flix-std-content\">\n<div class=\"flix-std-smalltitle\" role=\"heading\">Telecomand\u0103 Magic\u0103<\/div>\n<div class=\"flix-std-feattitle\" role=\"heading\">Asemenea unei baghete magice.<\/div>\n<div class=\"flix-std-desc\">Telecomanda Magic\u0103 cu un design nou este asemenea unei baghete magice. Designul ergonomic o face s\u0103 fie u\u0219or de \u021binut, iar sistemul s\u0103u selectare \u0219i navigare prin sistem permite c\u0103utarea mai rapid\u0103. Inteligen\u021ba artificial\u0103 \u00eencorporat\u0103 ofer\u0103 acces u\u0219or la servicii, \u00een timp ce tastele rapide pentru furnizorii principali de con\u021binut \u00ee\u021bi ofer\u0103 comenzi rapide pentru toate preferin\u021bele tale.<\/div>\n<\/div>\n<\/div>\n<\/div>\n<div>\n<div class=\"mb-3 lg:mb-5\">\n<h3 class=\"font-normal text-base leading-22 text-red-brand mb-2 leading-20 text-xl lg:text-22px lg:leading-28.6\">Video<\/h3>\n<table class=\"Specs-table w-full table-fixed\">\n<tbody>\n<tr class=\"Specs-row text-sm \">\n<th class=\"Specs-cell text-gray-1200 font-medium py-3 leading-18.2\">Tip TV<\/th>\n<td class=\"Specs-cell py-3 leading-18.2\">Smart TV<\/td>\n<\/tr>\n<tr class=\"Specs-row text-sm border-gray-light border-t\">\n<th class=\"Specs-cell text-gray-1200 font-medium py-3 leading-18.2\">Procesor<\/th>\n<td class=\"Specs-cell py-3 leading-18.2\">Quad Core Processor<\/td>\n<\/tr>\n<tr class=\"Specs-row text-sm border-gray-light border-t\">\n<th class=\"Specs-cell text-gray-1200 font-medium py-3 leading-18.2\">Ecran<\/th>\n<td class=\"Specs-cell py-3 leading-18.2\">Plat<\/td>\n<\/tr>\n<tr class=\"Specs-row text-sm border-gray-light border-t\">\n<th class=\"Specs-cell text-gray-1200 font-medium py-3 leading-18.2\">Tip Display<\/th>\n<td class=\"Specs-cell py-3 leading-18.2\">LED<\/td>\n<\/tr>\n<tr class=\"Specs-row text-sm border-gray-light border-t\">\n<th class=\"Specs-cell text-gray-1200 font-medium py-3 leading-18.2\">Diagonala (cm)<\/th>\n<td class=\"Specs-cell py-3 leading-18.2\">126<\/td>\n<\/tr>\n<tr class=\"Specs-row text-sm border-gray-light border-t\">\n<th class=\"Specs-cell text-gray-1200 font-medium py-3 leading-18.2\">Unghi de vizualizare (grade)<\/th>\n<td class=\"Specs-cell py-3 leading-18.2\">178 \/ 178<\/td>\n<\/tr>\n<tr class=\"Specs-row text-sm border-gray-light border-t\">\n<th class=\"Specs-cell text-gray-1200 font-medium py-3 leading-18.2\">Dimensiune ecran (inch)<\/th>\n<td class=\"Specs-cell py-3 leading-18.2\">50<\/td>\n<\/tr>\n<tr class=\"Specs-row text-sm border-gray-light border-t\">\n<th class=\"Specs-cell text-gray-1200 font-medium py-3 leading-18.2\">Rezolutie ecran (pixeli)<\/th>\n<td class=\"Specs-cell py-3 leading-18.2\">3840 x 2160<\/td>\n<\/tr>\n<tr class=\"Specs-row text-sm border-gray-light border-t\">\n<th class=\"Specs-cell text-gray-1200 font-medium py-3 leading-18.2\">Rezolutie<\/th>\n<td class=\"Specs-cell py-3 leading-18.2\">4K Ultra HD<\/td>\n<\/tr>\n<tr class=\"Specs-row text-sm border-gray-light border-t\">\n<th class=\"Specs-cell text-gray-1200 font-medium py-3 leading-18.2\">Format ecran<\/th>\n<td class=\"Specs-cell py-3 leading-18.2\">16:9<\/td>\n<\/tr>\n<tr class=\"Specs-row text-sm border-gray-light border-t\">\n<th class=\"Specs-cell text-gray-1200 font-medium py-3 leading-18.2\">Procesare imagine (Hz)<\/th>\n<td class=\"Specs-cell py-3 leading-18.2\">60 Hz<\/td>\n<\/tr>\n<tr class=\"Specs-row text-sm border-gray-light border-t\">\n<th class=\"Specs-cell text-gray-1200 font-medium py-3 leading-18.2\">Alte caracteristici video<\/th>\n<td class=\"Specs-cell py-3 leading-18.2\">4K UHD, Quad Core Processor, AI Brightness Control, 4K Upscaling, FILMMAKER MODE, Active HDR, HGiG, HDR 10, HLG<\/td>\n<\/tr>\n<\/tbody>\n<\/table>\n<\/div>\n<div class=\"mb-3 lg:mb-5\">\n<h3 class=\"font-normal text-base leading-22 text-red-brand mb-2 leading-20 text-xl lg:text-22px lg:leading-28.6\">Audio<\/h3>\n<table class=\"Specs-table w-full table-fixed\">\n<tbody>\n<tr class=\"Specs-row text-sm \">\n<th class=\"Specs-cell text-gray-1200 font-medium py-3 leading-18.2\">Sistem difuzoare<\/th>\n<td class=\"Specs-cell py-3 leading-18.2\">2.0<\/td>\n<\/tr>\n<tr class=\"Specs-row text-sm border-gray-light border-t\">\n<th class=\"Specs-cell text-gray-1200 font-medium py-3 leading-18.2\">Alte caracteristici audio<\/th>\n<td class=\"Specs-cell py-3 leading-18.2\">AI Sound, Bluetooth Surround Ready, AI Acoustic Tuning, Clear Voice III, Sound Share, TV Sound Mode Share, e-ARC<\/td>\n<\/tr>\n<tr class=\"Specs-row text-sm border-gray-light border-t\">\n<th class=\"Specs-cell text-gray-1200 font-medium py-3 leading-18.2\">Putere (W)<\/th>\n<td class=\"Specs-cell py-3 leading-18.2\">20<\/td>\n<\/tr>\n<\/tbody>\n<\/table>\n<\/div>\n<div class=\"mb-3 lg:mb-5\">\n<h3 class=\"font-normal text-base leading-22 text-red-brand mb-2 leading-20 text-xl lg:text-22px lg:leading-28.6\">Multimedia<\/h3>\n<table class=\"Specs-table w-full table-fixed\">\n<tbody>\n<tr class=\"Specs-row text-sm \">\n<th class=\"Specs-cell text-gray-1200 font-medium py-3 leading-18.2\">Format redare video<\/th>\n<td class=\"Specs-cell py-3 leading-18.2\">3GPP, AVI, DivX, Flash Video, H263, H264, H265, MKV, QuickTime, M2TS, MP4, MPEG-4, TS, VC-1, VP9, AV1<\/td>\n<\/tr>\n<tr class=\"Specs-row text-sm border-gray-light border-t\">\n<th class=\"Specs-cell text-gray-1200 font-medium py-3 leading-18.2\">Format redare audio<\/th>\n<td class=\"Specs-cell py-3 leading-18.2\">AAC, AC3, FLAC, MP3, OGG, WMA<\/td>\n<\/tr>\n<tr class=\"Specs-row text-sm border-gray-light border-t\">\n<th class=\"Specs-cell text-gray-1200 font-medium py-3 leading-18.2\">Format redare imagini<\/th>\n<td class=\"Specs-cell py-3 leading-18.2\">JPEG, MPO, JPS<\/td>\n<\/tr>\n<tr class=\"Specs-row text-sm border-gray-light border-t\">\n<th class=\"Specs-cell text-gray-1200 font-medium py-3 leading-18.2\">Caracteristici multimedia<\/th>\n<td class=\"Specs-cell py-3 leading-18.2\">Magic Remote included, Music Player, Web Browser, LG Content Store, LG TV Plus, Gallery App, 360 grade VR Play, Screen Share, Mobile Connectivity, LG Sound Sync, Bluetooth Audio Playback, Airplay2 &amp; HomeKit integration, NFC<\/td>\n<\/tr>\n<\/tbody>\n<\/table>\n<\/div>\n<div class=\"mb-3 lg:mb-5\">\n<h3 class=\"font-normal text-base leading-22 text-red-brand mb-2 leading-20 text-xl lg:text-22px lg:leading-28.6\">Conexiuni<\/h3>\n<table class=\"Specs-table w-full table-fixed\">\n<tbody>\n<tr class=\"Specs-row text-sm \">\n<th class=\"Specs-cell text-gray-1200 font-medium py-3 leading-18.2\">Tip tuner<\/th>\n<td class=\"Specs-cell py-3 leading-18.2\">Analog, CI+, DVB-C, DVB-S, DVB-S2, DVB-T, DVB-T2<\/td>\n<\/tr>\n<tr class=\"Specs-row text-sm border-gray-light border-t\">\n<th class=\"Specs-cell text-gray-1200 font-medium py-3 leading-18.2\">Wi-Fi<\/th>\n<td class=\"Specs-cell py-3 leading-18.2\">Da<\/td>\n<\/tr>\n<tr class=\"Specs-row text-sm border-gray-light border-t\">\n<th class=\"Specs-cell text-gray-1200 font-medium py-3 leading-18.2\">Bluetooth<\/th>\n<td class=\"Specs-cell py-3 leading-18.2\">Da<\/td>\n<\/tr>\n<tr class=\"Specs-row text-sm border-gray-light border-t\">\n<th class=\"Specs-cell text-gray-1200 font-medium py-3 leading-18.2\">Wi-Fi Direct<\/th>\n<td class=\"Specs-cell py-3 leading-18.2\">Da<\/td>\n<\/tr>\n<tr class=\"Specs-row text-sm border-gray-light border-t\">\n<th class=\"Specs-cell text-gray-1200 font-medium py-3 leading-18.2\">Conectori<\/th>\n<td class=\"Specs-cell py-3 leading-18.2\">3 x HDMI, eARC, 2 x USB, 1 x Digital Optical OUT, 1 x CI+ slot, 1 x RJ45<\/td>\n<\/tr>\n<\/tbody>\n<\/table>\n<\/div>\n<\/div>\n<\/div>\n<\/div>\n","protected":false},"excerpt":{"rendered":"<p>\u00cenfrumuse\u021beaz\u0103-\u021bi camera Ad\u0103uga\u021bi televizorul LG UHD \u00een decora\u021bia camerei tale. Un panou sub\u021bire \u0219i ram\u0103, cu un design pl\u0103cut, pun \u00een valoare orice interior. Procesor \u03b15 AI 4K \u00cembun\u0103t\u0103\u021bi\u021bi tot ce vede\u021bi \u0219i auzi\u021bi. Procesorul elimin\u0103 zgomotul con\u021binutului video \u0219i creeaz\u0103 culori \u0219i un contrast&#8230;<\/p>\n","protected":false},"featured_media":23499,"comment_status":"closed","ping_status":"closed","template":"","meta":[],"etheme_brands":[],"product_cat":[1454],"product_tag":[],"class_list":{"0":"post-23495","1":"product","2":"type-product","3":"status-publish","4":"has-post-thumbnail","6":"product_cat-televizoare","8":"first","9":"instock","10":"sale","11":"shipping-taxable","12":"purchasable","13":"product-type-simple"},"_links":{"self":[{"href":"https:\/\/energystudio-agency.ro\/demo15\/wp-json\/wp\/v2\/product\/23495","targetHints":{"allow":["GET"]}}],"collection":[{"href":"https:\/\/energystudio-agency.ro\/demo15\/wp-json\/wp\/v2\/product"}],"about":[{"href":"https:\/\/energystudio-agency.ro\/demo15\/wp-json\/wp\/v2\/types\/product"}],"replies":[{"embeddable":true,"href":"https:\/\/energystudio-agency.ro\/demo15\/wp-json\/wp\/v2\/comments?post=23495"}],"version-history":[{"count":2,"href":"https:\/\/energystudio-agency.ro\/demo15\/wp-json\/wp\/v2\/product\/23495\/revisions"}],"predecessor-version":[{"id":23505,"href":"https:\/\/energystudio-agency.ro\/demo15\/wp-json\/wp\/v2\/product\/23495\/revisions\/23505"}],"wp:featuredmedia":[{"embeddable":true,"href":"https:\/\/energystudio-agency.ro\/demo15\/wp-json\/wp\/v2\/media\/23499"}],"wp:attachment":[{"href":"https:\/\/energystudio-agency.ro\/demo15\/wp-json\/wp\/v2\/media?parent=23495"}],"wp:term":[{"taxonomy":"brand","embeddable":true,"href":"https:\/\/energystudio-agency.ro\/demo15\/wp-json\/wp\/v2\/etheme_brands?post=23495"},{"taxonomy":"product_cat","embeddable":true,"href":"https:\/\/energystudio-agency.ro\/demo15\/wp-json\/wp\/v2\/product_cat?post=23495"},{"taxonomy":"product_tag","embeddable":true,"href":"https:\/\/energystudio-agency.ro\/demo15\/wp-json\/wp\/v2\/product_tag?post=23495"}],"curies":[{"name":"wp","href":"https:\/\/api.w.org\/{rel}","templated":true}]}}