{"id":25512,"date":"2022-12-15T13:06:39","date_gmt":"2022-12-15T13:06:39","guid":{"rendered":"https:\/\/energystudio-agency.ro\/demo15\/?post_type=product&#038;p=25512"},"modified":"2022-12-15T13:14:49","modified_gmt":"2022-12-15T13:14:49","slug":"masina-cu-rc-4","status":"publish","type":"product","link":"https:\/\/energystudio-agency.ro\/demo15\/shop\/jucarii-copii-bebe\/masini-r-c\/masina-cu-rc-4\/","title":{"rendered":"Masina cu RC"},"content":{"rendered":"<p>Masina cu RCnnnCaracteristici:nMa\u0219in\u0103 de teren extrem de durabil\u0103, care va dep\u0103\u0219i toate obstacolele! Pentru toate tipurile de teren RC Rock Crawler 4&#215;4, datorit\u0103 anvelopelor off-road cu profil \u00eenalt \u0219i suspensiei durabile, este potrivit pentru a circula pe toate terenurile precum drum, iarb\u0103, pietre, nisip, noroi etc. Motor bar\u0103 torsiune Cea mai recent\u0103 tehnologie a motorului de torsiune ofer\u0103 o accelera\u021bie extrem de rapid\u0103 \u0219i un cuplu ridicat, ceea ce permite ma\u0219inii s\u0103 dep\u0103\u0219easc\u0103 toate obstacolele. Suspensie puternic\u0103 Suspensia extrem de durabil\u0103 cu patru amortizoare individuale asigur\u0103 o aterizare neted\u0103 pe toate cele patru ro\u021bi. Acumultator pe masina de 7,2 v , reincarcabil la priza, inclus, iar telecomanda functioneaza cu 2 baterii de tip AA de 1,5 V &#8211; nu sunt incluse. Radio comanda cu buton de ON\/OFF, indicator de functionare si butoane de comanda a masinii face ca produsul sa fie usor de controlat! Scala 1:12nnDimensiune produs:\u00a033&#215;23,5&#215;22,5 cmnDimensiune ambalaj: 43&#215;25,5&#215;24,5 cmnGreutate:\u00a01,905 kgnnAvertizare!nProdusul este nou si comercializat in ambalajul original al producatorului. Imaginile de pe acest site au caracter informativ.nnNuanta, tonul si intensitatea culorii pot varia in functie de monitor.nnAmbalajul trebuie indepartat, recuperat si aruncat de catre un adult inainte de a se da spre utilizare copilului. Nu lasati ambalajele produselor la indemana copiilor. Se recomanda utilizarea produsului sub supravegherea unui adult. Produsul poate contine piese mici care se pot inghiti sau inhala de cei mici, existand pericolul de sufocare sau nu este potrivita copiilor mai mici de 3 ani. Pastrati instructiunile si etichetele pentru referinte viitoare.nnCod produs:\u00a06026<\/p>\n","protected":false},"excerpt":{"rendered":"<p>Masina cu RCnnnCaracteristici:nMa\u0219in\u0103 de teren extrem de durabil\u0103, care va dep\u0103\u0219i toate obstacolele! Pentru toate tipurile de teren RC Rock Crawler 4&#215;4, datorit\u0103 anvelopelor off-road cu profil \u00eenalt \u0219i suspensiei durabile, este potrivit pentru a circula pe toate terenurile precum drum, iarb\u0103, pietre, nisip, noroi&#8230;<\/p>\n","protected":false},"featured_media":25640,"comment_status":"open","ping_status":"closed","template":"","meta":[],"etheme_brands":[],"product_cat":[1702],"product_tag":[],"class_list":{"0":"post-25512","1":"product","2":"type-product","3":"status-publish","4":"has-post-thumbnail","6":"product_cat-masini-r-c","8":"first","9":"instock","10":"purchasable","11":"product-type-simple"},"_links":{"self":[{"href":"https:\/\/energystudio-agency.ro\/demo15\/wp-json\/wp\/v2\/product\/25512","targetHints":{"allow":["GET"]}}],"collection":[{"href":"https:\/\/energystudio-agency.ro\/demo15\/wp-json\/wp\/v2\/product"}],"about":[{"href":"https:\/\/energystudio-agency.ro\/demo15\/wp-json\/wp\/v2\/types\/product"}],"replies":[{"embeddable":true,"href":"https:\/\/energystudio-agency.ro\/demo15\/wp-json\/wp\/v2\/comments?post=25512"}],"version-history":[{"count":1,"href":"https:\/\/energystudio-agency.ro\/demo15\/wp-json\/wp\/v2\/product\/25512\/revisions"}],"predecessor-version":[{"id":25643,"href":"https:\/\/energystudio-agency.ro\/demo15\/wp-json\/wp\/v2\/product\/25512\/revisions\/25643"}],"wp:featuredmedia":[{"embeddable":true,"href":"https:\/\/energystudio-agency.ro\/demo15\/wp-json\/wp\/v2\/media\/25640"}],"wp:attachment":[{"href":"https:\/\/energystudio-agency.ro\/demo15\/wp-json\/wp\/v2\/media?parent=25512"}],"wp:term":[{"taxonomy":"brand","embeddable":true,"href":"https:\/\/energystudio-agency.ro\/demo15\/wp-json\/wp\/v2\/etheme_brands?post=25512"},{"taxonomy":"product_cat","embeddable":true,"href":"https:\/\/energystudio-agency.ro\/demo15\/wp-json\/wp\/v2\/product_cat?post=25512"},{"taxonomy":"product_tag","embeddable":true,"href":"https:\/\/energystudio-agency.ro\/demo15\/wp-json\/wp\/v2\/product_tag?post=25512"}],"curies":[{"name":"wp","href":"https:\/\/api.w.org\/{rel}","templated":true}]}}