{"id":3,"date":"2023-01-14T03:53:29","date_gmt":"2023-01-14T03:53:29","guid":{"rendered":"https:\/\/energystudio-agency.ro\/demo16\/?page_id=3"},"modified":"2023-01-14T04:14:04","modified_gmt":"2023-01-14T04:14:04","slug":"privacy-policy","status":"publish","type":"page","link":"https:\/\/energystudio-agency.ro\/demo16\/privacy-policy\/","title":{"rendered":"Politica de Confiden\u021bialitate"},"content":{"rendered":"\r\n<p><strong>CE DATE PRELUCR\u0102M?<\/strong><\/p>\r\n<p>\u00cen vederea inform\u0103rii cu privire la programarile efectuate , evalu\u0103rii bunurilor \u0219i serviciilor oferite, precum \u0219i a exercit\u0103rii unor activit\u0103\u021bi comerciale, de promovare a bunurilor \u0219i serviciilor, de marketing, publicitate, de dezvoltare, de cercetare de pia\u021b\u0103, statistic\u0103, monitorizare a v\u00e2nz\u0103rilor \u0219i comportamentului de cump\u0103rare a Clien\u021bilor, activit\u0103\u021bi administrative \u0219i de media, sunte\u021bi de acord s\u0103 ne \u00eencredin\u021ba\u021bi urm\u0103toarele date cu caracter personal: nume, prenume, adresa de e-mail, adresa de ip, num\u0103r de telefon. V\u0103 rug\u0103m s\u0103 nu ne furniza\u021bi alte date cu caracter personal dec\u00e2t cele strict necesare scopului precizat \u00een aceast\u0103 politic\u0103.<\/p>\r\n<p><strong>CARE ESTE SCOPUL \u0218I TEMEIUL JURIDIC AL PRELUCR\u0102RII?<\/strong><\/p>\r\n<p>Datele cu caracter personal furnizate cu consim\u021b\u0103m\u00e2ntul Dvs. sunt \u0219i vor fi colectate \u0219i prelucrate de noi exclusiv \u00een scopurile pe care le vom prezenta \u00een cele ce urmeaz\u0103.<br \/>Men\u021bion\u0103m faptul c\u0103 prelucrarea datelor cu caracter personal se realizeaz\u0103 \u00een temeiul consim\u021b\u0103m\u00e2ntului Dvs. \u00een acest sens (art. 6 alin. (1) lit. (a) din Regulamentul General privind Protec\u021bia Datelor, numit \u00een cele ce urmeaz\u0103 Regulament\/ul.<br \/>Situa\u021biile \u00een care va vom colecta \u0219i prelucra datele Dvs. cu caracter personal \u0219i scopurile \u00een vederea c\u0103rora aceste date vor fi prelucrate, sunt urm\u0103toarele:<\/p>\r\n<ol>\r\n<li><strong> \u00cenregistrare fi\u0219ei de client pentru efectuarea programarilor<\/strong><br \/>Colectarea datelor cu caracter personal \u00een acest caz are scopul principal de a \u00eenregistra o fi\u0219\u0103 de client unde s\u0103 avem istoricul program\u0103rilor dumneavoastr\u0103 si a tuturor \u0219edintelor efectuate. Totodat\u0103, unele din aceste date (ex. adres\u0103 e-mail, num\u0103r telefon) sunt necesare pentru o bun\u0103 comunicare \u00eentre societatea noastr\u0103 \u0219i Dvs., \u00een calitate de client, precum \u0219i pentru transmiterea c\u0103tre Dvs. a ofertelor promo\u021bionale, \u00een mod ocazional.<br \/>De asemenea, \u00een timpul utiliz\u0103rii platformei, sunt colectate de c\u0103tre societatea noastr\u0103 date referitoare la istoricul de c\u0103ut\u0103rilor Dvs., respectiv: articole citite, produse audio-video vizualizate etc. Totodat\u0103, cu ajutorul unor coduri de tracking instalate pe platforma noastr\u0103 de la diver\u0219i furnizori de servicii de analize \u0219i statistici, sunt colectate date precum adresa de ip, durata de utilizare a paginii, paginile vizitate.<br \/>Toate aceste informa\u021bii colectate au ca scop exclusiv, s\u0103 optimiz\u0103m \u0219i \u00eembun\u0103t\u0103\u021bim func\u021bionarea platformei noastre, astfel \u00eenc\u00e2t s\u0103 v\u0103 oferim o experien\u021b\u0103 c\u00e2t mai pl\u0103cut\u0103 cu ocazia utiliz\u0103rii acesteia.<\/li>\r\n<li><strong> \u00censcriere pentru prima \u0219edin\u021b\u0103 gratuit\u0103<\/strong><br \/>Scopul prelucr\u0103rii datelor Dvs. cu caracter personal \u00een cazul \u00eenscrierii pentru prima \u0219edin\u021b\u0103 gratuit\u0103 const\u0103 \u00een transmiterea numelui, num\u0103rului de telefon si a ora\u0219ului \u00een care dori\u021bi s\u0103 efectua\u021bi programarea, pe baza datelor \u00eenregistrate, comunicarea de informa\u021bii legate de data program\u0103rii, ora program\u0103rii, informarea \u00een ceea ce prive\u0219te contraindica\u021biile, preg\u0103tirea pentru \u0219edin\u021b\u0103.<\/li>\r\n<li><strong> Abonare la Newsletter;<\/strong><br \/>Scopul de prelucrare datelor cu caracter personal \u00een acest caz este acela de a v\u0103 informa despre produsele noastre, de marketing direct \u0219i publicitate;<br \/>4. Trimiterea sms-urilor<br \/>Scopul de prelucrare datelor cu caracter personal \u00een acest caz este acela de a v\u0103 informa despre programarea fectuata, de marketing direct \u0219i publicitate ocazional.<\/li>\r\n<\/ol>\r\n<p><strong>CINE ARE ACCES LA DATELE DVS.?<\/strong><br \/>V\u0103 aducem la cuno\u0219tin\u021b\u0103 c\u0103, pentru func\u021bionarea eficient\u0103 a platformei, utiliz\u0103m diferite servicii de la furnizori externi sau interni (\u201dpersoane \u00eemputernicite de operator\u201d), c\u0103rora le putem transmite o parte din datele cu caracter personal colectate de la Dvs., cu men\u021biunea expres\u0103 c\u0103 vom apela doar la persoane \u00eemputernicite care ofer\u0103 garan\u0163ii suficiente pentru punerea \u00een aplicare a unor m\u0103suri tehnice \u015fi organizatorice adecvate, astfel \u00eenc\u00e2t prelucrarea s\u0103 respecte cerin\u0163ele prev\u0103zute \u00een Regulament \u015fi s\u0103 asigure protec\u0163ia drepturilor Dvs. Categoriile de servicii pentru care colabor\u0103m cu furnizorii mai sus men\u021biona\u021bi \u0219i datele cu caracter personal transferate acestora sunt urm\u0103toarele:<\/p>\r\n<ol>\r\n<li>Servicii SMTP (comunicare email) \u2013 adresa de e-mail;<br \/>2. Servicii newsletter \u2013 adresa de e-mail, nume, prenume, num\u0103r de telefon;<br \/>3. Servicii de facturare \u2013 nume, prenume, adresa de e-mail, num\u0103r de telefon, adres\u0103;<br \/>4. Servicii de trimite SMS \u2013 num\u0103rul de telefon;<br \/>5. Servicii de procesare pl\u0103\u021bi online \u2013 nume, prenume, adresa de e-mail, num\u0103r de telefon, adres\u0103;<br \/>6. Servicii de comentarii \u2013 nume, prenume, e-mail;<br \/>7. Servicii de contabilitate \u2013 nume, prenume, adres\u0103, cnp;<br \/>8. Servicii juridice \u2013 nume, prenume, adres\u0103, cnp;<\/li>\r\n<\/ol>\r\n<p><strong>C\u00c2T TIMP SUNT STOCATE DATELE DVS.?<\/strong><\/p>\r\n<p>Datele cu caracter personal furnizate de Dvs. vor fi prelucrate pe perioada derul\u0103rii rela\u021biilor contractuale cu Dvs., precum \u0219i ulterior, pentru o durat\u0103 rezonabil\u0103, care nu poate fi mai scurt\u0103 dec\u00e2t termenul general de prescrip\u021bie. Puteti cere \u0219tergerea datelor la adresa de mail.<\/p>\r\n<p>&nbsp;<\/p>\r\n<p><strong>CARE SUNT DREPTURILE DVS.?<\/strong><br \/>\u00cen calitate de persoan\u0103 vizat\u0103, ave\u021bi urm\u0103toarele drepturi:<\/p>\r\n<p>\u2013 dreptul de acces la date \u2013 ave\u021bi dreptul de a ob\u021bine o confirmare c\u0103 se prelucreaz\u0103 sau nu date cu caracter personal care v\u0103 privesc, precum \u0219i acces la datele respective; totodat\u0103, pute\u021bi ob\u021bine o copie a datelor cu caracter personal furnizate societ\u0103\u021bii noastre \u0219i care fac obiectul prelucr\u0103rii; pentru orice alte copii solicitate de Dvs., Putem percepe o tax\u0103 rezonabil\u0103, bazat\u0103 pe costurile administrative; \u00een cazul \u00een care introduce\u021bi cererea \u00een format electronic \u0219i cu excep\u021bia cazului \u00een care solicita\u021bi un alt format, informa\u021biile v\u0103 vor fi furnizate \u00eentr-un format electronic utilizat \u00een mod curent;<br \/>\u2013 dreptul la rectificare \u2013 ave\u021bi dreptul de a ob\u021bine rectificarea datelor cu caracter personal inexacte, precum \u0219i dreptul de a ob\u021bine completarea datelor cu caracter personal care sunt incomplete; vom comunica fiec\u0103rui destinatar c\u0103ruia i-au fost divulgate datele cu caracter personal orice rectificare a acestora, cu excep\u021bia cazului \u00een care acest lucru se dovede\u0219te imposibil sau presupune eforturi dispropor\u021bionate \u0219i v\u0103 va informa cu privire la ace\u0219ti destinatari, dac\u0103 ve\u021bi solicita acest lucru;<br \/>\u2013 dreptul la \u0219tergerea datelor \u2013 ave\u021bi dreptul de a ob\u021bine \u0219tergerea datelor cu caracter personal care v\u0103 privesc, f\u0103r\u0103 \u00eent\u00e2rzieri nejustificate, avem obliga\u021bia de a \u0219terge datele respective, atunci c\u00e2nd: (i) datele cu caracter personal nu mai sunt necesare pentru \u00eendeplinirea scopurilor pentru care au fost colectate sau prelucrate; (ii) v\u0103 retrage\u021bi consim\u021b\u0103m\u00e2ntul pe baza c\u0103ruia are loc prelucrarea \u0219i nu exist\u0103 niciun alt temei juridic pentru prelucrare; (iii) v\u0103 opune\u021bi prelucr\u0103rii \u0219i nu exist\u0103 motive legitime care s\u0103 prevaleze \u00een ceea ce prive\u0219te prelucrarea; (iv) datele cu caracter personal au fost prelucrate ilegal; (v) datele cu caracter personal trebuie \u0219terse pentru respectarea unei obliga\u021bii legale ce revine \u00een temeiul dreptului Uniunii sau al legisla\u021biei rom\u00e2ne; vom comunica fiec\u0103rui destinatar c\u0103ruia i-au fost divulgate datele cu caracter personal orice \u0219tergere a acestora, cu excep\u021bia cazului \u00een care acest lucru se dovede\u0219te imposibil sau presupune eforturi dispropor\u021bionate \u0219i v\u0103 va informa cu privire la ace\u0219ti destinatari, dac\u0103 ve\u021bi solicita acest lucru;<\/p>\r\n<p>\u2013 dreptul la portabilitatea datelor \u2013 ave\u021bi dreptul de a primi datele Dvs. cu caracter personal, astfel cum acestea au fost furnizate c\u0103tre noi, \u00eentr-un format structurat, utilizat \u00een mod curent \u0219i care poate fi citit automat \u0219i de a transmite aceste date altui operator, \u00een anumite condi\u021bii; \u00een exercitarea acestui drept, ave\u021bi dreptul ca datele cu caracter personal s\u0103 fie transmise direct de la noi\u00a0 la alt operator atunci c\u00e2nd acest lucru este fezabil din punct de vedere tehnic;<br \/>\u2013 dreptul la opozi\u021bie \u2013 ave\u021bi dreptul de a v\u0103 opune, din motive legate de situa\u021bia particular\u0103 \u00een care v\u0103 afla\u021bi, \u00een orice moment, prelucr\u0103rii datelor Dvs. cu caracter personal, inclusiv cre\u0103rii de profiluri pe baza respectivelor dispozi\u021bii;<br \/>\u2013 dreptul de a nu face obiectul unei decizii bazate exclusiv pe prelucrarea automat\u0103, inclusiv crearea de profiluri;<br \/>\u2013 dreptul de a depune o pl\u00e2ngere \u00een fa\u021ba Autorit\u0103\u021bii Na\u021bionale de Supraveghere a Prelucr\u0103rii Datelor cu Caracter Personal;<br \/>\u2013 dreptul de a v\u0103 retrage consim\u021b\u0103m\u00e2ntul \u00een orice moment, f\u0103r\u0103 a afecta legalitatea prelucr\u0103rii datelor cu caracter personal efectuate pe baza consim\u021b\u0103m\u00e2ntului \u00eenainte de retragerea acestuia.<\/p>\r\n<p>&nbsp;<\/p>\r\n","protected":false},"excerpt":{"rendered":"<p>&#8230;<\/p>\n","protected":false},"author":1,"featured_media":0,"parent":0,"menu_order":0,"comment_status":"closed","ping_status":"closed","template":"","meta":{"footnotes":""},"class_list":["post-3","page","type-page","status-publish","hentry"],"_links":{"self":[{"href":"https:\/\/energystudio-agency.ro\/demo16\/wp-json\/wp\/v2\/pages\/3","targetHints":{"allow":["GET"]}}],"collection":[{"href":"https:\/\/energystudio-agency.ro\/demo16\/wp-json\/wp\/v2\/pages"}],"about":[{"href":"https:\/\/energystudio-agency.ro\/demo16\/wp-json\/wp\/v2\/types\/page"}],"author":[{"embeddable":true,"href":"https:\/\/energystudio-agency.ro\/demo16\/wp-json\/wp\/v2\/users\/1"}],"replies":[{"embeddable":true,"href":"https:\/\/energystudio-agency.ro\/demo16\/wp-json\/wp\/v2\/comments?post=3"}],"version-history":[{"count":2,"href":"https:\/\/energystudio-agency.ro\/demo16\/wp-json\/wp\/v2\/pages\/3\/revisions"}],"predecessor-version":[{"id":19,"href":"https:\/\/energystudio-agency.ro\/demo16\/wp-json\/wp\/v2\/pages\/3\/revisions\/19"}],"wp:attachment":[{"href":"https:\/\/energystudio-agency.ro\/demo16\/wp-json\/wp\/v2\/media?parent=3"}],"curies":[{"name":"wp","href":"https:\/\/api.w.org\/{rel}","templated":true}]}}