{"id":177,"date":"2023-01-14T05:13:42","date_gmt":"2023-01-14T05:13:42","guid":{"rendered":"https:\/\/energystudio-agency.ro\/demo16\/?post_type=product&#038;p=177"},"modified":"2023-01-14T05:15:44","modified_gmt":"2023-01-14T05:15:44","slug":"kit-gaming-tastatura-semi-mecanica-si-mouse-1000-dpi-iluminare-rgb-negru","status":"publish","type":"product","link":"https:\/\/energystudio-agency.ro\/demo16\/produs\/kit-gaming-tastatura-semi-mecanica-si-mouse-1000-dpi-iluminare-rgb-negru\/","title":{"rendered":"Kit Gaming, Tastatura Semi Mecanica si Mouse 1000 Dpi, Iluminare RGB, Negru"},"content":{"rendered":"<p style=\"text-align: center;\">Descriere produs Special conceput\u0103 pentru jocuri, aceast\u0103 tastatur\u0103 mecanic\u0103 dureaz\u0103 mult timp.<\/p>\n<p style=\"text-align: center;\">Set\u0103ri inteligente de joc Design rezistent la lichide Taste cu ac\u021biune rapid\u0103.<\/p>\n<p style=\"text-align: center;\">Datorit\u0103 designului s\u0103u mecanic, utilizatorii se bucur\u0103 de un r\u0103spuns tactil bun \u0219i de reac\u021bii rapide.<\/p>\n<p style=\"text-align: center;\">Tastatur\u0103: 104 taste<\/p>\n<p style=\"text-align: center;\">Conexiune<\/p>\n<p style=\"text-align: center;\">USB 2.0<\/p>\n<p style=\"text-align: center;\">1,50 m Lungime cablu<\/p>\n<p style=\"text-align: center;\">Iluminare in 3 culori<\/p>\n<p style=\"text-align: center;\">Plug &amp; Play<\/p>\n<p style=\"text-align: center;\">Mouse: Conexiune USB Senzor optic 2,0<\/p>\n<p style=\"text-align: center;\">Lungime cablu: 1,50<\/p>\n<p style=\"text-align: center;\">Compatibil cu Windows \u0219i Mac<\/p>\n<p style=\"text-align: center;\">Suporta Plug &amp; Play<\/p>\n<p style=\"text-align: center;\">Iluminare multicolor\u0103<\/p>\n","protected":false},"excerpt":{"rendered":"<p>&#8230;<\/p>\n","protected":false},"featured_media":278,"comment_status":"open","ping_status":"closed","template":"","meta":[],"etheme_brands":[],"product_cat":[15,16,18,19,21,20,17,22,23,24,25],"product_tag":[],"class_list":{"0":"post-177","1":"product","2":"type-product","3":"status-publish","4":"has-post-thumbnail","6":"product_cat-laptop-tablete-telefoane","7":"product_cat-pc-periferice-software","8":"product_cat-tv-audio-video-foto","9":"product_cat-electrocasnice-climatizare","10":"product_cat-ingrijire-personala-cosmetice","11":"product_cat-haine-si-incaltaminte","12":"product_cat-gaming-carti-birotica","13":"product_cat-casa-gradina-bricolaj","14":"product_cat-sport-activitati-in-aer-liber","15":"product_cat-auto-moto-piese","16":"product_cat-diverse","18":"first","19":"instock","20":"sale","21":"shipping-taxable","22":"purchasable","23":"product-type-simple"},"_links":{"self":[{"href":"https:\/\/energystudio-agency.ro\/demo16\/wp-json\/wp\/v2\/product\/177","targetHints":{"allow":["GET"]}}],"collection":[{"href":"https:\/\/energystudio-agency.ro\/demo16\/wp-json\/wp\/v2\/product"}],"about":[{"href":"https:\/\/energystudio-agency.ro\/demo16\/wp-json\/wp\/v2\/types\/product"}],"replies":[{"embeddable":true,"href":"https:\/\/energystudio-agency.ro\/demo16\/wp-json\/wp\/v2\/comments?post=177"}],"version-history":[{"count":0,"href":"https:\/\/energystudio-agency.ro\/demo16\/wp-json\/wp\/v2\/product\/177\/revisions"}],"wp:featuredmedia":[{"embeddable":true,"href":"https:\/\/energystudio-agency.ro\/demo16\/wp-json\/wp\/v2\/media\/278"}],"wp:attachment":[{"href":"https:\/\/energystudio-agency.ro\/demo16\/wp-json\/wp\/v2\/media?parent=177"}],"wp:term":[{"taxonomy":"brand","embeddable":true,"href":"https:\/\/energystudio-agency.ro\/demo16\/wp-json\/wp\/v2\/etheme_brands?post=177"},{"taxonomy":"product_cat","embeddable":true,"href":"https:\/\/energystudio-agency.ro\/demo16\/wp-json\/wp\/v2\/product_cat?post=177"},{"taxonomy":"product_tag","embeddable":true,"href":"https:\/\/energystudio-agency.ro\/demo16\/wp-json\/wp\/v2\/product_tag?post=177"}],"curies":[{"name":"wp","href":"https:\/\/api.w.org\/{rel}","templated":true}]}}