{"id":310,"date":"2022-12-13T20:57:51","date_gmt":"2022-12-13T20:57:51","guid":{"rendered":"https:\/\/energystudio-agency.ro\/demo16\/produs\/kit-tastatura-si-mouse-optic-gaming-1000-dpi-iluminare-rgb-2\/"},"modified":"2023-01-14T05:26:12","modified_gmt":"2023-01-14T05:26:12","slug":"kit-tastatura-si-mouse-optic-gaming-1000-dpi-iluminare-rgb-2","status":"publish","type":"product","link":"https:\/\/energystudio-agency.ro\/demo16\/produs\/kit-tastatura-si-mouse-optic-gaming-1000-dpi-iluminare-rgb-2\/","title":{"rendered":"Kit tastatura si mouse optic Gaming, 1000 dpi, Iluminare RGB"},"content":{"rendered":"<h2 dir=\"ltr\" data-placeholder=\"Translation\">Tastatura confortabila, cu conectare la computer prin cablu USB.<\/h2>\n<h2 dir=\"ltr\" data-placeholder=\"Translation\">Performan\u021ba ridicat\u0103 v\u0103 ofer\u0103 senza\u021bia de utilizare lin\u0103 \u0219i silen\u021bioas\u0103.<\/h2>\n<h2 dir=\"ltr\">Design confortabil<\/h2>\n<h2 dir=\"ltr\" data-placeholder=\"Translation\">General folosit pentru jocuri \u0219i uz de birou.<\/h2>\n<h2 dir=\"ltr\" data-placeholder=\"Translation\">Iluminare de fundal a tastaturii<\/h2>\n<h2 dir=\"ltr\">Taste plutitoare<\/h2>\n<h2 dir=\"ltr\">Usor de curatat<\/h2>\n<h2 dir=\"ltr\"><\/h2>\n<h2 dir=\"ltr\" data-placeholder=\"Translation\"><img decoding=\"async\" src=\"https:\/\/energystudio-agency.ro\/demo16\/wp-content\/uploads\/2023\/01\/rzqFjQp.jpg\" data-cke-saved-src=\"https:\/\/energystudio-agency.ro\/demo16\/wp-content\/uploads\/2023\/01\/rzqFjQp.jpg\" \/><br \/>\nCuloare: RGB Mouse Iluminare din spate Culoare: RGB Mouse<\/h2>\n<h2 dir=\"ltr\" data-placeholder=\"Translation\">Tip senzor: optic<\/h2>\n<h2 dir=\"ltr\" data-placeholder=\"Translation\">Rezolu\u021bie senzor mouse: 1000 dpi<\/h2>\n","protected":false},"excerpt":{"rendered":"<p>Kit mouse si tastatura Gaming<\/p>\n","protected":false},"featured_media":311,"comment_status":"open","ping_status":"open","template":"","meta":[],"etheme_brands":[],"product_cat":[16],"product_tag":[],"class_list":{"0":"post-310","1":"product","2":"type-product","3":"status-publish","4":"has-post-thumbnail","6":"product_cat-pc-periferice-software","8":"first","9":"instock","10":"sale","11":"shipping-taxable","12":"purchasable","13":"product-type-simple"},"_links":{"self":[{"href":"https:\/\/energystudio-agency.ro\/demo16\/wp-json\/wp\/v2\/product\/310","targetHints":{"allow":["GET"]}}],"collection":[{"href":"https:\/\/energystudio-agency.ro\/demo16\/wp-json\/wp\/v2\/product"}],"about":[{"href":"https:\/\/energystudio-agency.ro\/demo16\/wp-json\/wp\/v2\/types\/product"}],"replies":[{"embeddable":true,"href":"https:\/\/energystudio-agency.ro\/demo16\/wp-json\/wp\/v2\/comments?post=310"}],"version-history":[{"count":0,"href":"https:\/\/energystudio-agency.ro\/demo16\/wp-json\/wp\/v2\/product\/310\/revisions"}],"wp:featuredmedia":[{"embeddable":true,"href":"https:\/\/energystudio-agency.ro\/demo16\/wp-json\/wp\/v2\/media\/311"}],"wp:attachment":[{"href":"https:\/\/energystudio-agency.ro\/demo16\/wp-json\/wp\/v2\/media?parent=310"}],"wp:term":[{"taxonomy":"brand","embeddable":true,"href":"https:\/\/energystudio-agency.ro\/demo16\/wp-json\/wp\/v2\/etheme_brands?post=310"},{"taxonomy":"product_cat","embeddable":true,"href":"https:\/\/energystudio-agency.ro\/demo16\/wp-json\/wp\/v2\/product_cat?post=310"},{"taxonomy":"product_tag","embeddable":true,"href":"https:\/\/energystudio-agency.ro\/demo16\/wp-json\/wp\/v2\/product_tag?post=310"}],"curies":[{"name":"wp","href":"https:\/\/api.w.org\/{rel}","templated":true}]}}