{"id":68,"date":"2023-01-14T05:12:56","date_gmt":"2023-01-14T05:12:56","guid":{"rendered":"https:\/\/energystudio-agency.ro\/demo16\/?post_type=product&#038;p=68"},"modified":"2023-01-14T05:15:46","modified_gmt":"2023-01-14T05:15:46","slug":"oglinda-allview-inteligenta-m1","status":"publish","type":"product","link":"https:\/\/energystudio-agency.ro\/demo16\/produs\/oglinda-allview-inteligenta-m1\/","title":{"rendered":"Oglinda Allview inteligenta  M1"},"content":{"rendered":"<table border=\"0\" cellspacing=\"0\" cellpadding=\"0\">\n<tbody>\n<tr class=\"even\">\n<td valign=\"top\" width=\"116\"><strong>General<\/strong><\/td>\n<td valign=\"top\" width=\"176\">Limba<\/td>\n<td class=\"last\" valign=\"top\" width=\"327\">Rom\u00e2n\u0103, Englez\u0103, German\u0103, Polonez\u0103, Spaniol\u0103<\/td>\n<\/tr>\n<tr class=\"odd\">\n<td valign=\"top\" width=\"116\"><strong>Dimensiuni<\/strong><\/td>\n<td valign=\"top\" width=\"176\">Dimensiuni<\/td>\n<td class=\"last\" valign=\"top\" width=\"327\">800\u00d7600\u00d723mm<\/td>\n<\/tr>\n<tr class=\"even\">\n<td valign=\"top\" width=\"116\"><\/td>\n<td valign=\"top\" width=\"176\">Greutate<\/td>\n<td class=\"last\" valign=\"top\" width=\"327\">12Kg<\/td>\n<\/tr>\n<tr class=\"odd\">\n<td rowspan=\"4\" valign=\"top\" width=\"116\"><strong>Display<\/strong><\/td>\n<td valign=\"top\" width=\"176\">Tip<\/td>\n<td class=\"last\" valign=\"top\" width=\"327\">IPS<\/td>\n<\/tr>\n<tr class=\"even\">\n<td valign=\"top\" width=\"176\">Touchscreen<\/td>\n<td class=\"last\" valign=\"top\" width=\"327\">Touchscreen Capacitiv 10 puncte<\/td>\n<\/tr>\n<tr class=\"odd\">\n<td valign=\"top\" width=\"176\">Dimensiuni<\/td>\n<td class=\"last\" valign=\"top\" width=\"327\">23,6&#8243;<\/td>\n<\/tr>\n<tr class=\"even\">\n<td valign=\"top\" width=\"176\">Rezolu\u021bie<\/td>\n<td class=\"last\" valign=\"top\" width=\"327\">1920x1080px FHD<\/td>\n<\/tr>\n<tr class=\"odd\">\n<td rowspan=\"10\" valign=\"top\" width=\"116\">&nbsp;<\/p>\n<p><strong>Caracteristici<\/strong><\/td>\n<td valign=\"top\" width=\"176\">SO<\/td>\n<td class=\"last\" valign=\"top\" width=\"327\">Android TM 5.0 Lollipop<\/td>\n<\/tr>\n<tr class=\"even\">\n<td valign=\"top\" width=\"176\">CPU<\/td>\n<td class=\"last\" valign=\"top\" width=\"327\">Cortex\u00ae-A7 1,5GHz Quad-Core<\/td>\n<\/tr>\n<tr class=\"odd\">\n<td valign=\"top\" width=\"176\">GPU<\/td>\n<td class=\"last\" valign=\"top\" width=\"327\">Mali 450<\/td>\n<\/tr>\n<tr class=\"even\">\n<td valign=\"top\" width=\"176\">Memorie Flash<\/td>\n<td class=\"last\" valign=\"top\" width=\"327\">16GB<\/td>\n<\/tr>\n<tr class=\"odd\">\n<td valign=\"top\" width=\"176\">Memorie RAM<\/td>\n<td class=\"last\" valign=\"top\" width=\"327\">2GB<\/td>\n<\/tr>\n<tr class=\"even\">\n<td valign=\"top\" width=\"176\">Memorie extern\u0103<\/td>\n<td class=\"last\" valign=\"top\" width=\"327\">USB p\u00e2n\u0103 la 32GB (neinclus\u0103)<\/td>\n<\/tr>\n<tr class=\"odd\">\n<td valign=\"top\" width=\"176\">Widget<\/td>\n<td class=\"last\" valign=\"top\" width=\"327\">Da<\/td>\n<\/tr>\n<tr class=\"even\">\n<td valign=\"top\" width=\"176\">Multitasking<\/td>\n<td class=\"last\" valign=\"top\" width=\"327\">Da<\/td>\n<\/tr>\n<tr class=\"odd\">\n<td valign=\"top\" width=\"176\">Culoare<\/td>\n<td class=\"last\" valign=\"top\" width=\"327\">Negru\/capac spate metal<\/td>\n<\/tr>\n<tr class=\"even\">\n<td valign=\"top\" width=\"176\">IP standard<\/td>\n<td class=\"last\" valign=\"top\" width=\"327\">IP65<\/td>\n<\/tr>\n<tr class=\"odd\">\n<td valign=\"top\" width=\"116\"><strong>Sunet<\/strong><\/td>\n<td valign=\"top\" width=\"176\">Difuzor<\/td>\n<td class=\"last\" valign=\"top\" width=\"327\">Da, Stereo 2x3W<\/td>\n<\/tr>\n<tr class=\"even\">\n<td rowspan=\"2\" valign=\"top\" width=\"116\"><strong>Video<\/strong><\/td>\n<td valign=\"top\" width=\"176\">Redare<\/td>\n<td class=\"last\" valign=\"top\" width=\"327\">Formate video\u00a0\u00a0\u00a0 FullHD1080p<\/td>\n<\/tr>\n<tr class=\"odd\">\n<td valign=\"top\" width=\"176\">Redare flux<\/td>\n<td class=\"last\" valign=\"top\" width=\"327\">Full HD 1080p<\/td>\n<\/tr>\n<tr class=\"even\">\n<td rowspan=\"3\" valign=\"top\" width=\"116\">&nbsp;<\/p>\n<p>&nbsp;<\/p>\n<p>&nbsp;<\/p>\n<p><strong>Camera<\/strong><\/td>\n<td valign=\"top\" width=\"176\">Rezolutie camera<\/td>\n<td class=\"last\" valign=\"top\" width=\"327\">8MP<\/td>\n<\/tr>\n<tr class=\"odd\">\n<td valign=\"top\" width=\"176\">Face beauty<\/td>\n<td class=\"last\" valign=\"top\" width=\"327\">Da<\/td>\n<\/tr>\n<tr class=\"even\">\n<td valign=\"top\" width=\"176\">Inregistrare video<\/td>\n<td class=\"last\" valign=\"top\" width=\"327\">Da<\/td>\n<\/tr>\n<tr class=\"odd\">\n<td valign=\"top\" width=\"116\"><strong>Date<\/strong><\/td>\n<td valign=\"top\" width=\"176\">BT<\/td>\n<td class=\"last\" valign=\"top\" width=\"327\">V4.0<\/td>\n<\/tr>\n<tr class=\"even\">\n<td rowspan=\"3\" valign=\"top\" width=\"116\"><\/td>\n<td valign=\"top\" width=\"176\">WLAN<\/td>\n<td class=\"last\" valign=\"top\" width=\"327\">WiFi 802.11 b\/g\/n<\/td>\n<\/tr>\n<tr class=\"odd\">\n<td valign=\"top\" width=\"176\">WiFi Direct<\/td>\n<td class=\"last\" valign=\"top\" width=\"327\">Da<\/td>\n<\/tr>\n<tr class=\"even\">\n<td valign=\"top\" width=\"176\">USB<\/td>\n<td class=\"last\" valign=\"top\" width=\"327\">Da, USB tip A<\/td>\n<\/tr>\n<tr class=\"odd\">\n<td valign=\"top\" width=\"116\"><strong>Senzori<\/strong><\/td>\n<td valign=\"top\" width=\"176\">Proximitate<\/td>\n<td class=\"last\" valign=\"top\" width=\"327\">Da<\/td>\n<\/tr>\n<tr class=\"even\">\n<td valign=\"top\" width=\"116\"><strong>A<\/strong><strong>p<\/strong><strong>licatii<\/strong><\/td>\n<td class=\"last\" colspan=\"2\" valign=\"top\" width=\"503\">Siebo Home<\/td>\n<\/tr>\n<tr class=\"odd\">\n<td rowspan=\"3\" valign=\"top\" width=\"116\">&nbsp;<\/p>\n<p>&nbsp;<\/p>\n<p><strong>Consum curent<\/strong><\/td>\n<td valign=\"top\" width=\"176\">Alimentare curent<\/td>\n<td class=\"last\" valign=\"top\" width=\"327\">12V\/3A (\u00eenc\u0103rc\u0103tor)<\/td>\n<\/tr>\n<tr class=\"even\">\n<td valign=\"top\" width=\"176\">Consum maxim<\/td>\n<td class=\"last\" valign=\"top\" width=\"327\">40W<\/td>\n<\/tr>\n<tr class=\"odd\">\n<td valign=\"top\" width=\"176\">Consum \u00een standby<\/td>\n<td class=\"last\" valign=\"top\" width=\"327\">2W<\/td>\n<\/tr>\n<tr class=\"last even\">\n<td valign=\"top\" width=\"116\"><strong>Continut pachet<\/strong><\/td>\n<td class=\"last\" colspan=\"2\" valign=\"top\" width=\"503\">Oglind\u0103,<\/p>\n<p>Manual de utilizare,<\/p>\n<p>Alimentator<\/td>\n<\/tr>\n<\/tbody>\n<\/table>\n","protected":false},"excerpt":{"rendered":"<p><strong>Oglinda inteligenta<\/strong>, panoul de control al sistemului de automatizare<\/p>\n<p>&nbsp;<\/p>\n<p><strong>Smart Mirror\u00a0<\/strong><br \/>\nSmarthome Controller<br \/>\nMulti-account<br \/>\nHealth monitor<br \/>\nFace beauty<br \/>\nVideo call<br \/>\nMedia player &amp; Streaming<br \/>\nNews &amp; Internet browsing<br \/>\nApp Market<br \/>\nWi-Fi<br \/>\nBluetooth<br \/>\nMain Features:<br \/>\nSize: 40&#8243;, 600\u00d7800\u00d723mm<br \/>\nCPU: Quad-Core<br \/>\nOS: Android<br \/>\nWi-Fi<br \/>\nBluetooth<br \/>\nMemory: 16GB + 2GB<br \/>\nPower supply: 12V \/ 3A (adapter)<br \/>\nDisplay: 23.6&#8243;<br \/>\nSpeaker: 2 x 3W<\/p>\n","protected":false},"featured_media":154,"comment_status":"open","ping_status":"closed","template":"","meta":[],"etheme_brands":[],"product_cat":[15,16,18,19,21,20,17,22,23,24,25],"product_tag":[],"class_list":{"0":"post-68","1":"product","2":"type-product","3":"status-publish","4":"has-post-thumbnail","6":"product_cat-laptop-tablete-telefoane","7":"product_cat-pc-periferice-software","8":"product_cat-tv-audio-video-foto","9":"product_cat-electrocasnice-climatizare","10":"product_cat-ingrijire-personala-cosmetice","11":"product_cat-haine-si-incaltaminte","12":"product_cat-gaming-carti-birotica","13":"product_cat-casa-gradina-bricolaj","14":"product_cat-sport-activitati-in-aer-liber","15":"product_cat-auto-moto-piese","16":"product_cat-diverse","18":"first","19":"instock","20":"sale","21":"shipping-taxable","22":"purchasable","23":"product-type-simple"},"_links":{"self":[{"href":"https:\/\/energystudio-agency.ro\/demo16\/wp-json\/wp\/v2\/product\/68","targetHints":{"allow":["GET"]}}],"collection":[{"href":"https:\/\/energystudio-agency.ro\/demo16\/wp-json\/wp\/v2\/product"}],"about":[{"href":"https:\/\/energystudio-agency.ro\/demo16\/wp-json\/wp\/v2\/types\/product"}],"replies":[{"embeddable":true,"href":"https:\/\/energystudio-agency.ro\/demo16\/wp-json\/wp\/v2\/comments?post=68"}],"version-history":[{"count":0,"href":"https:\/\/energystudio-agency.ro\/demo16\/wp-json\/wp\/v2\/product\/68\/revisions"}],"wp:featuredmedia":[{"embeddable":true,"href":"https:\/\/energystudio-agency.ro\/demo16\/wp-json\/wp\/v2\/media\/154"}],"wp:attachment":[{"href":"https:\/\/energystudio-agency.ro\/demo16\/wp-json\/wp\/v2\/media?parent=68"}],"wp:term":[{"taxonomy":"brand","embeddable":true,"href":"https:\/\/energystudio-agency.ro\/demo16\/wp-json\/wp\/v2\/etheme_brands?post=68"},{"taxonomy":"product_cat","embeddable":true,"href":"https:\/\/energystudio-agency.ro\/demo16\/wp-json\/wp\/v2\/product_cat?post=68"},{"taxonomy":"product_tag","embeddable":true,"href":"https:\/\/energystudio-agency.ro\/demo16\/wp-json\/wp\/v2\/product_tag?post=68"}],"curies":[{"name":"wp","href":"https:\/\/api.w.org\/{rel}","templated":true}]}}